{"id":34,"date":"2015-03-18T15:22:23","date_gmt":"2015-03-18T15:22:23","guid":{"rendered":"http:\/\/belojardim.pe.leg.br\/portal\/?page_id=34"},"modified":"2025-02-08T06:38:27","modified_gmt":"2025-02-08T09:38:27","slug":"camara","status":"publish","type":"page","link":"https:\/\/belojardim.pe.leg.br\/portal\/camara\/","title":{"rendered":"Mesa Diretora"},"content":{"rendered":"<h3><strong>BI\u00caNIO 2025\/2026<\/strong><\/h3>\n<p><b>Jonas Chagas Torres<br \/>\n<\/b>Presidente<\/p>\n<p><b>Daniel da Silva Lopes<br \/>\n<\/b>1\u00ba Vice &#8211; Presidente<\/p>\n<p><b>Rui Nunes<br \/>\n<\/b>2\u00ba Vice &#8211; Presidente<\/p>\n<p><strong>Claudemir Paulino<\/strong><br \/>\n1\u00ba Secret\u00e1rio<\/p>\n<p><b>Nilton Senhorinho<br \/>\n<\/b>2\u00ba Secret\u00e1rio<\/p>\n<p><strong><em>Atribui\u00e7\u00f5es pelo Regimento Interno<br \/>\n<\/em><\/strong><\/p>\n<p><em>Mesa Diretora<br \/>\n<\/em><\/p>\n<p><em>Art. 204 &#8211; A Mesa Diretora \u00e9 o \u00f3rg\u00e3o diretor dos trabalhos da C\u00e2mara, sendo constitu\u00edda por um Presidente, um 1\u00ba Secret\u00e1rio e um 2\u00ba Secret\u00e1rio, cargos que dever\u00e3o ser exercidos por seus titulares na Comiss\u00e3o Executiva.<\/em><br \/>\n<em>Art. 205 &#8211; Na aus\u00eancia, falta ou impedimento do Presidente, ser\u00e3o chamados, sucessivamente, a ocupar a Presid\u00eancia da Mesa, os 1\u00ba e 2\u00ba Vice-Presidentes da Comiss\u00e3o Executiva e, na falta de um destes, os 1\u00ba e 2\u00ba Secret\u00e1rios, na mesma ordem.<\/em><br \/>\n<em>Art. 206 &#8211; A Mesa Diretora, no decurso dos trabalhos, s\u00f3 decidir\u00e1 por maioria de votos dos seus membros.<\/em><br \/>\n<em>Art. 207 &#8211; A Mesa Diretora s\u00f3 poder\u00e1 indeferir qualquer requerimento, verbal ou escrito, com fundamento em dispositivos regimentais.<\/em><br \/>\n<em>Art. 208 &#8211; Ausente, o 1\u00ba Secret\u00e1rio ser\u00e1 substitu\u00eddo pelo 2\u00ba Secret\u00e1rio, o qual assumir\u00e1 a 1a Secretaria, e na falta do 2\u00ba Secret\u00e1rio, ser\u00e1 convocado pelo Presidente um Vereador que assumir\u00e1 a 2a Secretaria.<\/em><br \/>\n<em>Art. 209 &#8211; Faltando os dois Secret\u00e1rios, o Presidenteconvocar\u00e1 dois Vereadores que n\u00e3o tenham cargo na Comiss\u00e3o Executiva para preencherem os lugares.<\/em><br \/>\n<em>Art. 210 &#8211; Estando no recinto do Plen\u00e1rio os titulares dos cargos de Presidente e Secret\u00e1rios da Comiss\u00e3o Executiva, s\u00e3o obrigados a ocupar os respectivos cargos, na Mesa.<\/em><br \/>\n<em>Art. 211 &#8211; Para apresentar proposi\u00e7\u00f5es ou participar dos debates, o Presidente deixar\u00e1 o cargo, reassumindo-o antes de iniciada qualquer vota\u00e7\u00e3o.<\/em><br \/>\n<em>Art. 212 &#8211; \u00c0 Mesa Diretora, afora as atribui\u00e7\u00f5es constantes do artigo 25 da Lei Org\u00e2nica do Munic\u00edpio, compete:<\/em><br \/>\n<em> I &#8211; dirigir os trabalhos do Plen\u00e1rio;<\/em><br \/>\n<em> II &#8211; promover o funcionamento da C\u00e2mara;<\/em><br \/>\n<em> III &#8211; fazer a presta\u00e7\u00e3o de contas anualmente, submetendo-a ao Tribunal de Contas do Estado, para ser julgada;<\/em><br \/>\n<em> IV &#8211; determinar a abertura de sindic\u00e2ncias e inqu\u00e9ritos administrativos;<\/em><br \/>\n<em> V &#8211; elaborar o regulamento dos servi\u00e7os administrativos da Casa e interpretar, em grau de recurso, os seus dispositivos;<\/em><br \/>\n<em> VI &#8211; permitir, ou n\u00e3o, a transmiss\u00e3o radiof\u00f4nica, filmagem ou televisionamento dos trabalhos da C\u00e2mara, com ou sem \u00f4nus para os cofres p\u00fablicos;<\/em><br \/>\n<em> VII &#8211; conceder aos servidores da C\u00e2mara, licen\u00e7a para tratamento de particular interesse, f\u00e9rias, licen\u00e7as-pr\u00eamios, licen\u00e7as para tratamento de sa\u00fade e licen\u00e7a gestante, suspens\u00e3o de contrato de trabalho e, \u00e0 funcion\u00e1ria casada, licen\u00e7a para acompanhar o marido, funcion\u00e1rio p\u00fablico, civil ou militar, que trabalhando neste Munic\u00edpio, seja transferido para outro;<\/em><br \/>\n<em> VIII &#8211; dar parecer \u00e0s proposi\u00e7\u00f5es que visem \u00e0 modifica\u00e7\u00e3o do Regimento Interno ou dos servi\u00e7os administrativos da Casa; e<\/em><br \/>\n<em> IX &#8211; orientar o servi\u00e7o de pol\u00edcia interna da Casa.<\/em><br \/>\n<em> Art. 213 &#8211; A presta\u00e7\u00e3o de Contas da Mesa Diretora ser\u00e1 apresentada, ao TCE anualmente, at\u00e9 31 de mar\u00e7o.<\/em><br \/>\n<em> Art. 214 &#8211; Os documentos constantes da presta\u00e7\u00e3o de contas ser\u00e3o autenticados pelos membros da Mesa Diretora e conter\u00e3o os elementos que assegurem a verifica\u00e7\u00e3o insofism\u00e1vel das exig\u00eancias legais pertinentes \u00e0 mat\u00e9ria.<\/em><br \/>\n<em> Art. 215 &#8211; A Mesa Diretora reunir-se-\u00e1, ordinariamente, as ter\u00e7as e quintas-feiras, sempre dia \u00fatil, em hor\u00e1rio determinado por seu Presidente, a fim de deliberar, por maioria de votos, sobre assuntos de sua compet\u00eancia, lavrando-se Ata dos trabalhos.<\/em><br \/>\n<em> Art. 216 &#8211; As decis\u00f5es da Mesa Diretora s\u00e3o consubstanciadas em projetos de resolu\u00e7\u00e3o, submetidas ao Plen\u00e1rio, ou em portarias assinadas por todos os seus membros.<\/em><\/p>\n<p><em>Presidente<\/em><\/p>\n<p><em>Art. 268 &#8211; O Presidente \u00e9 o representante da C\u00e2mara quando ela se pronuncia coletivamente, cabendo-lhe supervisionar os seus trabalhos e a sua ordem, tudo na conformidade deste Regimento.<\/em><br \/>\n<em>Art. 269 &#8211; S\u00e3o atribui\u00e7\u00f5es do Presidente, al\u00e9m das j\u00e1 mencionadas neste Regimento e no artigo 35 da Lei Org\u00e2nica Municipal, e das decorrentes da natureza de suas fun\u00e7\u00f5es e prerrogativas:<\/em><br \/>\n<em>I &#8211; abrir e encerrar as reuni\u00f5es \u00e0 hora regimental;<\/em><br \/>\n<em>II &#8211; fazer cumprir as Constitui\u00e7\u00f5es da Rep\u00fablica Federativa do Brasil, do Estado de Pernambuco, a Lei Org\u00e2nica do Munic\u00edpio e toda legisla\u00e7\u00e3o federal, estadual e municipal;<\/em><br \/>\n<em>III &#8211; manter a ordem nas reuni\u00f5es, empregando, para tanto, os meios necess\u00e1rios, requisitando, se for o caso, a for\u00e7a policial;<\/em><br \/>\n<em>IV &#8211; suspender a reuni\u00e3o ou encerr\u00e1-la, quando for manifesta a impossibilidade de manter a ordem;<\/em><br \/>\n<em>V &#8211; conceder, regimentalmente, a palavra aos Vereadores, e cass\u00e1-la, em caso de abuso;<\/em><br \/>\n<em>VI &#8211; assinar, em primeiro lugar, as Atas das reuni\u00f5es;<\/em><br \/>\n<em>VII &#8211; despachar o expediente nas reuni\u00f5es;<\/em><br \/>\n<em>VIII &#8211; submeter \u00e0 discuss\u00e3o e vota\u00e7\u00e3o as mat\u00e9rias constantes da Ordem do Dia;<\/em><br \/>\n<em>IX &#8211; fixar os pontos sobre os que devam incidir a discuss\u00e3o e vota\u00e7\u00e3o, bem como impor a ordem e advertir qualquer Vereador que cometa excesso;<\/em><br \/>\n<em>X &#8211; anunciar a Ordem do Dia e proclamar o resultado das vota\u00e7\u00f5es;<\/em><br \/>\n<em>XI &#8211; tomar o compromisso do Vereador e lhe dar posse;<\/em><br \/>\n<em>XII &#8211; designar os Vereadores que devem, regimentalmente, substituir na Mesa e nas Comiss\u00f5es os membros efetivos que estiverem ausentes;<\/em><br \/>\n<em>XIII &#8211; resolver as quest\u00f5es de ordem suscitadas nas reuni\u00f5es;<\/em><br \/>\n<em>XIV &#8211; supervisionar a Ordem do Dia para a reuni\u00e3o seguinte;<\/em><br \/>\n<em>XV &#8211; p\u00f4r a C\u00e2mara em atividade, evitando que os Vereadores, nas discuss\u00f5es, afastem-se da quest\u00e3o principal;<\/em><br \/>\n<em>XVI &#8211; convocar os Vereadores para participarem das reuni\u00f5es extraordin\u00e1rias;<\/em><br \/>\n<em>XVII &#8211; exercer o direito de voto, nos casos de empate nas vota\u00e7\u00f5es, ou quando for exigido o pronunciamento de dois ter\u00e7os dos membros da C\u00e2mara, bem como na elei\u00e7\u00e3o da Mesa Diretora para o 2\u00ba bi\u00eanio da Legislatura;<\/em><br \/>\n<em>XVIII &#8211; designar os membros das Comiss\u00f5es Permanentes, Especiais e de Representa\u00e7\u00e3o, e seus substitutos;<\/em><br \/>\n<em>XIX &#8211; n\u00e3o permitir a publica\u00e7\u00e3o de express\u00f5es e conceitos vedados pelo Regimento;<\/em><br \/>\n<em>XX &#8211; presidir as reuni\u00f5es da Mesa Diretora;<\/em><br \/>\n<em>XXI &#8211; convocar o suplente de Vereador, na forma estabelecida pela lei;<\/em><br \/>\n<em>XXII &#8211; substituir o Prefeito em todos os seus impedimentos e aus\u00eancias, quando tamb\u00e9m estiver impedido ou ausente o Vice-Prefeito do Munic\u00edpio, na forma da legisla\u00e7\u00e3o vigente;<\/em><br \/>\n<em>XXIII &#8211; promover e regular a publica\u00e7\u00e3o dos debates de todos os trabalhos e atos da C\u00e2mara, bem como das proposi\u00e7\u00f5es promulgadas; e<\/em><br \/>\n<em>XXIV &#8211; assinar a correspond\u00eancia oficial.<\/em><\/p>\n<p><em>Vice-Presidentes<\/em><\/p>\n<p><em>Art. 270 &#8211; Ao 1\u00ba Vice-Presidente, compete substituir o Presidente em suas faltas e impedimentos.<\/em><br \/>\n<em>Art. 271 &#8211; Ao 2\u00ba Vice-Presidente, compete substituir o 1\u00ba Vice-Presidente.<\/em><\/p>\n<p><em>Secret\u00e1rios<\/em><\/p>\n<p><em>Art. 272 &#8211; Ao 1\u00ba Secret\u00e1rio compete:<\/em><br \/>\n<em>I- fazer a chamada dos Vereadores nas reuni\u00f5es;<\/em><br \/>\n<em>II- fazer a leitura de todos os pap\u00e9is inclu\u00eddos no Expediente e na Ordem do Dia das reuni\u00f5es;<\/em><br \/>\n<em>III- fazer a verifica\u00e7\u00e3o de presen\u00e7a dos Vereadores, no in\u00edcio da Ordem do Dia, nas vota\u00e7\u00f5es nominais e nas verifica\u00e7\u00f5es de \u201cqu\u00f3rum\u201d;<\/em><br \/>\n<em>IV- receber a correspond\u00eancia dirigida \u00e0 C\u00e2mara;<\/em><br \/>\n<em>V- assinar, ap\u00f3s o Presidente, as Portarias, os Projetos de Resolu\u00e7\u00e3o e os Projetos de Decreto Legislativo;<\/em><br \/>\n<em>VI- fazer expedir a correspond\u00eancia oficial, assinando o que n\u00e3o seja da compet\u00eancia do Presidente;<\/em><br \/>\n<em>VII- levar ao conhecimento da Presid\u00eancia quaisquer assuntos, que nos recessos legislativos dependam de solu\u00e7\u00e3o de compet\u00eancia da Comiss\u00e3o de Representa\u00e7\u00e3o;<\/em><br \/>\n<em>VIII- redigir as Atas das reuni\u00f5es secretas e os termos de pris\u00e3o em flagrante; despachar o expediente nos recessos da C\u00e2mara; e<\/em><br \/>\n<em>IX- elaborar a lista de presen\u00e7a dos Vereadores nas reuni\u00f5es.<\/em><br \/>\n<em>Art. 273 &#8211; Ao 2\u00ba Secret\u00e1rio compete:<\/em><br \/>\n<em>I- proceder a leitura das Atas das reuni\u00f5es e dos termos de compromisso dos Vereadores;<\/em><br \/>\n<em>II- auxiliar o 1\u00ba Secret\u00e1rio nas verifica\u00e7\u00f5es de presen\u00e7a e nas vota\u00e7\u00f5es nominais;<\/em><br \/>\n<em>III- assinar, ap\u00f3s o 1\u00ba Secret\u00e1rio, as Atas das reuni\u00f5es e os Projetos de Resolu\u00e7\u00e3o e de Decretos Legislativos;<\/em><br \/>\n<em>IV- ter sob sua responsabilidade a confec\u00e7\u00e3o das Atas e dos Anais; e<\/em><br \/>\n<em>V- substituir o 1\u00ba Secret\u00e1rio em suas faltas e impedimentos.<\/em><\/p>\n","protected":false},"excerpt":{"rendered":"<p>BI\u00caNIO 2025\/2026 Jonas Chagas Torres Presidente Daniel da Silva Lopes 1\u00ba Vice &#8211; Presidente Rui Nunes 2\u00ba Vice &#8211; Presidente Claudemir Paulino 1\u00ba Secret\u00e1rio Nilton&#8230;<\/p>\n","protected":false},"author":1,"featured_media":0,"parent":0,"menu_order":0,"comment_status":"open","ping_status":"open","template":"","meta":{"footnotes":""},"class_list":["post-34","page","type-page","status-publish","hentry"],"yoast_head":"<!-- This site is optimized with the Yoast SEO plugin v25.1 - https:\/\/yoast.com\/wordpress\/plugins\/seo\/ -->\n<title>Mesa Diretora - C\u00e2mara Municipal de Belo Jardim<\/title>\n<meta name=\"robots\" content=\"index, follow, max-snippet:-1, max-image-preview:large, max-video-preview:-1\" \/>\n<link rel=\"canonical\" href=\"https:\/\/belojardim.pe.leg.br\/portal\/camara\/\" \/>\n<meta property=\"og:locale\" content=\"pt_BR\" \/>\n<meta property=\"og:type\" content=\"article\" \/>\n<meta property=\"og:title\" content=\"Mesa Diretora - C\u00e2mara Municipal de Belo Jardim\" \/>\n<meta property=\"og:description\" content=\"BI\u00caNIO 2025\/2026 Jonas Chagas Torres Presidente Daniel da Silva Lopes 1\u00ba Vice &#8211; Presidente Rui Nunes 2\u00ba Vice &#8211; Presidente Claudemir Paulino 1\u00ba Secret\u00e1rio Nilton...\" \/>\n<meta property=\"og:url\" content=\"https:\/\/belojardim.pe.leg.br\/portal\/camara\/\" \/>\n<meta property=\"og:site_name\" content=\"C\u00e2mara Municipal de Belo Jardim\" \/>\n<meta property=\"article:modified_time\" content=\"2025-02-08T09:38:27+00:00\" \/>\n<meta name=\"twitter:card\" content=\"summary_large_image\" \/>\n<meta name=\"twitter:label1\" content=\"Est. tempo de leitura\" \/>\n\t<meta name=\"twitter:data1\" content=\"7 minutos\" \/>\n<script type=\"application\/ld+json\" class=\"yoast-schema-graph\">{\"@context\":\"https:\/\/schema.org\",\"@graph\":[{\"@type\":\"WebPage\",\"@id\":\"https:\/\/belojardim.pe.leg.br\/portal\/camara\/\",\"url\":\"https:\/\/belojardim.pe.leg.br\/portal\/camara\/\",\"name\":\"Mesa Diretora - C\u00e2mara Municipal de Belo Jardim\",\"isPartOf\":{\"@id\":\"https:\/\/belojardim.pe.leg.br\/portal\/#website\"},\"datePublished\":\"2015-03-18T15:22:23+00:00\",\"dateModified\":\"2025-02-08T09:38:27+00:00\",\"breadcrumb\":{\"@id\":\"https:\/\/belojardim.pe.leg.br\/portal\/camara\/#breadcrumb\"},\"inLanguage\":\"pt-BR\",\"potentialAction\":[{\"@type\":\"ReadAction\",\"target\":[\"https:\/\/belojardim.pe.leg.br\/portal\/camara\/\"]}]},{\"@type\":\"BreadcrumbList\",\"@id\":\"https:\/\/belojardim.pe.leg.br\/portal\/camara\/#breadcrumb\",\"itemListElement\":[{\"@type\":\"ListItem\",\"position\":1,\"name\":\"In\u00edcio\",\"item\":\"https:\/\/belojardim.pe.leg.br\/portal\/\"},{\"@type\":\"ListItem\",\"position\":2,\"name\":\"Mesa Diretora\"}]},{\"@type\":\"WebSite\",\"@id\":\"https:\/\/belojardim.pe.leg.br\/portal\/#website\",\"url\":\"https:\/\/belojardim.pe.leg.br\/portal\/\",\"name\":\"C\u00e2mara Municipal de Belo Jardim\",\"description\":\"Casa Cust\u00f3dio Ferreira Mergulh\u00e3o\",\"publisher\":{\"@id\":\"https:\/\/belojardim.pe.leg.br\/portal\/#organization\"},\"potentialAction\":[{\"@type\":\"SearchAction\",\"target\":{\"@type\":\"EntryPoint\",\"urlTemplate\":\"https:\/\/belojardim.pe.leg.br\/portal\/?s={search_term_string}\"},\"query-input\":{\"@type\":\"PropertyValueSpecification\",\"valueRequired\":true,\"valueName\":\"search_term_string\"}}],\"inLanguage\":\"pt-BR\"},{\"@type\":\"Organization\",\"@id\":\"https:\/\/belojardim.pe.leg.br\/portal\/#organization\",\"name\":\"C\u00e2mara Municipal de Belo Jardim\",\"url\":\"https:\/\/belojardim.pe.leg.br\/portal\/\",\"logo\":{\"@type\":\"ImageObject\",\"inLanguage\":\"pt-BR\",\"@id\":\"https:\/\/belojardim.pe.leg.br\/portal\/#\/schema\/logo\/image\/\",\"url\":\"https:\/\/belojardim.pe.leg.br\/portal\/wp-content\/uploads\/2025\/02\/brasao_novo_camara.png\",\"contentUrl\":\"https:\/\/belojardim.pe.leg.br\/portal\/wp-content\/uploads\/2025\/02\/brasao_novo_camara.png\",\"width\":7239,\"height\":1735,\"caption\":\"C\u00e2mara Municipal de Belo Jardim\"},\"image\":{\"@id\":\"https:\/\/belojardim.pe.leg.br\/portal\/#\/schema\/logo\/image\/\"}}]}<\/script>\n<!-- \/ Yoast SEO plugin. -->","yoast_head_json":{"title":"Mesa Diretora - C\u00e2mara Municipal de Belo Jardim","robots":{"index":"index","follow":"follow","max-snippet":"max-snippet:-1","max-image-preview":"max-image-preview:large","max-video-preview":"max-video-preview:-1"},"canonical":"https:\/\/belojardim.pe.leg.br\/portal\/camara\/","og_locale":"pt_BR","og_type":"article","og_title":"Mesa Diretora - C\u00e2mara Municipal de Belo Jardim","og_description":"BI\u00caNIO 2025\/2026 Jonas Chagas Torres Presidente Daniel da Silva Lopes 1\u00ba Vice &#8211; Presidente Rui Nunes 2\u00ba Vice &#8211; Presidente Claudemir Paulino 1\u00ba Secret\u00e1rio Nilton...","og_url":"https:\/\/belojardim.pe.leg.br\/portal\/camara\/","og_site_name":"C\u00e2mara Municipal de Belo Jardim","article_modified_time":"2025-02-08T09:38:27+00:00","twitter_card":"summary_large_image","twitter_misc":{"Est. tempo de leitura":"7 minutos"},"schema":{"@context":"https:\/\/schema.org","@graph":[{"@type":"WebPage","@id":"https:\/\/belojardim.pe.leg.br\/portal\/camara\/","url":"https:\/\/belojardim.pe.leg.br\/portal\/camara\/","name":"Mesa Diretora - C\u00e2mara Municipal de Belo Jardim","isPartOf":{"@id":"https:\/\/belojardim.pe.leg.br\/portal\/#website"},"datePublished":"2015-03-18T15:22:23+00:00","dateModified":"2025-02-08T09:38:27+00:00","breadcrumb":{"@id":"https:\/\/belojardim.pe.leg.br\/portal\/camara\/#breadcrumb"},"inLanguage":"pt-BR","potentialAction":[{"@type":"ReadAction","target":["https:\/\/belojardim.pe.leg.br\/portal\/camara\/"]}]},{"@type":"BreadcrumbList","@id":"https:\/\/belojardim.pe.leg.br\/portal\/camara\/#breadcrumb","itemListElement":[{"@type":"ListItem","position":1,"name":"In\u00edcio","item":"https:\/\/belojardim.pe.leg.br\/portal\/"},{"@type":"ListItem","position":2,"name":"Mesa Diretora"}]},{"@type":"WebSite","@id":"https:\/\/belojardim.pe.leg.br\/portal\/#website","url":"https:\/\/belojardim.pe.leg.br\/portal\/","name":"C\u00e2mara Municipal de Belo Jardim","description":"Casa Cust\u00f3dio Ferreira Mergulh\u00e3o","publisher":{"@id":"https:\/\/belojardim.pe.leg.br\/portal\/#organization"},"potentialAction":[{"@type":"SearchAction","target":{"@type":"EntryPoint","urlTemplate":"https:\/\/belojardim.pe.leg.br\/portal\/?s={search_term_string}"},"query-input":{"@type":"PropertyValueSpecification","valueRequired":true,"valueName":"search_term_string"}}],"inLanguage":"pt-BR"},{"@type":"Organization","@id":"https:\/\/belojardim.pe.leg.br\/portal\/#organization","name":"C\u00e2mara Municipal de Belo Jardim","url":"https:\/\/belojardim.pe.leg.br\/portal\/","logo":{"@type":"ImageObject","inLanguage":"pt-BR","@id":"https:\/\/belojardim.pe.leg.br\/portal\/#\/schema\/logo\/image\/","url":"https:\/\/belojardim.pe.leg.br\/portal\/wp-content\/uploads\/2025\/02\/brasao_novo_camara.png","contentUrl":"https:\/\/belojardim.pe.leg.br\/portal\/wp-content\/uploads\/2025\/02\/brasao_novo_camara.png","width":7239,"height":1735,"caption":"C\u00e2mara Municipal de Belo Jardim"},"image":{"@id":"https:\/\/belojardim.pe.leg.br\/portal\/#\/schema\/logo\/image\/"}}]}},"_links":{"self":[{"href":"https:\/\/belojardim.pe.leg.br\/portal\/wp-json\/wp\/v2\/pages\/34","targetHints":{"allow":["GET"]}}],"collection":[{"href":"https:\/\/belojardim.pe.leg.br\/portal\/wp-json\/wp\/v2\/pages"}],"about":[{"href":"https:\/\/belojardim.pe.leg.br\/portal\/wp-json\/wp\/v2\/types\/page"}],"author":[{"embeddable":true,"href":"https:\/\/belojardim.pe.leg.br\/portal\/wp-json\/wp\/v2\/users\/1"}],"replies":[{"embeddable":true,"href":"https:\/\/belojardim.pe.leg.br\/portal\/wp-json\/wp\/v2\/comments?post=34"}],"version-history":[{"count":16,"href":"https:\/\/belojardim.pe.leg.br\/portal\/wp-json\/wp\/v2\/pages\/34\/revisions"}],"predecessor-version":[{"id":14845,"href":"https:\/\/belojardim.pe.leg.br\/portal\/wp-json\/wp\/v2\/pages\/34\/revisions\/14845"}],"wp:attachment":[{"href":"https:\/\/belojardim.pe.leg.br\/portal\/wp-json\/wp\/v2\/media?parent=34"}],"curies":[{"name":"wp","href":"https:\/\/api.w.org\/{rel}","templated":true}]}}