{"id":29,"date":"2015-03-18T15:11:44","date_gmt":"2015-03-18T15:11:44","guid":{"rendered":"http:\/\/belojardim.pe.leg.br\/portal\/?page_id=29"},"modified":"2017-04-08T17:49:18","modified_gmt":"2017-04-08T20:49:18","slug":"municipio","status":"publish","type":"page","link":"https:\/\/belojardim.pe.leg.br\/portal\/municipio\/","title":{"rendered":"Munic\u00edpio"},"content":{"rendered":"<p>Hist\u00f3ria<\/p>\n<p><a href=\"https:\/\/belojardim.pe.leg.br\/portal\/wp-content\/uploads\/2015\/03\/Belo_Jardim_Pernambuco.jpg\"><img loading=\"lazy\" decoding=\"async\" class=\"alignnone size-full wp-image-30\" src=\"https:\/\/belojardim.pe.leg.br\/portal\/wp-content\/uploads\/2015\/03\/Belo_Jardim_Pernambuco.jpg\" alt=\"Belo_Jardim_Pernambuco\" height=\"313\" width=\"1022\" srcset=\"https:\/\/belojardim.pe.leg.br\/portal\/wp-content\/uploads\/2015\/03\/Belo_Jardim_Pernambuco.jpg 1022w, https:\/\/belojardim.pe.leg.br\/portal\/wp-content\/uploads\/2015\/03\/Belo_Jardim_Pernambuco-300x92.jpg 300w\" sizes=\"auto, (max-width: 1022px) 100vw, 1022px\" \/><\/a>A Fazenda Lagoa do Capim, onde se originou a atual cidade de Belo Jardim, em 1833 j\u00e1 fazia parte do Distrito de Paz de Jurema, pertencente a nova comarca do Brejo da Madre de Deus. Aos poucos, a fazenda de propriedade de Joaquim Cordeiro Wanderlei foi abrigando novos moradores como Coronel Ant\u00f4nio Marinho, um dos grandes fazendeiros da \u00e9poca o qual seu pr\u00f3prio nome foi dado a avenida principal do bairro hoje chamado de Boa Vista, evoluindo rapidamente para um n\u00facleo populoso que manteve o nome de Lagoa Capim.<\/p>\n<p>No povoado foi erguida uma pequena casa de ora\u00e7\u00f5es onde, aos domingos, o p\u00e1roco de Brejo da Madre Deus celebrava missas. Entre 1872 e 1873, os moradores do povoado Capim constru\u00edram uma capela sob a invoca\u00e7\u00e3o de Nossa Senhora do Bom Conselho. Anos depois outra igreja foi erguida, esta em homenagem a Nossa Senhora da Concei\u00e7\u00e3o, que mais tarde seria a igreja-matriz do Munic\u00edpio.<\/p>\n<p>Esse nome foi mudado para Belo Jardim em 1881, por sugest\u00e3o de Frei Cassiano de Comacchio, quando pregava as missas naquela localidade. Progredindo a passos largos, foi elevada a categoria de vila atrav\u00e9s da lei estadual Nr. 260, de 3 de julho de 1897. O progresso de Belo jardim intensificou-se mais ainda a partir de sua nova situa\u00e7\u00e3o administrativa e, especialmente, por encontrar-se no eixo da grande via de comunica\u00e7\u00e3o representada pela Estrada de Ferro Central de Pernambuco, cujos trilhos chegariam a sua \u00e1rea urbana em 1906, trazendo uma nova era para a localidade beneficiada, e ostracismo para os que ficaram ao largo. Foi fundado em 11 de setembro de 1928.<\/p>\n<p>Geografia<\/p>\n<p>Localiza-se a uma latitude 08\u00ba20&#8217;08&#8221; sul e a uma longitude 36\u00ba25&#8217;27&#8221; oeste, estando a uma altitude de 608 metros.<br \/>\nPosui uma \u00e1rea de 647,696 km\u00b2<br \/>\nSua popula\u00e7\u00e3o recenseada em 2013 era de 74.902 habitantes.<br \/>\nDensidade demogr\u00e1fica de 115,64 hab.\/km\u00b2<\/p>\n<p>Limites<\/p>\n<p>Norte: Jata\u00faba e Brejo da Madre de Deus<br \/>\nSul: S\u00e3o Bento do Una<br \/>\nOeste: Sanhar\u00f3 e Pesqueira<br \/>\nLeste: Tacaimb\u00f3<br \/>\nHidrografia<\/p>\n<p>O munic\u00edpio est\u00e1 inserido nos dom\u00ednios das bacias hidrogr\u00e1ficas do rio Ipojuca e do rio Capibaribe. Seus principais tribut\u00e1rios s\u00e3o os riachos do Mimoso, Fund\u00e3o, Imb\u00e9, do Minador, Chor\u00e3o, da Aldeia Velha, Taboquinha, Liberal, Vieira, do Jenipapo, do Po\u00e7o, Santana, do Veado Podre, do Peixoto, Tabocas, do Souza e do Juc\u00e1. O munic\u00edpio conta com os a\u00e7udes Belo Jardim (30.000.000 m\u00b3), Eng. Severino Guerra (17.776.470 m\u00b3) e Tabocas (1.167.924 m\u00b3).<\/p>\n<p>Clima<\/p>\n<p>Tipo de Clima: Semi\u00e1rido<br \/>\nPrecipita\u00e7\u00e3o pluviom\u00e9trica: 890,2mm<br \/>\nTemperatura m\u00e9dia anual: 23,0\u00b0C<br \/>\nMeses chuvosos: mar\u00e7o a julho.<br \/>\nRelevo<\/p>\n<p>Belo Jardim insere-se na unidade geoambiental do Planalto da Borborema. A vegeta\u00e7\u00e3o nativa \u00e9 formada por Florestas Subcaducif\u00f3lica e Caducif\u00f3lica, t\u00edpica do agreste.4<\/p>\n<p>Vegeta\u00e7\u00e3o<\/p>\n<p>A vegeta\u00e7\u00e3o \u00e9 composta por caatinga hiperxer\u00f3fila e floresta subcaducif\u00f3lia.<\/p>\n<p>Economia<\/p>\n<p>Tem como principais atividades a agroind\u00fastria com maior potencialidade de desenvolvimento para produtos aliment\u00edcios e avicultura.<\/p>\n<p>Principais produtos: Feij\u00e3o, milho, batata-doce, banana, caf\u00e9, mandioca, tomate, alho, cana-de-a\u00e7\u00facar e goiabada.<\/p>\n<p>Comporta tamb\u00e9m a matriz de uma importante ind\u00fastria do segmento automotivo voltada \u00e0 produ\u00e7\u00e3o de acumuladores de chumbo-\u00e1cido, a Acumuladores Moura S.A. (Baterias Moura).<\/p>\n<p>Bairros<\/p>\n<p>Barragem<br \/>\nBoa Vista<br \/>\nBela Vista<br \/>\nBom Conselho<br \/>\nCentro<br \/>\nCohab I<br \/>\nCohab II<br \/>\nCohab III<br \/>\nDistrito Industrial I<br \/>\nDistrito Industrial II<br \/>\nFloresta<br \/>\nFrei Dami\u00e3o<br \/>\nJo\u00e3o Paulo I<br \/>\nJo\u00e3o Paulo II<br \/>\nLoteamento Maria Cristina<br \/>\nLoteamento Tereza Mendon\u00e7a<br \/>\nPonte Nova<br \/>\nPontilh\u00e3o<br \/>\nSanto Antonio<br \/>\nS\u00e3o Pedro<br \/>\nTambor<br \/>\nTancredo Neves<br \/>\nViana Moura<br \/>\nPar\u00f3quias<\/p>\n<p>Nossa Senhora da Concei\u00e7\u00e3o<br \/>\nS\u00e3o Pedro<br \/>\nS\u00e3o Bartolomeu<br \/>\nNossa Senhora da Sa\u00fade<br \/>\nNossa Senhora do Bom Conselho<\/p>\n<p>Hino<\/p>\n<p>Letra: Jo\u00e3o Monteiro de Melo<br \/>\nM\u00fasica: Jo\u00e3o Francisco dos Santos<br \/>\nNo mapa de pernambuco<br \/>\nDe gra\u00e7a e esplendor sem fim<br \/>\nEm espl\u00eaendido relevo<br \/>\nFigura Belo Jardim<\/p>\n<p>Coro<\/p>\n<p>Belo Jardim<br \/>\nTerra querida<br \/>\nS\u00e3o teus os nossos cora\u00e7\u00f5es<br \/>\nE a nossa vida<\/p>\n<p>S\u00f3 n\u00e3o ama a sua terra<br \/>\nQuem \u00e9 perverso ou ruim<br \/>\nTodos os nossos cora\u00e7\u00f5es<br \/>\nPertencem a Belo Jardim<\/p>\n<p>Belo Jardim produz tudo<br \/>\nMilho,Caf\u00e9 a algod\u00e3o<br \/>\nCria gado e tem rebanhos<br \/>\nD\u00e1 riqueza e d\u00e1 o p\u00e3o<\/p>\n<p>Nossa Terra \u00e9 bonita<br \/>\nDesde o sol ao firmamento<br \/>\nUma j\u00f3ia,Xucuru<br \/>\nUm mimo,Serra do Vento<\/p>\n<p>Aben\u00e7oados os teus campos<br \/>\nTeu viver e teu labor<br \/>\nPovo calmo e Pac\u00edfico<br \/>\nHonesto e Trabalhador<\/p>\n","protected":false},"excerpt":{"rendered":"<p>Hist\u00f3ria A Fazenda Lagoa do Capim, onde se originou a atual cidade de Belo Jardim, em 1833 j\u00e1 fazia parte do Distrito de Paz de&#8230;<\/p>\n","protected":false},"author":1,"featured_media":0,"parent":0,"menu_order":0,"comment_status":"open","ping_status":"open","template":"","meta":{"footnotes":""},"class_list":["post-29","page","type-page","status-publish","hentry"],"yoast_head":"<!-- This site is optimized with the Yoast SEO plugin v25.1 - https:\/\/yoast.com\/wordpress\/plugins\/seo\/ -->\n<title>Munic\u00edpio - C\u00e2mara Municipal de Belo Jardim<\/title>\n<meta name=\"robots\" content=\"index, follow, max-snippet:-1, max-image-preview:large, max-video-preview:-1\" \/>\n<link rel=\"canonical\" href=\"https:\/\/belojardim.pe.leg.br\/portal\/municipio\/\" \/>\n<meta property=\"og:locale\" content=\"pt_BR\" \/>\n<meta property=\"og:type\" content=\"article\" \/>\n<meta property=\"og:title\" content=\"Munic\u00edpio - C\u00e2mara Municipal de Belo Jardim\" \/>\n<meta property=\"og:description\" content=\"Hist\u00f3ria A Fazenda Lagoa do Capim, onde se originou a atual cidade de Belo Jardim, em 1833 j\u00e1 fazia parte do Distrito de Paz de...\" \/>\n<meta property=\"og:url\" content=\"https:\/\/belojardim.pe.leg.br\/portal\/municipio\/\" \/>\n<meta property=\"og:site_name\" content=\"C\u00e2mara Municipal de Belo Jardim\" \/>\n<meta property=\"article:modified_time\" content=\"2017-04-08T20:49:18+00:00\" \/>\n<meta property=\"og:image\" content=\"http:\/\/belojardim.pe.leg.br\/portal\/wp-content\/uploads\/2015\/03\/Belo_Jardim_Pernambuco.jpg\" \/>\n<meta name=\"twitter:card\" content=\"summary_large_image\" \/>\n<meta name=\"twitter:label1\" content=\"Est. tempo de leitura\" \/>\n\t<meta name=\"twitter:data1\" content=\"4 minutos\" \/>\n<script type=\"application\/ld+json\" class=\"yoast-schema-graph\">{\"@context\":\"https:\/\/schema.org\",\"@graph\":[{\"@type\":\"WebPage\",\"@id\":\"https:\/\/belojardim.pe.leg.br\/portal\/municipio\/\",\"url\":\"https:\/\/belojardim.pe.leg.br\/portal\/municipio\/\",\"name\":\"Munic\u00edpio - C\u00e2mara Municipal de Belo Jardim\",\"isPartOf\":{\"@id\":\"https:\/\/belojardim.pe.leg.br\/portal\/#website\"},\"primaryImageOfPage\":{\"@id\":\"https:\/\/belojardim.pe.leg.br\/portal\/municipio\/#primaryimage\"},\"image\":{\"@id\":\"https:\/\/belojardim.pe.leg.br\/portal\/municipio\/#primaryimage\"},\"thumbnailUrl\":\"http:\/\/belojardim.pe.leg.br\/portal\/wp-content\/uploads\/2015\/03\/Belo_Jardim_Pernambuco.jpg\",\"datePublished\":\"2015-03-18T15:11:44+00:00\",\"dateModified\":\"2017-04-08T20:49:18+00:00\",\"breadcrumb\":{\"@id\":\"https:\/\/belojardim.pe.leg.br\/portal\/municipio\/#breadcrumb\"},\"inLanguage\":\"pt-BR\",\"potentialAction\":[{\"@type\":\"ReadAction\",\"target\":[\"https:\/\/belojardim.pe.leg.br\/portal\/municipio\/\"]}]},{\"@type\":\"ImageObject\",\"inLanguage\":\"pt-BR\",\"@id\":\"https:\/\/belojardim.pe.leg.br\/portal\/municipio\/#primaryimage\",\"url\":\"http:\/\/belojardim.pe.leg.br\/portal\/wp-content\/uploads\/2015\/03\/Belo_Jardim_Pernambuco.jpg\",\"contentUrl\":\"http:\/\/belojardim.pe.leg.br\/portal\/wp-content\/uploads\/2015\/03\/Belo_Jardim_Pernambuco.jpg\"},{\"@type\":\"BreadcrumbList\",\"@id\":\"https:\/\/belojardim.pe.leg.br\/portal\/municipio\/#breadcrumb\",\"itemListElement\":[{\"@type\":\"ListItem\",\"position\":1,\"name\":\"In\u00edcio\",\"item\":\"https:\/\/belojardim.pe.leg.br\/portal\/\"},{\"@type\":\"ListItem\",\"position\":2,\"name\":\"Munic\u00edpio\"}]},{\"@type\":\"WebSite\",\"@id\":\"https:\/\/belojardim.pe.leg.br\/portal\/#website\",\"url\":\"https:\/\/belojardim.pe.leg.br\/portal\/\",\"name\":\"C\u00e2mara Municipal de Belo Jardim\",\"description\":\"Casa Cust\u00f3dio Ferreira Mergulh\u00e3o\",\"publisher\":{\"@id\":\"https:\/\/belojardim.pe.leg.br\/portal\/#organization\"},\"potentialAction\":[{\"@type\":\"SearchAction\",\"target\":{\"@type\":\"EntryPoint\",\"urlTemplate\":\"https:\/\/belojardim.pe.leg.br\/portal\/?s={search_term_string}\"},\"query-input\":{\"@type\":\"PropertyValueSpecification\",\"valueRequired\":true,\"valueName\":\"search_term_string\"}}],\"inLanguage\":\"pt-BR\"},{\"@type\":\"Organization\",\"@id\":\"https:\/\/belojardim.pe.leg.br\/portal\/#organization\",\"name\":\"C\u00e2mara Municipal de Belo Jardim\",\"url\":\"https:\/\/belojardim.pe.leg.br\/portal\/\",\"logo\":{\"@type\":\"ImageObject\",\"inLanguage\":\"pt-BR\",\"@id\":\"https:\/\/belojardim.pe.leg.br\/portal\/#\/schema\/logo\/image\/\",\"url\":\"https:\/\/belojardim.pe.leg.br\/portal\/wp-content\/uploads\/2025\/02\/brasao_novo_camara.png\",\"contentUrl\":\"https:\/\/belojardim.pe.leg.br\/portal\/wp-content\/uploads\/2025\/02\/brasao_novo_camara.png\",\"width\":7239,\"height\":1735,\"caption\":\"C\u00e2mara Municipal de Belo Jardim\"},\"image\":{\"@id\":\"https:\/\/belojardim.pe.leg.br\/portal\/#\/schema\/logo\/image\/\"}}]}<\/script>\n<!-- \/ Yoast SEO plugin. -->","yoast_head_json":{"title":"Munic\u00edpio - C\u00e2mara Municipal de Belo Jardim","robots":{"index":"index","follow":"follow","max-snippet":"max-snippet:-1","max-image-preview":"max-image-preview:large","max-video-preview":"max-video-preview:-1"},"canonical":"https:\/\/belojardim.pe.leg.br\/portal\/municipio\/","og_locale":"pt_BR","og_type":"article","og_title":"Munic\u00edpio - C\u00e2mara Municipal de Belo Jardim","og_description":"Hist\u00f3ria A Fazenda Lagoa do Capim, onde se originou a atual cidade de Belo Jardim, em 1833 j\u00e1 fazia parte do Distrito de Paz de...","og_url":"https:\/\/belojardim.pe.leg.br\/portal\/municipio\/","og_site_name":"C\u00e2mara Municipal de Belo Jardim","article_modified_time":"2017-04-08T20:49:18+00:00","og_image":[{"url":"http:\/\/belojardim.pe.leg.br\/portal\/wp-content\/uploads\/2015\/03\/Belo_Jardim_Pernambuco.jpg","type":"","width":"","height":""}],"twitter_card":"summary_large_image","twitter_misc":{"Est. tempo de leitura":"4 minutos"},"schema":{"@context":"https:\/\/schema.org","@graph":[{"@type":"WebPage","@id":"https:\/\/belojardim.pe.leg.br\/portal\/municipio\/","url":"https:\/\/belojardim.pe.leg.br\/portal\/municipio\/","name":"Munic\u00edpio - C\u00e2mara Municipal de Belo Jardim","isPartOf":{"@id":"https:\/\/belojardim.pe.leg.br\/portal\/#website"},"primaryImageOfPage":{"@id":"https:\/\/belojardim.pe.leg.br\/portal\/municipio\/#primaryimage"},"image":{"@id":"https:\/\/belojardim.pe.leg.br\/portal\/municipio\/#primaryimage"},"thumbnailUrl":"http:\/\/belojardim.pe.leg.br\/portal\/wp-content\/uploads\/2015\/03\/Belo_Jardim_Pernambuco.jpg","datePublished":"2015-03-18T15:11:44+00:00","dateModified":"2017-04-08T20:49:18+00:00","breadcrumb":{"@id":"https:\/\/belojardim.pe.leg.br\/portal\/municipio\/#breadcrumb"},"inLanguage":"pt-BR","potentialAction":[{"@type":"ReadAction","target":["https:\/\/belojardim.pe.leg.br\/portal\/municipio\/"]}]},{"@type":"ImageObject","inLanguage":"pt-BR","@id":"https:\/\/belojardim.pe.leg.br\/portal\/municipio\/#primaryimage","url":"http:\/\/belojardim.pe.leg.br\/portal\/wp-content\/uploads\/2015\/03\/Belo_Jardim_Pernambuco.jpg","contentUrl":"http:\/\/belojardim.pe.leg.br\/portal\/wp-content\/uploads\/2015\/03\/Belo_Jardim_Pernambuco.jpg"},{"@type":"BreadcrumbList","@id":"https:\/\/belojardim.pe.leg.br\/portal\/municipio\/#breadcrumb","itemListElement":[{"@type":"ListItem","position":1,"name":"In\u00edcio","item":"https:\/\/belojardim.pe.leg.br\/portal\/"},{"@type":"ListItem","position":2,"name":"Munic\u00edpio"}]},{"@type":"WebSite","@id":"https:\/\/belojardim.pe.leg.br\/portal\/#website","url":"https:\/\/belojardim.pe.leg.br\/portal\/","name":"C\u00e2mara Municipal de Belo Jardim","description":"Casa Cust\u00f3dio Ferreira Mergulh\u00e3o","publisher":{"@id":"https:\/\/belojardim.pe.leg.br\/portal\/#organization"},"potentialAction":[{"@type":"SearchAction","target":{"@type":"EntryPoint","urlTemplate":"https:\/\/belojardim.pe.leg.br\/portal\/?s={search_term_string}"},"query-input":{"@type":"PropertyValueSpecification","valueRequired":true,"valueName":"search_term_string"}}],"inLanguage":"pt-BR"},{"@type":"Organization","@id":"https:\/\/belojardim.pe.leg.br\/portal\/#organization","name":"C\u00e2mara Municipal de Belo Jardim","url":"https:\/\/belojardim.pe.leg.br\/portal\/","logo":{"@type":"ImageObject","inLanguage":"pt-BR","@id":"https:\/\/belojardim.pe.leg.br\/portal\/#\/schema\/logo\/image\/","url":"https:\/\/belojardim.pe.leg.br\/portal\/wp-content\/uploads\/2025\/02\/brasao_novo_camara.png","contentUrl":"https:\/\/belojardim.pe.leg.br\/portal\/wp-content\/uploads\/2025\/02\/brasao_novo_camara.png","width":7239,"height":1735,"caption":"C\u00e2mara Municipal de Belo Jardim"},"image":{"@id":"https:\/\/belojardim.pe.leg.br\/portal\/#\/schema\/logo\/image\/"}}]}},"_links":{"self":[{"href":"https:\/\/belojardim.pe.leg.br\/portal\/wp-json\/wp\/v2\/pages\/29","targetHints":{"allow":["GET"]}}],"collection":[{"href":"https:\/\/belojardim.pe.leg.br\/portal\/wp-json\/wp\/v2\/pages"}],"about":[{"href":"https:\/\/belojardim.pe.leg.br\/portal\/wp-json\/wp\/v2\/types\/page"}],"author":[{"embeddable":true,"href":"https:\/\/belojardim.pe.leg.br\/portal\/wp-json\/wp\/v2\/users\/1"}],"replies":[{"embeddable":true,"href":"https:\/\/belojardim.pe.leg.br\/portal\/wp-json\/wp\/v2\/comments?post=29"}],"version-history":[{"count":2,"href":"https:\/\/belojardim.pe.leg.br\/portal\/wp-json\/wp\/v2\/pages\/29\/revisions"}],"predecessor-version":[{"id":3561,"href":"https:\/\/belojardim.pe.leg.br\/portal\/wp-json\/wp\/v2\/pages\/29\/revisions\/3561"}],"wp:attachment":[{"href":"https:\/\/belojardim.pe.leg.br\/portal\/wp-json\/wp\/v2\/media?parent=29"}],"curies":[{"name":"wp","href":"https:\/\/api.w.org\/{rel}","templated":true}]}}