{"id":15048,"date":"2025-04-08T09:55:12","date_gmt":"2025-04-08T12:55:12","guid":{"rendered":"https:\/\/belojardim.pe.leg.br\/portal\/?page_id=15048"},"modified":"2025-04-08T10:03:54","modified_gmt":"2025-04-08T13:03:54","slug":"cristiano-cabeludo","status":"publish","type":"page","link":"https:\/\/belojardim.pe.leg.br\/portal\/vereadores\/cristiano-cabeludo\/","title":{"rendered":"Cristiano Cabeludo"},"content":{"rendered":"<div class=\"wp-block-image\"><a href=\"https:\/\/belojardim.pe.leg.br\/portal\/wp-content\/uploads\/2025\/04\/WhatsApp-Image-2025-04-08-at-09.58.05-scaled.jpeg\"><img loading=\"lazy\" decoding=\"async\" class=\"wpa-warning wpa-image-missing-alt alignleft size-medium wp-image-15058\" src=\"https:\/\/belojardim.pe.leg.br\/portal\/wp-content\/uploads\/2025\/04\/WhatsApp-Image-2025-04-08-at-09.58.05-169x300.jpeg\" alt=\"\" width=\"169\" height=\"300\" data-warning=\"Missing alt text\" srcset=\"https:\/\/belojardim.pe.leg.br\/portal\/wp-content\/uploads\/2025\/04\/WhatsApp-Image-2025-04-08-at-09.58.05-169x300.jpeg 169w, https:\/\/belojardim.pe.leg.br\/portal\/wp-content\/uploads\/2025\/04\/WhatsApp-Image-2025-04-08-at-09.58.05-576x1024.jpeg 576w, https:\/\/belojardim.pe.leg.br\/portal\/wp-content\/uploads\/2025\/04\/WhatsApp-Image-2025-04-08-at-09.58.05-768x1365.jpeg 768w, https:\/\/belojardim.pe.leg.br\/portal\/wp-content\/uploads\/2025\/04\/WhatsApp-Image-2025-04-08-at-09.58.05-864x1536.jpeg 864w, https:\/\/belojardim.pe.leg.br\/portal\/wp-content\/uploads\/2025\/04\/WhatsApp-Image-2025-04-08-at-09.58.05-1152x2048.jpeg 1152w, https:\/\/belojardim.pe.leg.br\/portal\/wp-content\/uploads\/2025\/04\/WhatsApp-Image-2025-04-08-at-09.58.05-1218x2165.jpeg 1218w, https:\/\/belojardim.pe.leg.br\/portal\/wp-content\/uploads\/2025\/04\/WhatsApp-Image-2025-04-08-at-09.58.05-scaled.jpeg 1440w\" sizes=\"auto, (max-width: 169px) 100vw, 169px\" \/><\/a><\/div>\n<p>Cristiano Ara\u00fajo de Carvalho, mais conhecido como Cristiano Cabeludo, \u00e9 natural de Belo Jardim (PE), filho de Marluce Lopes de Ara\u00fajo e Sebasti\u00e3o Cordeiro de Carvalho. \u00c9 casado com Viviane Menezes e pai dedicado de cinco filhos: Crisely, Cristian, Mariana, Cristiele e Jo\u00e3o Guilherme.<\/p>\n<p>Formado em Matem\u00e1tica pela EAB Autarquia de Belo Jardim e p\u00f3s-graduado em Gest\u00e3o P\u00fablica e Controladoria pela FAFICA, construiu uma trajet\u00f3ria marcada pelo compromisso com a educa\u00e7\u00e3o e a boa gest\u00e3o. Atuou como vereador (2009\u20132012), vice-prefeito (2013\u20132016) e foi secret\u00e1rio de Cultura de Belo Jardim em 2019, contribuindo com o fortalecimento das pol\u00edticas p\u00fablicas e culturais do munic\u00edpio.<\/p>\n<p>Al\u00e9m da vida p\u00fablica, \u00e9 tamb\u00e9m empres\u00e1rio no ramo de cosm\u00e9ticos, unindo vis\u00e3o empreendedora e compromisso social em sua atua\u00e7\u00e3o.<\/p>\n<p>Foi eleito com 1.093 votos pelo Uni\u00e3o Brasil<\/p>\n","protected":false},"excerpt":{"rendered":"<p>Cristiano Ara\u00fajo de Carvalho, mais conhecido como Cristiano Cabeludo, \u00e9 natural de Belo Jardim (PE), filho de Marluce Lopes de Ara\u00fajo e Sebasti\u00e3o Cordeiro de&#8230;<\/p>\n","protected":false},"author":5,"featured_media":0,"parent":48,"menu_order":0,"comment_status":"closed","ping_status":"closed","template":"","meta":{"footnotes":""},"class_list":["post-15048","page","type-page","status-publish","hentry"],"yoast_head":"<!-- This site is optimized with the Yoast SEO plugin v25.1 - https:\/\/yoast.com\/wordpress\/plugins\/seo\/ -->\n<title>Cristiano Cabeludo - C\u00e2mara Municipal de Belo Jardim<\/title>\n<meta name=\"robots\" content=\"index, follow, max-snippet:-1, max-image-preview:large, max-video-preview:-1\" \/>\n<link rel=\"canonical\" href=\"https:\/\/belojardim.pe.leg.br\/portal\/vereadores\/cristiano-cabeludo\/\" \/>\n<meta property=\"og:locale\" content=\"pt_BR\" \/>\n<meta property=\"og:type\" content=\"article\" \/>\n<meta property=\"og:title\" content=\"Cristiano Cabeludo - C\u00e2mara Municipal de Belo Jardim\" \/>\n<meta property=\"og:description\" content=\"Cristiano Ara\u00fajo de Carvalho, mais conhecido como Cristiano Cabeludo, \u00e9 natural de Belo Jardim (PE), filho de Marluce Lopes de Ara\u00fajo e Sebasti\u00e3o Cordeiro de...\" \/>\n<meta property=\"og:url\" content=\"https:\/\/belojardim.pe.leg.br\/portal\/vereadores\/cristiano-cabeludo\/\" \/>\n<meta property=\"og:site_name\" content=\"C\u00e2mara Municipal de Belo Jardim\" \/>\n<meta property=\"article:modified_time\" content=\"2025-04-08T13:03:54+00:00\" \/>\n<meta property=\"og:image\" content=\"https:\/\/belojardim.pe.leg.br\/portal\/wp-content\/uploads\/2025\/04\/WhatsApp-Image-2025-04-08-at-09.58.05-scaled.jpeg\" \/>\n\t<meta property=\"og:image:width\" content=\"1440\" \/>\n\t<meta property=\"og:image:height\" content=\"2560\" \/>\n\t<meta property=\"og:image:type\" content=\"image\/jpeg\" \/>\n<meta name=\"twitter:card\" content=\"summary_large_image\" \/>\n<meta name=\"twitter:label1\" content=\"Est. tempo de leitura\" \/>\n\t<meta name=\"twitter:data1\" content=\"1 minuto\" \/>\n<script type=\"application\/ld+json\" class=\"yoast-schema-graph\">{\"@context\":\"https:\/\/schema.org\",\"@graph\":[{\"@type\":\"WebPage\",\"@id\":\"https:\/\/belojardim.pe.leg.br\/portal\/vereadores\/cristiano-cabeludo\/\",\"url\":\"https:\/\/belojardim.pe.leg.br\/portal\/vereadores\/cristiano-cabeludo\/\",\"name\":\"Cristiano Cabeludo - C\u00e2mara Municipal de Belo Jardim\",\"isPartOf\":{\"@id\":\"https:\/\/belojardim.pe.leg.br\/portal\/#website\"},\"primaryImageOfPage\":{\"@id\":\"https:\/\/belojardim.pe.leg.br\/portal\/vereadores\/cristiano-cabeludo\/#primaryimage\"},\"image\":{\"@id\":\"https:\/\/belojardim.pe.leg.br\/portal\/vereadores\/cristiano-cabeludo\/#primaryimage\"},\"thumbnailUrl\":\"https:\/\/belojardim.pe.leg.br\/portal\/wp-content\/uploads\/2025\/04\/WhatsApp-Image-2025-04-08-at-09.58.05-169x300.jpeg\",\"datePublished\":\"2025-04-08T12:55:12+00:00\",\"dateModified\":\"2025-04-08T13:03:54+00:00\",\"breadcrumb\":{\"@id\":\"https:\/\/belojardim.pe.leg.br\/portal\/vereadores\/cristiano-cabeludo\/#breadcrumb\"},\"inLanguage\":\"pt-BR\",\"potentialAction\":[{\"@type\":\"ReadAction\",\"target\":[\"https:\/\/belojardim.pe.leg.br\/portal\/vereadores\/cristiano-cabeludo\/\"]}]},{\"@type\":\"ImageObject\",\"inLanguage\":\"pt-BR\",\"@id\":\"https:\/\/belojardim.pe.leg.br\/portal\/vereadores\/cristiano-cabeludo\/#primaryimage\",\"url\":\"https:\/\/belojardim.pe.leg.br\/portal\/wp-content\/uploads\/2025\/04\/WhatsApp-Image-2025-04-08-at-09.58.05-scaled.jpeg\",\"contentUrl\":\"https:\/\/belojardim.pe.leg.br\/portal\/wp-content\/uploads\/2025\/04\/WhatsApp-Image-2025-04-08-at-09.58.05-scaled.jpeg\",\"width\":1440,\"height\":2560},{\"@type\":\"BreadcrumbList\",\"@id\":\"https:\/\/belojardim.pe.leg.br\/portal\/vereadores\/cristiano-cabeludo\/#breadcrumb\",\"itemListElement\":[{\"@type\":\"ListItem\",\"position\":1,\"name\":\"In\u00edcio\",\"item\":\"https:\/\/belojardim.pe.leg.br\/portal\/\"},{\"@type\":\"ListItem\",\"position\":2,\"name\":\"Vereadores\",\"item\":\"https:\/\/belojardim.pe.leg.br\/portal\/vereadores\/\"},{\"@type\":\"ListItem\",\"position\":3,\"name\":\"Cristiano Cabeludo\"}]},{\"@type\":\"WebSite\",\"@id\":\"https:\/\/belojardim.pe.leg.br\/portal\/#website\",\"url\":\"https:\/\/belojardim.pe.leg.br\/portal\/\",\"name\":\"C\u00e2mara Municipal de Belo Jardim\",\"description\":\"Casa Cust\u00f3dio Ferreira Mergulh\u00e3o\",\"publisher\":{\"@id\":\"https:\/\/belojardim.pe.leg.br\/portal\/#organization\"},\"potentialAction\":[{\"@type\":\"SearchAction\",\"target\":{\"@type\":\"EntryPoint\",\"urlTemplate\":\"https:\/\/belojardim.pe.leg.br\/portal\/?s={search_term_string}\"},\"query-input\":{\"@type\":\"PropertyValueSpecification\",\"valueRequired\":true,\"valueName\":\"search_term_string\"}}],\"inLanguage\":\"pt-BR\"},{\"@type\":\"Organization\",\"@id\":\"https:\/\/belojardim.pe.leg.br\/portal\/#organization\",\"name\":\"C\u00e2mara Municipal de Belo Jardim\",\"url\":\"https:\/\/belojardim.pe.leg.br\/portal\/\",\"logo\":{\"@type\":\"ImageObject\",\"inLanguage\":\"pt-BR\",\"@id\":\"https:\/\/belojardim.pe.leg.br\/portal\/#\/schema\/logo\/image\/\",\"url\":\"https:\/\/belojardim.pe.leg.br\/portal\/wp-content\/uploads\/2025\/02\/brasao_novo_camara.png\",\"contentUrl\":\"https:\/\/belojardim.pe.leg.br\/portal\/wp-content\/uploads\/2025\/02\/brasao_novo_camara.png\",\"width\":7239,\"height\":1735,\"caption\":\"C\u00e2mara Municipal de Belo Jardim\"},\"image\":{\"@id\":\"https:\/\/belojardim.pe.leg.br\/portal\/#\/schema\/logo\/image\/\"}}]}<\/script>\n<!-- \/ Yoast SEO plugin. -->","yoast_head_json":{"title":"Cristiano Cabeludo - C\u00e2mara Municipal de Belo Jardim","robots":{"index":"index","follow":"follow","max-snippet":"max-snippet:-1","max-image-preview":"max-image-preview:large","max-video-preview":"max-video-preview:-1"},"canonical":"https:\/\/belojardim.pe.leg.br\/portal\/vereadores\/cristiano-cabeludo\/","og_locale":"pt_BR","og_type":"article","og_title":"Cristiano Cabeludo - C\u00e2mara Municipal de Belo Jardim","og_description":"Cristiano Ara\u00fajo de Carvalho, mais conhecido como Cristiano Cabeludo, \u00e9 natural de Belo Jardim (PE), filho de Marluce Lopes de Ara\u00fajo e Sebasti\u00e3o Cordeiro de...","og_url":"https:\/\/belojardim.pe.leg.br\/portal\/vereadores\/cristiano-cabeludo\/","og_site_name":"C\u00e2mara Municipal de Belo Jardim","article_modified_time":"2025-04-08T13:03:54+00:00","og_image":[{"width":1440,"height":2560,"url":"https:\/\/belojardim.pe.leg.br\/portal\/wp-content\/uploads\/2025\/04\/WhatsApp-Image-2025-04-08-at-09.58.05-scaled.jpeg","type":"image\/jpeg"}],"twitter_card":"summary_large_image","twitter_misc":{"Est. tempo de leitura":"1 minuto"},"schema":{"@context":"https:\/\/schema.org","@graph":[{"@type":"WebPage","@id":"https:\/\/belojardim.pe.leg.br\/portal\/vereadores\/cristiano-cabeludo\/","url":"https:\/\/belojardim.pe.leg.br\/portal\/vereadores\/cristiano-cabeludo\/","name":"Cristiano Cabeludo - C\u00e2mara Municipal de Belo Jardim","isPartOf":{"@id":"https:\/\/belojardim.pe.leg.br\/portal\/#website"},"primaryImageOfPage":{"@id":"https:\/\/belojardim.pe.leg.br\/portal\/vereadores\/cristiano-cabeludo\/#primaryimage"},"image":{"@id":"https:\/\/belojardim.pe.leg.br\/portal\/vereadores\/cristiano-cabeludo\/#primaryimage"},"thumbnailUrl":"https:\/\/belojardim.pe.leg.br\/portal\/wp-content\/uploads\/2025\/04\/WhatsApp-Image-2025-04-08-at-09.58.05-169x300.jpeg","datePublished":"2025-04-08T12:55:12+00:00","dateModified":"2025-04-08T13:03:54+00:00","breadcrumb":{"@id":"https:\/\/belojardim.pe.leg.br\/portal\/vereadores\/cristiano-cabeludo\/#breadcrumb"},"inLanguage":"pt-BR","potentialAction":[{"@type":"ReadAction","target":["https:\/\/belojardim.pe.leg.br\/portal\/vereadores\/cristiano-cabeludo\/"]}]},{"@type":"ImageObject","inLanguage":"pt-BR","@id":"https:\/\/belojardim.pe.leg.br\/portal\/vereadores\/cristiano-cabeludo\/#primaryimage","url":"https:\/\/belojardim.pe.leg.br\/portal\/wp-content\/uploads\/2025\/04\/WhatsApp-Image-2025-04-08-at-09.58.05-scaled.jpeg","contentUrl":"https:\/\/belojardim.pe.leg.br\/portal\/wp-content\/uploads\/2025\/04\/WhatsApp-Image-2025-04-08-at-09.58.05-scaled.jpeg","width":1440,"height":2560},{"@type":"BreadcrumbList","@id":"https:\/\/belojardim.pe.leg.br\/portal\/vereadores\/cristiano-cabeludo\/#breadcrumb","itemListElement":[{"@type":"ListItem","position":1,"name":"In\u00edcio","item":"https:\/\/belojardim.pe.leg.br\/portal\/"},{"@type":"ListItem","position":2,"name":"Vereadores","item":"https:\/\/belojardim.pe.leg.br\/portal\/vereadores\/"},{"@type":"ListItem","position":3,"name":"Cristiano Cabeludo"}]},{"@type":"WebSite","@id":"https:\/\/belojardim.pe.leg.br\/portal\/#website","url":"https:\/\/belojardim.pe.leg.br\/portal\/","name":"C\u00e2mara Municipal de Belo Jardim","description":"Casa Cust\u00f3dio Ferreira Mergulh\u00e3o","publisher":{"@id":"https:\/\/belojardim.pe.leg.br\/portal\/#organization"},"potentialAction":[{"@type":"SearchAction","target":{"@type":"EntryPoint","urlTemplate":"https:\/\/belojardim.pe.leg.br\/portal\/?s={search_term_string}"},"query-input":{"@type":"PropertyValueSpecification","valueRequired":true,"valueName":"search_term_string"}}],"inLanguage":"pt-BR"},{"@type":"Organization","@id":"https:\/\/belojardim.pe.leg.br\/portal\/#organization","name":"C\u00e2mara Municipal de Belo Jardim","url":"https:\/\/belojardim.pe.leg.br\/portal\/","logo":{"@type":"ImageObject","inLanguage":"pt-BR","@id":"https:\/\/belojardim.pe.leg.br\/portal\/#\/schema\/logo\/image\/","url":"https:\/\/belojardim.pe.leg.br\/portal\/wp-content\/uploads\/2025\/02\/brasao_novo_camara.png","contentUrl":"https:\/\/belojardim.pe.leg.br\/portal\/wp-content\/uploads\/2025\/02\/brasao_novo_camara.png","width":7239,"height":1735,"caption":"C\u00e2mara Municipal de Belo Jardim"},"image":{"@id":"https:\/\/belojardim.pe.leg.br\/portal\/#\/schema\/logo\/image\/"}}]}},"_links":{"self":[{"href":"https:\/\/belojardim.pe.leg.br\/portal\/wp-json\/wp\/v2\/pages\/15048","targetHints":{"allow":["GET"]}}],"collection":[{"href":"https:\/\/belojardim.pe.leg.br\/portal\/wp-json\/wp\/v2\/pages"}],"about":[{"href":"https:\/\/belojardim.pe.leg.br\/portal\/wp-json\/wp\/v2\/types\/page"}],"author":[{"embeddable":true,"href":"https:\/\/belojardim.pe.leg.br\/portal\/wp-json\/wp\/v2\/users\/5"}],"replies":[{"embeddable":true,"href":"https:\/\/belojardim.pe.leg.br\/portal\/wp-json\/wp\/v2\/comments?post=15048"}],"version-history":[{"count":3,"href":"https:\/\/belojardim.pe.leg.br\/portal\/wp-json\/wp\/v2\/pages\/15048\/revisions"}],"predecessor-version":[{"id":15060,"href":"https:\/\/belojardim.pe.leg.br\/portal\/wp-json\/wp\/v2\/pages\/15048\/revisions\/15060"}],"up":[{"embeddable":true,"href":"https:\/\/belojardim.pe.leg.br\/portal\/wp-json\/wp\/v2\/pages\/48"}],"wp:attachment":[{"href":"https:\/\/belojardim.pe.leg.br\/portal\/wp-json\/wp\/v2\/media?parent=15048"}],"curies":[{"name":"wp","href":"https:\/\/api.w.org\/{rel}","templated":true}]}}