{"id":15044,"date":"2025-04-08T09:51:42","date_gmt":"2025-04-08T12:51:42","guid":{"rendered":"https:\/\/belojardim.pe.leg.br\/portal\/?page_id=15044"},"modified":"2025-04-08T09:51:42","modified_gmt":"2025-04-08T12:51:42","slug":"adriano-antonio-irmao-adriano","status":"publish","type":"page","link":"https:\/\/belojardim.pe.leg.br\/portal\/vereadores\/adriano-antonio-irmao-adriano\/","title":{"rendered":"Adriano Ant\u00f4nio (Irm\u00e3o Adriano)"},"content":{"rendered":"<div class=\"wp-block-image\"><a href=\"https:\/\/belojardim.pe.leg.br\/portal\/wp-content\/uploads\/2025\/04\/480920910_18037514327400177_6690314664987923108_n.jpg\"><img loading=\"lazy\" decoding=\"async\" class=\"wpa-warning wpa-image-missing-alt alignleft size-medium wp-image-15045\" src=\"https:\/\/belojardim.pe.leg.br\/portal\/wp-content\/uploads\/2025\/04\/480920910_18037514327400177_6690314664987923108_n-240x300.jpg\" alt=\"\" width=\"240\" height=\"300\" data-warning=\"Missing alt text\" srcset=\"https:\/\/belojardim.pe.leg.br\/portal\/wp-content\/uploads\/2025\/04\/480920910_18037514327400177_6690314664987923108_n-240x300.jpg 240w, https:\/\/belojardim.pe.leg.br\/portal\/wp-content\/uploads\/2025\/04\/480920910_18037514327400177_6690314664987923108_n-819x1024.jpg 819w, https:\/\/belojardim.pe.leg.br\/portal\/wp-content\/uploads\/2025\/04\/480920910_18037514327400177_6690314664987923108_n-768x960.jpg 768w, https:\/\/belojardim.pe.leg.br\/portal\/wp-content\/uploads\/2025\/04\/480920910_18037514327400177_6690314664987923108_n-1229x1536.jpg 1229w, https:\/\/belojardim.pe.leg.br\/portal\/wp-content\/uploads\/2025\/04\/480920910_18037514327400177_6690314664987923108_n-1218x1523.jpg 1218w, https:\/\/belojardim.pe.leg.br\/portal\/wp-content\/uploads\/2025\/04\/480920910_18037514327400177_6690314664987923108_n.jpg 1440w\" sizes=\"auto, (max-width: 240px) 100vw, 240px\" \/><\/a><\/div>\n<p>Adriano Ant\u00f4nio Carlos, mais conhecido como Irm\u00e3o Adriano, nasceu em 10 de janeiro de 1982, em Belo Jardim-PE. Filho de Maria do Carmo Carlos, viveu toda sua vida no s\u00edtio Fazenda Nova, no distrito de Serra do Vento. Casado com Jos\u00e9 Cleide Alves de Ara\u00fajo Carlos, \u00e9 pai de tr\u00eas filhos: Adriane Sabrina, Elielson e Eliel.<\/p>\n<p>Com o ensino fundamental completo, iniciou sua trajet\u00f3ria profissional como ajudante de pedreiro. Com dedica\u00e7\u00e3o e esfor\u00e7o, tornou-se Mestre de Obras, profiss\u00e3o que exerce com orgulho, ajudando a construir casas e transformar vidas.Homem de f\u00e9, simplicidade e compromisso com o pr\u00f3ximo, Irm\u00e3o Adriano \u00e9 reconhecido por sua honestidade, humildade e forte liga\u00e7\u00e3o com a comunidade onde nasceu e cresceu.<\/p>\n<p>Foi eleito com 1.662 votos pelo PODE<\/p>\n","protected":false},"excerpt":{"rendered":"<p>Adriano Ant\u00f4nio Carlos, mais conhecido como Irm\u00e3o Adriano, nasceu em 10 de janeiro de 1982, em Belo Jardim-PE. Filho de Maria do Carmo Carlos, viveu&#8230;<\/p>\n","protected":false},"author":5,"featured_media":15045,"parent":48,"menu_order":0,"comment_status":"closed","ping_status":"closed","template":"","meta":{"footnotes":""},"class_list":["post-15044","page","type-page","status-publish","has-post-thumbnail","hentry"],"yoast_head":"<!-- This site is optimized with the Yoast SEO plugin v25.1 - https:\/\/yoast.com\/wordpress\/plugins\/seo\/ -->\n<title>Adriano Ant\u00f4nio (Irm\u00e3o Adriano) - C\u00e2mara Municipal de Belo Jardim<\/title>\n<meta name=\"robots\" content=\"index, follow, max-snippet:-1, max-image-preview:large, max-video-preview:-1\" \/>\n<link rel=\"canonical\" href=\"https:\/\/belojardim.pe.leg.br\/portal\/vereadores\/adriano-antonio-irmao-adriano\/\" \/>\n<meta property=\"og:locale\" content=\"pt_BR\" \/>\n<meta property=\"og:type\" content=\"article\" \/>\n<meta property=\"og:title\" content=\"Adriano Ant\u00f4nio (Irm\u00e3o Adriano) - C\u00e2mara Municipal de Belo Jardim\" \/>\n<meta property=\"og:description\" content=\"Adriano Ant\u00f4nio Carlos, mais conhecido como Irm\u00e3o Adriano, nasceu em 10 de janeiro de 1982, em Belo Jardim-PE. Filho de Maria do Carmo Carlos, viveu...\" \/>\n<meta property=\"og:url\" content=\"https:\/\/belojardim.pe.leg.br\/portal\/vereadores\/adriano-antonio-irmao-adriano\/\" \/>\n<meta property=\"og:site_name\" content=\"C\u00e2mara Municipal de Belo Jardim\" \/>\n<meta property=\"og:image\" content=\"https:\/\/belojardim.pe.leg.br\/portal\/wp-content\/uploads\/2025\/04\/480920910_18037514327400177_6690314664987923108_n.jpg\" \/>\n\t<meta property=\"og:image:width\" content=\"1440\" \/>\n\t<meta property=\"og:image:height\" content=\"1800\" \/>\n\t<meta property=\"og:image:type\" content=\"image\/jpeg\" \/>\n<meta name=\"twitter:card\" content=\"summary_large_image\" \/>\n<meta name=\"twitter:label1\" content=\"Est. tempo de leitura\" \/>\n\t<meta name=\"twitter:data1\" content=\"2 minutos\" \/>\n<script type=\"application\/ld+json\" class=\"yoast-schema-graph\">{\"@context\":\"https:\/\/schema.org\",\"@graph\":[{\"@type\":\"WebPage\",\"@id\":\"https:\/\/belojardim.pe.leg.br\/portal\/vereadores\/adriano-antonio-irmao-adriano\/\",\"url\":\"https:\/\/belojardim.pe.leg.br\/portal\/vereadores\/adriano-antonio-irmao-adriano\/\",\"name\":\"Adriano Ant\u00f4nio (Irm\u00e3o Adriano) - C\u00e2mara Municipal de Belo Jardim\",\"isPartOf\":{\"@id\":\"https:\/\/belojardim.pe.leg.br\/portal\/#website\"},\"primaryImageOfPage\":{\"@id\":\"https:\/\/belojardim.pe.leg.br\/portal\/vereadores\/adriano-antonio-irmao-adriano\/#primaryimage\"},\"image\":{\"@id\":\"https:\/\/belojardim.pe.leg.br\/portal\/vereadores\/adriano-antonio-irmao-adriano\/#primaryimage\"},\"thumbnailUrl\":\"https:\/\/belojardim.pe.leg.br\/portal\/wp-content\/uploads\/2025\/04\/480920910_18037514327400177_6690314664987923108_n.jpg\",\"datePublished\":\"2025-04-08T12:51:42+00:00\",\"breadcrumb\":{\"@id\":\"https:\/\/belojardim.pe.leg.br\/portal\/vereadores\/adriano-antonio-irmao-adriano\/#breadcrumb\"},\"inLanguage\":\"pt-BR\",\"potentialAction\":[{\"@type\":\"ReadAction\",\"target\":[\"https:\/\/belojardim.pe.leg.br\/portal\/vereadores\/adriano-antonio-irmao-adriano\/\"]}]},{\"@type\":\"ImageObject\",\"inLanguage\":\"pt-BR\",\"@id\":\"https:\/\/belojardim.pe.leg.br\/portal\/vereadores\/adriano-antonio-irmao-adriano\/#primaryimage\",\"url\":\"https:\/\/belojardim.pe.leg.br\/portal\/wp-content\/uploads\/2025\/04\/480920910_18037514327400177_6690314664987923108_n.jpg\",\"contentUrl\":\"https:\/\/belojardim.pe.leg.br\/portal\/wp-content\/uploads\/2025\/04\/480920910_18037514327400177_6690314664987923108_n.jpg\",\"width\":1440,\"height\":1800},{\"@type\":\"BreadcrumbList\",\"@id\":\"https:\/\/belojardim.pe.leg.br\/portal\/vereadores\/adriano-antonio-irmao-adriano\/#breadcrumb\",\"itemListElement\":[{\"@type\":\"ListItem\",\"position\":1,\"name\":\"In\u00edcio\",\"item\":\"https:\/\/belojardim.pe.leg.br\/portal\/\"},{\"@type\":\"ListItem\",\"position\":2,\"name\":\"Vereadores\",\"item\":\"https:\/\/belojardim.pe.leg.br\/portal\/vereadores\/\"},{\"@type\":\"ListItem\",\"position\":3,\"name\":\"Adriano Ant\u00f4nio (Irm\u00e3o Adriano)\"}]},{\"@type\":\"WebSite\",\"@id\":\"https:\/\/belojardim.pe.leg.br\/portal\/#website\",\"url\":\"https:\/\/belojardim.pe.leg.br\/portal\/\",\"name\":\"C\u00e2mara Municipal de Belo Jardim\",\"description\":\"Casa Cust\u00f3dio Ferreira Mergulh\u00e3o\",\"publisher\":{\"@id\":\"https:\/\/belojardim.pe.leg.br\/portal\/#organization\"},\"potentialAction\":[{\"@type\":\"SearchAction\",\"target\":{\"@type\":\"EntryPoint\",\"urlTemplate\":\"https:\/\/belojardim.pe.leg.br\/portal\/?s={search_term_string}\"},\"query-input\":{\"@type\":\"PropertyValueSpecification\",\"valueRequired\":true,\"valueName\":\"search_term_string\"}}],\"inLanguage\":\"pt-BR\"},{\"@type\":\"Organization\",\"@id\":\"https:\/\/belojardim.pe.leg.br\/portal\/#organization\",\"name\":\"C\u00e2mara Municipal de Belo Jardim\",\"url\":\"https:\/\/belojardim.pe.leg.br\/portal\/\",\"logo\":{\"@type\":\"ImageObject\",\"inLanguage\":\"pt-BR\",\"@id\":\"https:\/\/belojardim.pe.leg.br\/portal\/#\/schema\/logo\/image\/\",\"url\":\"https:\/\/belojardim.pe.leg.br\/portal\/wp-content\/uploads\/2025\/02\/brasao_novo_camara.png\",\"contentUrl\":\"https:\/\/belojardim.pe.leg.br\/portal\/wp-content\/uploads\/2025\/02\/brasao_novo_camara.png\",\"width\":7239,\"height\":1735,\"caption\":\"C\u00e2mara Municipal de Belo Jardim\"},\"image\":{\"@id\":\"https:\/\/belojardim.pe.leg.br\/portal\/#\/schema\/logo\/image\/\"}}]}<\/script>\n<!-- \/ Yoast SEO plugin. -->","yoast_head_json":{"title":"Adriano Ant\u00f4nio (Irm\u00e3o Adriano) - C\u00e2mara Municipal de Belo Jardim","robots":{"index":"index","follow":"follow","max-snippet":"max-snippet:-1","max-image-preview":"max-image-preview:large","max-video-preview":"max-video-preview:-1"},"canonical":"https:\/\/belojardim.pe.leg.br\/portal\/vereadores\/adriano-antonio-irmao-adriano\/","og_locale":"pt_BR","og_type":"article","og_title":"Adriano Ant\u00f4nio (Irm\u00e3o Adriano) - C\u00e2mara Municipal de Belo Jardim","og_description":"Adriano Ant\u00f4nio Carlos, mais conhecido como Irm\u00e3o Adriano, nasceu em 10 de janeiro de 1982, em Belo Jardim-PE. Filho de Maria do Carmo Carlos, viveu...","og_url":"https:\/\/belojardim.pe.leg.br\/portal\/vereadores\/adriano-antonio-irmao-adriano\/","og_site_name":"C\u00e2mara Municipal de Belo Jardim","og_image":[{"width":1440,"height":1800,"url":"https:\/\/belojardim.pe.leg.br\/portal\/wp-content\/uploads\/2025\/04\/480920910_18037514327400177_6690314664987923108_n.jpg","type":"image\/jpeg"}],"twitter_card":"summary_large_image","twitter_misc":{"Est. tempo de leitura":"2 minutos"},"schema":{"@context":"https:\/\/schema.org","@graph":[{"@type":"WebPage","@id":"https:\/\/belojardim.pe.leg.br\/portal\/vereadores\/adriano-antonio-irmao-adriano\/","url":"https:\/\/belojardim.pe.leg.br\/portal\/vereadores\/adriano-antonio-irmao-adriano\/","name":"Adriano Ant\u00f4nio (Irm\u00e3o Adriano) - C\u00e2mara Municipal de Belo Jardim","isPartOf":{"@id":"https:\/\/belojardim.pe.leg.br\/portal\/#website"},"primaryImageOfPage":{"@id":"https:\/\/belojardim.pe.leg.br\/portal\/vereadores\/adriano-antonio-irmao-adriano\/#primaryimage"},"image":{"@id":"https:\/\/belojardim.pe.leg.br\/portal\/vereadores\/adriano-antonio-irmao-adriano\/#primaryimage"},"thumbnailUrl":"https:\/\/belojardim.pe.leg.br\/portal\/wp-content\/uploads\/2025\/04\/480920910_18037514327400177_6690314664987923108_n.jpg","datePublished":"2025-04-08T12:51:42+00:00","breadcrumb":{"@id":"https:\/\/belojardim.pe.leg.br\/portal\/vereadores\/adriano-antonio-irmao-adriano\/#breadcrumb"},"inLanguage":"pt-BR","potentialAction":[{"@type":"ReadAction","target":["https:\/\/belojardim.pe.leg.br\/portal\/vereadores\/adriano-antonio-irmao-adriano\/"]}]},{"@type":"ImageObject","inLanguage":"pt-BR","@id":"https:\/\/belojardim.pe.leg.br\/portal\/vereadores\/adriano-antonio-irmao-adriano\/#primaryimage","url":"https:\/\/belojardim.pe.leg.br\/portal\/wp-content\/uploads\/2025\/04\/480920910_18037514327400177_6690314664987923108_n.jpg","contentUrl":"https:\/\/belojardim.pe.leg.br\/portal\/wp-content\/uploads\/2025\/04\/480920910_18037514327400177_6690314664987923108_n.jpg","width":1440,"height":1800},{"@type":"BreadcrumbList","@id":"https:\/\/belojardim.pe.leg.br\/portal\/vereadores\/adriano-antonio-irmao-adriano\/#breadcrumb","itemListElement":[{"@type":"ListItem","position":1,"name":"In\u00edcio","item":"https:\/\/belojardim.pe.leg.br\/portal\/"},{"@type":"ListItem","position":2,"name":"Vereadores","item":"https:\/\/belojardim.pe.leg.br\/portal\/vereadores\/"},{"@type":"ListItem","position":3,"name":"Adriano Ant\u00f4nio (Irm\u00e3o Adriano)"}]},{"@type":"WebSite","@id":"https:\/\/belojardim.pe.leg.br\/portal\/#website","url":"https:\/\/belojardim.pe.leg.br\/portal\/","name":"C\u00e2mara Municipal de Belo Jardim","description":"Casa Cust\u00f3dio Ferreira Mergulh\u00e3o","publisher":{"@id":"https:\/\/belojardim.pe.leg.br\/portal\/#organization"},"potentialAction":[{"@type":"SearchAction","target":{"@type":"EntryPoint","urlTemplate":"https:\/\/belojardim.pe.leg.br\/portal\/?s={search_term_string}"},"query-input":{"@type":"PropertyValueSpecification","valueRequired":true,"valueName":"search_term_string"}}],"inLanguage":"pt-BR"},{"@type":"Organization","@id":"https:\/\/belojardim.pe.leg.br\/portal\/#organization","name":"C\u00e2mara Municipal de Belo Jardim","url":"https:\/\/belojardim.pe.leg.br\/portal\/","logo":{"@type":"ImageObject","inLanguage":"pt-BR","@id":"https:\/\/belojardim.pe.leg.br\/portal\/#\/schema\/logo\/image\/","url":"https:\/\/belojardim.pe.leg.br\/portal\/wp-content\/uploads\/2025\/02\/brasao_novo_camara.png","contentUrl":"https:\/\/belojardim.pe.leg.br\/portal\/wp-content\/uploads\/2025\/02\/brasao_novo_camara.png","width":7239,"height":1735,"caption":"C\u00e2mara Municipal de Belo Jardim"},"image":{"@id":"https:\/\/belojardim.pe.leg.br\/portal\/#\/schema\/logo\/image\/"}}]}},"_links":{"self":[{"href":"https:\/\/belojardim.pe.leg.br\/portal\/wp-json\/wp\/v2\/pages\/15044","targetHints":{"allow":["GET"]}}],"collection":[{"href":"https:\/\/belojardim.pe.leg.br\/portal\/wp-json\/wp\/v2\/pages"}],"about":[{"href":"https:\/\/belojardim.pe.leg.br\/portal\/wp-json\/wp\/v2\/types\/page"}],"author":[{"embeddable":true,"href":"https:\/\/belojardim.pe.leg.br\/portal\/wp-json\/wp\/v2\/users\/5"}],"replies":[{"embeddable":true,"href":"https:\/\/belojardim.pe.leg.br\/portal\/wp-json\/wp\/v2\/comments?post=15044"}],"version-history":[{"count":1,"href":"https:\/\/belojardim.pe.leg.br\/portal\/wp-json\/wp\/v2\/pages\/15044\/revisions"}],"predecessor-version":[{"id":15047,"href":"https:\/\/belojardim.pe.leg.br\/portal\/wp-json\/wp\/v2\/pages\/15044\/revisions\/15047"}],"up":[{"embeddable":true,"href":"https:\/\/belojardim.pe.leg.br\/portal\/wp-json\/wp\/v2\/pages\/48"}],"wp:featuredmedia":[{"embeddable":true,"href":"https:\/\/belojardim.pe.leg.br\/portal\/wp-json\/wp\/v2\/media\/15045"}],"wp:attachment":[{"href":"https:\/\/belojardim.pe.leg.br\/portal\/wp-json\/wp\/v2\/media?parent=15044"}],"curies":[{"name":"wp","href":"https:\/\/api.w.org\/{rel}","templated":true}]}}