{"id":14848,"date":"2025-02-08T06:41:29","date_gmt":"2025-02-08T09:41:29","guid":{"rendered":"https:\/\/belojardim.pe.leg.br\/portal\/?page_id=14848"},"modified":"2025-04-10T07:28:21","modified_gmt":"2025-04-10T10:28:21","slug":"fabricio-de-chagas","status":"publish","type":"page","link":"https:\/\/belojardim.pe.leg.br\/portal\/vereadores\/fabricio-de-chagas\/","title":{"rendered":"Fabr\u00edcio de Chagas"},"content":{"rendered":"<div class=\"wp-block-image\">\n<p><a href=\"https:\/\/belojardim.pe.leg.br\/portal\/wp-content\/uploads\/2025\/03\/WhatsApp-Image-2025-02-20-at-08.22.04.jpeg\"><img loading=\"lazy\" decoding=\"async\" class=\"wpa-warning wpa-image-missing-alt alignleft size-medium wp-image-15010\" src=\"https:\/\/belojardim.pe.leg.br\/portal\/wp-content\/uploads\/2025\/03\/WhatsApp-Image-2025-02-20-at-08.22.04-200x300.jpeg\" alt=\"\" width=\"200\" height=\"300\" data-warning=\"Missing alt text\" srcset=\"https:\/\/belojardim.pe.leg.br\/portal\/wp-content\/uploads\/2025\/03\/WhatsApp-Image-2025-02-20-at-08.22.04-200x300.jpeg 200w, https:\/\/belojardim.pe.leg.br\/portal\/wp-content\/uploads\/2025\/03\/WhatsApp-Image-2025-02-20-at-08.22.04-684x1024.jpeg 684w, https:\/\/belojardim.pe.leg.br\/portal\/wp-content\/uploads\/2025\/03\/WhatsApp-Image-2025-02-20-at-08.22.04-768x1150.jpeg 768w, https:\/\/belojardim.pe.leg.br\/portal\/wp-content\/uploads\/2025\/03\/WhatsApp-Image-2025-02-20-at-08.22.04.jpeg 855w\" sizes=\"auto, (max-width: 200px) 100vw, 200px\" \/><\/a>Fabricio de Lima Lino, conhecido como Fabricio de Chagas, \u00e9 natural de Belo Jardim, filho de Francisco das Chagas Lino Lopes e Fatima Lima Lino. Casado com a farmac\u00eautica Rafaela Miranda, \u00e9 pai de Vitor Hagapto de 11 anos. Formado em Licenciatura Plena de Educa\u00e7\u00e3o F\u00edsica pela UFPE, \u00e9 servidor p\u00fablico municipal e professor na Autarquia Educacional de Belo Jardim -AEB.<\/p>\n<p>Foi eleito com 2465 votos pelo PSDB!<\/p>\n<\/div>\n","protected":false},"excerpt":{"rendered":"<p>Fabricio de Lima Lino, conhecido como Fabricio de Chagas, \u00e9 natural de Belo Jardim, filho de Francisco das Chagas Lino Lopes e Fatima Lima Lino&#8230;.<\/p>\n","protected":false},"author":1,"featured_media":0,"parent":48,"menu_order":0,"comment_status":"closed","ping_status":"closed","template":"","meta":{"footnotes":""},"class_list":["post-14848","page","type-page","status-publish","hentry"],"yoast_head":"<!-- This site is optimized with the Yoast SEO plugin v25.1 - https:\/\/yoast.com\/wordpress\/plugins\/seo\/ -->\n<title>Fabr\u00edcio de Chagas - C\u00e2mara Municipal de Belo Jardim<\/title>\n<meta name=\"robots\" content=\"index, follow, max-snippet:-1, max-image-preview:large, max-video-preview:-1\" \/>\n<link rel=\"canonical\" href=\"https:\/\/belojardim.pe.leg.br\/portal\/vereadores\/fabricio-de-chagas\/\" \/>\n<meta property=\"og:locale\" content=\"pt_BR\" \/>\n<meta property=\"og:type\" content=\"article\" \/>\n<meta property=\"og:title\" content=\"Fabr\u00edcio de Chagas - C\u00e2mara Municipal de Belo Jardim\" \/>\n<meta property=\"og:description\" content=\"Fabricio de Lima Lino, conhecido como Fabricio de Chagas, \u00e9 natural de Belo Jardim, filho de Francisco das Chagas Lino Lopes e Fatima Lima Lino....\" \/>\n<meta property=\"og:url\" content=\"https:\/\/belojardim.pe.leg.br\/portal\/vereadores\/fabricio-de-chagas\/\" \/>\n<meta property=\"og:site_name\" content=\"C\u00e2mara Municipal de Belo Jardim\" \/>\n<meta property=\"article:modified_time\" content=\"2025-04-10T10:28:21+00:00\" \/>\n<meta property=\"og:image\" content=\"https:\/\/belojardim.pe.leg.br\/portal\/wp-content\/uploads\/2025\/03\/WhatsApp-Image-2025-02-20-at-08.22.04.jpeg\" \/>\n\t<meta property=\"og:image:width\" content=\"855\" \/>\n\t<meta property=\"og:image:height\" content=\"1280\" \/>\n\t<meta property=\"og:image:type\" content=\"image\/jpeg\" \/>\n<meta name=\"twitter:card\" content=\"summary_large_image\" \/>\n<meta name=\"twitter:label1\" content=\"Est. tempo de leitura\" \/>\n\t<meta name=\"twitter:data1\" content=\"1 minuto\" \/>\n<script type=\"application\/ld+json\" class=\"yoast-schema-graph\">{\"@context\":\"https:\/\/schema.org\",\"@graph\":[{\"@type\":\"WebPage\",\"@id\":\"https:\/\/belojardim.pe.leg.br\/portal\/vereadores\/fabricio-de-chagas\/\",\"url\":\"https:\/\/belojardim.pe.leg.br\/portal\/vereadores\/fabricio-de-chagas\/\",\"name\":\"Fabr\u00edcio de Chagas - C\u00e2mara Municipal de Belo Jardim\",\"isPartOf\":{\"@id\":\"https:\/\/belojardim.pe.leg.br\/portal\/#website\"},\"primaryImageOfPage\":{\"@id\":\"https:\/\/belojardim.pe.leg.br\/portal\/vereadores\/fabricio-de-chagas\/#primaryimage\"},\"image\":{\"@id\":\"https:\/\/belojardim.pe.leg.br\/portal\/vereadores\/fabricio-de-chagas\/#primaryimage\"},\"thumbnailUrl\":\"https:\/\/belojardim.pe.leg.br\/portal\/wp-content\/uploads\/2025\/03\/WhatsApp-Image-2025-02-20-at-08.22.04-200x300.jpeg\",\"datePublished\":\"2025-02-08T09:41:29+00:00\",\"dateModified\":\"2025-04-10T10:28:21+00:00\",\"breadcrumb\":{\"@id\":\"https:\/\/belojardim.pe.leg.br\/portal\/vereadores\/fabricio-de-chagas\/#breadcrumb\"},\"inLanguage\":\"pt-BR\",\"potentialAction\":[{\"@type\":\"ReadAction\",\"target\":[\"https:\/\/belojardim.pe.leg.br\/portal\/vereadores\/fabricio-de-chagas\/\"]}]},{\"@type\":\"ImageObject\",\"inLanguage\":\"pt-BR\",\"@id\":\"https:\/\/belojardim.pe.leg.br\/portal\/vereadores\/fabricio-de-chagas\/#primaryimage\",\"url\":\"https:\/\/belojardim.pe.leg.br\/portal\/wp-content\/uploads\/2025\/03\/WhatsApp-Image-2025-02-20-at-08.22.04.jpeg\",\"contentUrl\":\"https:\/\/belojardim.pe.leg.br\/portal\/wp-content\/uploads\/2025\/03\/WhatsApp-Image-2025-02-20-at-08.22.04.jpeg\",\"width\":855,\"height\":1280},{\"@type\":\"BreadcrumbList\",\"@id\":\"https:\/\/belojardim.pe.leg.br\/portal\/vereadores\/fabricio-de-chagas\/#breadcrumb\",\"itemListElement\":[{\"@type\":\"ListItem\",\"position\":1,\"name\":\"In\u00edcio\",\"item\":\"https:\/\/belojardim.pe.leg.br\/portal\/\"},{\"@type\":\"ListItem\",\"position\":2,\"name\":\"Vereadores\",\"item\":\"https:\/\/belojardim.pe.leg.br\/portal\/vereadores\/\"},{\"@type\":\"ListItem\",\"position\":3,\"name\":\"Fabr\u00edcio de Chagas\"}]},{\"@type\":\"WebSite\",\"@id\":\"https:\/\/belojardim.pe.leg.br\/portal\/#website\",\"url\":\"https:\/\/belojardim.pe.leg.br\/portal\/\",\"name\":\"C\u00e2mara Municipal de Belo Jardim\",\"description\":\"Casa Cust\u00f3dio Ferreira Mergulh\u00e3o\",\"publisher\":{\"@id\":\"https:\/\/belojardim.pe.leg.br\/portal\/#organization\"},\"potentialAction\":[{\"@type\":\"SearchAction\",\"target\":{\"@type\":\"EntryPoint\",\"urlTemplate\":\"https:\/\/belojardim.pe.leg.br\/portal\/?s={search_term_string}\"},\"query-input\":{\"@type\":\"PropertyValueSpecification\",\"valueRequired\":true,\"valueName\":\"search_term_string\"}}],\"inLanguage\":\"pt-BR\"},{\"@type\":\"Organization\",\"@id\":\"https:\/\/belojardim.pe.leg.br\/portal\/#organization\",\"name\":\"C\u00e2mara Municipal de Belo Jardim\",\"url\":\"https:\/\/belojardim.pe.leg.br\/portal\/\",\"logo\":{\"@type\":\"ImageObject\",\"inLanguage\":\"pt-BR\",\"@id\":\"https:\/\/belojardim.pe.leg.br\/portal\/#\/schema\/logo\/image\/\",\"url\":\"https:\/\/belojardim.pe.leg.br\/portal\/wp-content\/uploads\/2025\/02\/brasao_novo_camara.png\",\"contentUrl\":\"https:\/\/belojardim.pe.leg.br\/portal\/wp-content\/uploads\/2025\/02\/brasao_novo_camara.png\",\"width\":7239,\"height\":1735,\"caption\":\"C\u00e2mara Municipal de Belo Jardim\"},\"image\":{\"@id\":\"https:\/\/belojardim.pe.leg.br\/portal\/#\/schema\/logo\/image\/\"}}]}<\/script>\n<!-- \/ Yoast SEO plugin. -->","yoast_head_json":{"title":"Fabr\u00edcio de Chagas - C\u00e2mara Municipal de Belo Jardim","robots":{"index":"index","follow":"follow","max-snippet":"max-snippet:-1","max-image-preview":"max-image-preview:large","max-video-preview":"max-video-preview:-1"},"canonical":"https:\/\/belojardim.pe.leg.br\/portal\/vereadores\/fabricio-de-chagas\/","og_locale":"pt_BR","og_type":"article","og_title":"Fabr\u00edcio de Chagas - C\u00e2mara Municipal de Belo Jardim","og_description":"Fabricio de Lima Lino, conhecido como Fabricio de Chagas, \u00e9 natural de Belo Jardim, filho de Francisco das Chagas Lino Lopes e Fatima Lima Lino....","og_url":"https:\/\/belojardim.pe.leg.br\/portal\/vereadores\/fabricio-de-chagas\/","og_site_name":"C\u00e2mara Municipal de Belo Jardim","article_modified_time":"2025-04-10T10:28:21+00:00","og_image":[{"width":855,"height":1280,"url":"https:\/\/belojardim.pe.leg.br\/portal\/wp-content\/uploads\/2025\/03\/WhatsApp-Image-2025-02-20-at-08.22.04.jpeg","type":"image\/jpeg"}],"twitter_card":"summary_large_image","twitter_misc":{"Est. tempo de leitura":"1 minuto"},"schema":{"@context":"https:\/\/schema.org","@graph":[{"@type":"WebPage","@id":"https:\/\/belojardim.pe.leg.br\/portal\/vereadores\/fabricio-de-chagas\/","url":"https:\/\/belojardim.pe.leg.br\/portal\/vereadores\/fabricio-de-chagas\/","name":"Fabr\u00edcio de Chagas - C\u00e2mara Municipal de Belo Jardim","isPartOf":{"@id":"https:\/\/belojardim.pe.leg.br\/portal\/#website"},"primaryImageOfPage":{"@id":"https:\/\/belojardim.pe.leg.br\/portal\/vereadores\/fabricio-de-chagas\/#primaryimage"},"image":{"@id":"https:\/\/belojardim.pe.leg.br\/portal\/vereadores\/fabricio-de-chagas\/#primaryimage"},"thumbnailUrl":"https:\/\/belojardim.pe.leg.br\/portal\/wp-content\/uploads\/2025\/03\/WhatsApp-Image-2025-02-20-at-08.22.04-200x300.jpeg","datePublished":"2025-02-08T09:41:29+00:00","dateModified":"2025-04-10T10:28:21+00:00","breadcrumb":{"@id":"https:\/\/belojardim.pe.leg.br\/portal\/vereadores\/fabricio-de-chagas\/#breadcrumb"},"inLanguage":"pt-BR","potentialAction":[{"@type":"ReadAction","target":["https:\/\/belojardim.pe.leg.br\/portal\/vereadores\/fabricio-de-chagas\/"]}]},{"@type":"ImageObject","inLanguage":"pt-BR","@id":"https:\/\/belojardim.pe.leg.br\/portal\/vereadores\/fabricio-de-chagas\/#primaryimage","url":"https:\/\/belojardim.pe.leg.br\/portal\/wp-content\/uploads\/2025\/03\/WhatsApp-Image-2025-02-20-at-08.22.04.jpeg","contentUrl":"https:\/\/belojardim.pe.leg.br\/portal\/wp-content\/uploads\/2025\/03\/WhatsApp-Image-2025-02-20-at-08.22.04.jpeg","width":855,"height":1280},{"@type":"BreadcrumbList","@id":"https:\/\/belojardim.pe.leg.br\/portal\/vereadores\/fabricio-de-chagas\/#breadcrumb","itemListElement":[{"@type":"ListItem","position":1,"name":"In\u00edcio","item":"https:\/\/belojardim.pe.leg.br\/portal\/"},{"@type":"ListItem","position":2,"name":"Vereadores","item":"https:\/\/belojardim.pe.leg.br\/portal\/vereadores\/"},{"@type":"ListItem","position":3,"name":"Fabr\u00edcio de Chagas"}]},{"@type":"WebSite","@id":"https:\/\/belojardim.pe.leg.br\/portal\/#website","url":"https:\/\/belojardim.pe.leg.br\/portal\/","name":"C\u00e2mara Municipal de Belo Jardim","description":"Casa Cust\u00f3dio Ferreira Mergulh\u00e3o","publisher":{"@id":"https:\/\/belojardim.pe.leg.br\/portal\/#organization"},"potentialAction":[{"@type":"SearchAction","target":{"@type":"EntryPoint","urlTemplate":"https:\/\/belojardim.pe.leg.br\/portal\/?s={search_term_string}"},"query-input":{"@type":"PropertyValueSpecification","valueRequired":true,"valueName":"search_term_string"}}],"inLanguage":"pt-BR"},{"@type":"Organization","@id":"https:\/\/belojardim.pe.leg.br\/portal\/#organization","name":"C\u00e2mara Municipal de Belo Jardim","url":"https:\/\/belojardim.pe.leg.br\/portal\/","logo":{"@type":"ImageObject","inLanguage":"pt-BR","@id":"https:\/\/belojardim.pe.leg.br\/portal\/#\/schema\/logo\/image\/","url":"https:\/\/belojardim.pe.leg.br\/portal\/wp-content\/uploads\/2025\/02\/brasao_novo_camara.png","contentUrl":"https:\/\/belojardim.pe.leg.br\/portal\/wp-content\/uploads\/2025\/02\/brasao_novo_camara.png","width":7239,"height":1735,"caption":"C\u00e2mara Municipal de Belo Jardim"},"image":{"@id":"https:\/\/belojardim.pe.leg.br\/portal\/#\/schema\/logo\/image\/"}}]}},"_links":{"self":[{"href":"https:\/\/belojardim.pe.leg.br\/portal\/wp-json\/wp\/v2\/pages\/14848","targetHints":{"allow":["GET"]}}],"collection":[{"href":"https:\/\/belojardim.pe.leg.br\/portal\/wp-json\/wp\/v2\/pages"}],"about":[{"href":"https:\/\/belojardim.pe.leg.br\/portal\/wp-json\/wp\/v2\/types\/page"}],"author":[{"embeddable":true,"href":"https:\/\/belojardim.pe.leg.br\/portal\/wp-json\/wp\/v2\/users\/1"}],"replies":[{"embeddable":true,"href":"https:\/\/belojardim.pe.leg.br\/portal\/wp-json\/wp\/v2\/comments?post=14848"}],"version-history":[{"count":4,"href":"https:\/\/belojardim.pe.leg.br\/portal\/wp-json\/wp\/v2\/pages\/14848\/revisions"}],"predecessor-version":[{"id":15013,"href":"https:\/\/belojardim.pe.leg.br\/portal\/wp-json\/wp\/v2\/pages\/14848\/revisions\/15013"}],"up":[{"embeddable":true,"href":"https:\/\/belojardim.pe.leg.br\/portal\/wp-json\/wp\/v2\/pages\/48"}],"wp:attachment":[{"href":"https:\/\/belojardim.pe.leg.br\/portal\/wp-json\/wp\/v2\/media?parent=14848"}],"curies":[{"name":"wp","href":"https:\/\/api.w.org\/{rel}","templated":true}]}}