{"id":14846,"date":"2025-02-08T06:40:56","date_gmt":"2025-02-08T09:40:56","guid":{"rendered":"https:\/\/belojardim.pe.leg.br\/portal\/?page_id=14846"},"modified":"2025-04-10T17:34:14","modified_gmt":"2025-04-10T20:34:14","slug":"daniel-lopes","status":"publish","type":"page","link":"https:\/\/belojardim.pe.leg.br\/portal\/vereadores\/daniel-lopes\/","title":{"rendered":"Daniel Lopes"},"content":{"rendered":"<div class=\"wp-block-image\"><a href=\"https:\/\/belojardim.pe.leg.br\/portal\/wp-content\/uploads\/2025\/04\/WhatsApp-Image-2025-04-09-at-21.45.09-scaled.jpeg\"><img loading=\"lazy\" decoding=\"async\" class=\"wpa-warning wpa-image-missing-alt alignleft size-medium wp-image-15071\" src=\"https:\/\/belojardim.pe.leg.br\/portal\/wp-content\/uploads\/2025\/04\/WhatsApp-Image-2025-04-09-at-21.45.09-169x300.jpeg\" alt=\"\" width=\"169\" height=\"300\" data-warning=\"Missing alt text\" srcset=\"https:\/\/belojardim.pe.leg.br\/portal\/wp-content\/uploads\/2025\/04\/WhatsApp-Image-2025-04-09-at-21.45.09-169x300.jpeg 169w, https:\/\/belojardim.pe.leg.br\/portal\/wp-content\/uploads\/2025\/04\/WhatsApp-Image-2025-04-09-at-21.45.09-576x1024.jpeg 576w, https:\/\/belojardim.pe.leg.br\/portal\/wp-content\/uploads\/2025\/04\/WhatsApp-Image-2025-04-09-at-21.45.09-768x1365.jpeg 768w, https:\/\/belojardim.pe.leg.br\/portal\/wp-content\/uploads\/2025\/04\/WhatsApp-Image-2025-04-09-at-21.45.09-864x1536.jpeg 864w, https:\/\/belojardim.pe.leg.br\/portal\/wp-content\/uploads\/2025\/04\/WhatsApp-Image-2025-04-09-at-21.45.09-1152x2048.jpeg 1152w, https:\/\/belojardim.pe.leg.br\/portal\/wp-content\/uploads\/2025\/04\/WhatsApp-Image-2025-04-09-at-21.45.09-1218x2165.jpeg 1218w, https:\/\/belojardim.pe.leg.br\/portal\/wp-content\/uploads\/2025\/04\/WhatsApp-Image-2025-04-09-at-21.45.09-scaled.jpeg 1440w\" sizes=\"auto, (max-width: 169px) 100vw, 169px\" \/><\/a><\/div>\n<p>Daniel Lopes, casado com Fernanda, e filho de Z\u00e9 Lopes e Adilza, \u00e9 advogado e p\u00f3s-graduado em Direito Penal e Processo Penal pela Escola Superior da Advocacia. Atuou como Assessor Jur\u00eddico da Procuradoria do Munic\u00edpio de Belo Jardim.<\/p>\n<p>Atualmente est\u00e1 exercendo o seu 1\u00ba mandado como vereador, onde exerce o cargo de Vice-Presidente da C\u00e2mara. Tamb\u00e9m \u00e9 Presidente das Comiss\u00f5es de Legisla\u00e7\u00e3o e Reda\u00e7\u00e3o de Leis, Presidente das Comiss\u00f5es de \u00c9tica e Decoro Parlamentar, e relator das Comiss\u00f5es de Direitos Humanos.<\/p>\n<p>Foi eleito com 2.523 votos pelo Uni\u00e3o Brasil.<\/p>\n","protected":false},"excerpt":{"rendered":"<p>Daniel Lopes, casado com Fernanda, e filho de Z\u00e9 Lopes e Adilza, \u00e9 advogado e p\u00f3s-graduado em Direito Penal e Processo Penal pela Escola Superior&#8230;<\/p>\n","protected":false},"author":1,"featured_media":15071,"parent":48,"menu_order":0,"comment_status":"closed","ping_status":"closed","template":"","meta":{"footnotes":""},"class_list":["post-14846","page","type-page","status-publish","has-post-thumbnail","hentry"],"yoast_head":"<!-- This site is optimized with the Yoast SEO plugin v25.1 - https:\/\/yoast.com\/wordpress\/plugins\/seo\/ -->\n<title>Daniel Lopes - C\u00e2mara Municipal de Belo Jardim<\/title>\n<meta name=\"robots\" content=\"index, follow, max-snippet:-1, max-image-preview:large, max-video-preview:-1\" \/>\n<link rel=\"canonical\" href=\"https:\/\/belojardim.pe.leg.br\/portal\/vereadores\/daniel-lopes\/\" \/>\n<meta property=\"og:locale\" content=\"pt_BR\" \/>\n<meta property=\"og:type\" content=\"article\" \/>\n<meta property=\"og:title\" content=\"Daniel Lopes - C\u00e2mara Municipal de Belo Jardim\" \/>\n<meta property=\"og:description\" content=\"Daniel Lopes, casado com Fernanda, e filho de Z\u00e9 Lopes e Adilza, \u00e9 advogado e p\u00f3s-graduado em Direito Penal e Processo Penal pela Escola Superior...\" \/>\n<meta property=\"og:url\" content=\"https:\/\/belojardim.pe.leg.br\/portal\/vereadores\/daniel-lopes\/\" \/>\n<meta property=\"og:site_name\" content=\"C\u00e2mara Municipal de Belo Jardim\" \/>\n<meta property=\"article:modified_time\" content=\"2025-04-10T20:34:14+00:00\" \/>\n<meta property=\"og:image\" content=\"https:\/\/belojardim.pe.leg.br\/portal\/wp-content\/uploads\/2025\/04\/WhatsApp-Image-2025-04-09-at-21.45.09-scaled.jpeg\" \/>\n\t<meta property=\"og:image:width\" content=\"1440\" \/>\n\t<meta property=\"og:image:height\" content=\"2560\" \/>\n\t<meta property=\"og:image:type\" content=\"image\/jpeg\" \/>\n<meta name=\"twitter:card\" content=\"summary_large_image\" \/>\n<meta name=\"twitter:label1\" content=\"Est. tempo de leitura\" \/>\n\t<meta name=\"twitter:data1\" content=\"1 minuto\" \/>\n<script type=\"application\/ld+json\" class=\"yoast-schema-graph\">{\"@context\":\"https:\/\/schema.org\",\"@graph\":[{\"@type\":\"WebPage\",\"@id\":\"https:\/\/belojardim.pe.leg.br\/portal\/vereadores\/daniel-lopes\/\",\"url\":\"https:\/\/belojardim.pe.leg.br\/portal\/vereadores\/daniel-lopes\/\",\"name\":\"Daniel Lopes - C\u00e2mara Municipal de Belo Jardim\",\"isPartOf\":{\"@id\":\"https:\/\/belojardim.pe.leg.br\/portal\/#website\"},\"primaryImageOfPage\":{\"@id\":\"https:\/\/belojardim.pe.leg.br\/portal\/vereadores\/daniel-lopes\/#primaryimage\"},\"image\":{\"@id\":\"https:\/\/belojardim.pe.leg.br\/portal\/vereadores\/daniel-lopes\/#primaryimage\"},\"thumbnailUrl\":\"https:\/\/belojardim.pe.leg.br\/portal\/wp-content\/uploads\/2025\/04\/WhatsApp-Image-2025-04-09-at-21.45.09-scaled.jpeg\",\"datePublished\":\"2025-02-08T09:40:56+00:00\",\"dateModified\":\"2025-04-10T20:34:14+00:00\",\"breadcrumb\":{\"@id\":\"https:\/\/belojardim.pe.leg.br\/portal\/vereadores\/daniel-lopes\/#breadcrumb\"},\"inLanguage\":\"pt-BR\",\"potentialAction\":[{\"@type\":\"ReadAction\",\"target\":[\"https:\/\/belojardim.pe.leg.br\/portal\/vereadores\/daniel-lopes\/\"]}]},{\"@type\":\"ImageObject\",\"inLanguage\":\"pt-BR\",\"@id\":\"https:\/\/belojardim.pe.leg.br\/portal\/vereadores\/daniel-lopes\/#primaryimage\",\"url\":\"https:\/\/belojardim.pe.leg.br\/portal\/wp-content\/uploads\/2025\/04\/WhatsApp-Image-2025-04-09-at-21.45.09-scaled.jpeg\",\"contentUrl\":\"https:\/\/belojardim.pe.leg.br\/portal\/wp-content\/uploads\/2025\/04\/WhatsApp-Image-2025-04-09-at-21.45.09-scaled.jpeg\",\"width\":1440,\"height\":2560},{\"@type\":\"BreadcrumbList\",\"@id\":\"https:\/\/belojardim.pe.leg.br\/portal\/vereadores\/daniel-lopes\/#breadcrumb\",\"itemListElement\":[{\"@type\":\"ListItem\",\"position\":1,\"name\":\"In\u00edcio\",\"item\":\"https:\/\/belojardim.pe.leg.br\/portal\/\"},{\"@type\":\"ListItem\",\"position\":2,\"name\":\"Vereadores\",\"item\":\"https:\/\/belojardim.pe.leg.br\/portal\/vereadores\/\"},{\"@type\":\"ListItem\",\"position\":3,\"name\":\"Daniel Lopes\"}]},{\"@type\":\"WebSite\",\"@id\":\"https:\/\/belojardim.pe.leg.br\/portal\/#website\",\"url\":\"https:\/\/belojardim.pe.leg.br\/portal\/\",\"name\":\"C\u00e2mara Municipal de Belo Jardim\",\"description\":\"Casa Cust\u00f3dio Ferreira Mergulh\u00e3o\",\"publisher\":{\"@id\":\"https:\/\/belojardim.pe.leg.br\/portal\/#organization\"},\"potentialAction\":[{\"@type\":\"SearchAction\",\"target\":{\"@type\":\"EntryPoint\",\"urlTemplate\":\"https:\/\/belojardim.pe.leg.br\/portal\/?s={search_term_string}\"},\"query-input\":{\"@type\":\"PropertyValueSpecification\",\"valueRequired\":true,\"valueName\":\"search_term_string\"}}],\"inLanguage\":\"pt-BR\"},{\"@type\":\"Organization\",\"@id\":\"https:\/\/belojardim.pe.leg.br\/portal\/#organization\",\"name\":\"C\u00e2mara Municipal de Belo Jardim\",\"url\":\"https:\/\/belojardim.pe.leg.br\/portal\/\",\"logo\":{\"@type\":\"ImageObject\",\"inLanguage\":\"pt-BR\",\"@id\":\"https:\/\/belojardim.pe.leg.br\/portal\/#\/schema\/logo\/image\/\",\"url\":\"https:\/\/belojardim.pe.leg.br\/portal\/wp-content\/uploads\/2025\/02\/brasao_novo_camara.png\",\"contentUrl\":\"https:\/\/belojardim.pe.leg.br\/portal\/wp-content\/uploads\/2025\/02\/brasao_novo_camara.png\",\"width\":7239,\"height\":1735,\"caption\":\"C\u00e2mara Municipal de Belo Jardim\"},\"image\":{\"@id\":\"https:\/\/belojardim.pe.leg.br\/portal\/#\/schema\/logo\/image\/\"}}]}<\/script>\n<!-- \/ Yoast SEO plugin. -->","yoast_head_json":{"title":"Daniel Lopes - C\u00e2mara Municipal de Belo Jardim","robots":{"index":"index","follow":"follow","max-snippet":"max-snippet:-1","max-image-preview":"max-image-preview:large","max-video-preview":"max-video-preview:-1"},"canonical":"https:\/\/belojardim.pe.leg.br\/portal\/vereadores\/daniel-lopes\/","og_locale":"pt_BR","og_type":"article","og_title":"Daniel Lopes - C\u00e2mara Municipal de Belo Jardim","og_description":"Daniel Lopes, casado com Fernanda, e filho de Z\u00e9 Lopes e Adilza, \u00e9 advogado e p\u00f3s-graduado em Direito Penal e Processo Penal pela Escola Superior...","og_url":"https:\/\/belojardim.pe.leg.br\/portal\/vereadores\/daniel-lopes\/","og_site_name":"C\u00e2mara Municipal de Belo Jardim","article_modified_time":"2025-04-10T20:34:14+00:00","og_image":[{"width":1440,"height":2560,"url":"https:\/\/belojardim.pe.leg.br\/portal\/wp-content\/uploads\/2025\/04\/WhatsApp-Image-2025-04-09-at-21.45.09-scaled.jpeg","type":"image\/jpeg"}],"twitter_card":"summary_large_image","twitter_misc":{"Est. tempo de leitura":"1 minuto"},"schema":{"@context":"https:\/\/schema.org","@graph":[{"@type":"WebPage","@id":"https:\/\/belojardim.pe.leg.br\/portal\/vereadores\/daniel-lopes\/","url":"https:\/\/belojardim.pe.leg.br\/portal\/vereadores\/daniel-lopes\/","name":"Daniel Lopes - C\u00e2mara Municipal de Belo Jardim","isPartOf":{"@id":"https:\/\/belojardim.pe.leg.br\/portal\/#website"},"primaryImageOfPage":{"@id":"https:\/\/belojardim.pe.leg.br\/portal\/vereadores\/daniel-lopes\/#primaryimage"},"image":{"@id":"https:\/\/belojardim.pe.leg.br\/portal\/vereadores\/daniel-lopes\/#primaryimage"},"thumbnailUrl":"https:\/\/belojardim.pe.leg.br\/portal\/wp-content\/uploads\/2025\/04\/WhatsApp-Image-2025-04-09-at-21.45.09-scaled.jpeg","datePublished":"2025-02-08T09:40:56+00:00","dateModified":"2025-04-10T20:34:14+00:00","breadcrumb":{"@id":"https:\/\/belojardim.pe.leg.br\/portal\/vereadores\/daniel-lopes\/#breadcrumb"},"inLanguage":"pt-BR","potentialAction":[{"@type":"ReadAction","target":["https:\/\/belojardim.pe.leg.br\/portal\/vereadores\/daniel-lopes\/"]}]},{"@type":"ImageObject","inLanguage":"pt-BR","@id":"https:\/\/belojardim.pe.leg.br\/portal\/vereadores\/daniel-lopes\/#primaryimage","url":"https:\/\/belojardim.pe.leg.br\/portal\/wp-content\/uploads\/2025\/04\/WhatsApp-Image-2025-04-09-at-21.45.09-scaled.jpeg","contentUrl":"https:\/\/belojardim.pe.leg.br\/portal\/wp-content\/uploads\/2025\/04\/WhatsApp-Image-2025-04-09-at-21.45.09-scaled.jpeg","width":1440,"height":2560},{"@type":"BreadcrumbList","@id":"https:\/\/belojardim.pe.leg.br\/portal\/vereadores\/daniel-lopes\/#breadcrumb","itemListElement":[{"@type":"ListItem","position":1,"name":"In\u00edcio","item":"https:\/\/belojardim.pe.leg.br\/portal\/"},{"@type":"ListItem","position":2,"name":"Vereadores","item":"https:\/\/belojardim.pe.leg.br\/portal\/vereadores\/"},{"@type":"ListItem","position":3,"name":"Daniel Lopes"}]},{"@type":"WebSite","@id":"https:\/\/belojardim.pe.leg.br\/portal\/#website","url":"https:\/\/belojardim.pe.leg.br\/portal\/","name":"C\u00e2mara Municipal de Belo Jardim","description":"Casa Cust\u00f3dio Ferreira Mergulh\u00e3o","publisher":{"@id":"https:\/\/belojardim.pe.leg.br\/portal\/#organization"},"potentialAction":[{"@type":"SearchAction","target":{"@type":"EntryPoint","urlTemplate":"https:\/\/belojardim.pe.leg.br\/portal\/?s={search_term_string}"},"query-input":{"@type":"PropertyValueSpecification","valueRequired":true,"valueName":"search_term_string"}}],"inLanguage":"pt-BR"},{"@type":"Organization","@id":"https:\/\/belojardim.pe.leg.br\/portal\/#organization","name":"C\u00e2mara Municipal de Belo Jardim","url":"https:\/\/belojardim.pe.leg.br\/portal\/","logo":{"@type":"ImageObject","inLanguage":"pt-BR","@id":"https:\/\/belojardim.pe.leg.br\/portal\/#\/schema\/logo\/image\/","url":"https:\/\/belojardim.pe.leg.br\/portal\/wp-content\/uploads\/2025\/02\/brasao_novo_camara.png","contentUrl":"https:\/\/belojardim.pe.leg.br\/portal\/wp-content\/uploads\/2025\/02\/brasao_novo_camara.png","width":7239,"height":1735,"caption":"C\u00e2mara Municipal de Belo Jardim"},"image":{"@id":"https:\/\/belojardim.pe.leg.br\/portal\/#\/schema\/logo\/image\/"}}]}},"_links":{"self":[{"href":"https:\/\/belojardim.pe.leg.br\/portal\/wp-json\/wp\/v2\/pages\/14846","targetHints":{"allow":["GET"]}}],"collection":[{"href":"https:\/\/belojardim.pe.leg.br\/portal\/wp-json\/wp\/v2\/pages"}],"about":[{"href":"https:\/\/belojardim.pe.leg.br\/portal\/wp-json\/wp\/v2\/types\/page"}],"author":[{"embeddable":true,"href":"https:\/\/belojardim.pe.leg.br\/portal\/wp-json\/wp\/v2\/users\/1"}],"replies":[{"embeddable":true,"href":"https:\/\/belojardim.pe.leg.br\/portal\/wp-json\/wp\/v2\/comments?post=14846"}],"version-history":[{"count":6,"href":"https:\/\/belojardim.pe.leg.br\/portal\/wp-json\/wp\/v2\/pages\/14846\/revisions"}],"predecessor-version":[{"id":15069,"href":"https:\/\/belojardim.pe.leg.br\/portal\/wp-json\/wp\/v2\/pages\/14846\/revisions\/15069"}],"up":[{"embeddable":true,"href":"https:\/\/belojardim.pe.leg.br\/portal\/wp-json\/wp\/v2\/pages\/48"}],"wp:featuredmedia":[{"embeddable":true,"href":"https:\/\/belojardim.pe.leg.br\/portal\/wp-json\/wp\/v2\/media\/15071"}],"wp:attachment":[{"href":"https:\/\/belojardim.pe.leg.br\/portal\/wp-json\/wp\/v2\/media?parent=14846"}],"curies":[{"name":"wp","href":"https:\/\/api.w.org\/{rel}","templated":true}]}}