{"id":12407,"date":"2023-07-23T22:51:05","date_gmt":"2023-07-24T01:51:05","guid":{"rendered":"https:\/\/belojardim.pe.leg.br\/portal\/?page_id=12407"},"modified":"2023-07-23T22:51:05","modified_gmt":"2023-07-24T01:51:05","slug":"duvidas-e-perguntas-frequentes","status":"publish","type":"page","link":"https:\/\/belojardim.pe.leg.br\/portal\/duvidas-e-perguntas-frequentes\/","title":{"rendered":"D\u00favidas e Perguntas Frequentes"},"content":{"rendered":"<p>Rela\u00e7\u00e3o das principais perguntas e repostas relativas \u00e0 C\u00e2mara Municipal de Belo Jardim.<\/p>\n<p><strong>PERGUNTAS.<\/strong><\/p>\n<p>O que faz um vereador?<\/p>\n<p>Qual o hor\u00e1rio de funcionamento da C\u00e2mara?<\/p>\n<p>Quais os dias e hor\u00e1rios das sess\u00f5es ordin\u00e1rias?<\/p>\n<p>Quem pode participar das sess\u00f5es ordin\u00e1rias?<\/p>\n<p>Como fa\u00e7o para ter acesso \u00e0s pautas da reuni\u00e3o?<\/p>\n<p>O que \u00e9 Legislatura?<\/p>\n<p>O que \u00e9 sess\u00e3o legislativa?<\/p>\n<p>Quando e como \u00e9 renovada uma legislatura?<\/p>\n<p>O que \u00e9 a mesa diretora?<\/p>\n<p>Como \u00e9 eleita a mesa diretora da C\u00e2mara?<\/p>\n<p>O que s\u00e3o as comiss\u00f5es parlamentares?<\/p>\n<p>Como s\u00e3o formadas essas comiss\u00f5es?<\/p>\n<p>Qual a fun\u00e7\u00e3o das Comiss\u00f5es?<\/p>\n<p>Quais s\u00e3o as comiss\u00f5es parlamentares existentes?<\/p>\n<p>Quando acontecem as audi\u00eancias p\u00fablicas?<\/p>\n<p>Como fa\u00e7o para conseguir uma audi\u00eancia p\u00fablica na C\u00e2mara?<\/p>\n<p>Como fa\u00e7o para acessar as informa\u00e7\u00f5es sobre as receitas, despesas, folhas de pagamento, contratos e licita\u00e7\u00f5es da C\u00e2mara de Caruaru?<\/p>\n<p>Como \u00e9 feita divulga\u00e7\u00e3o dos editais de contrata\u00e7\u00e3o e licita\u00e7\u00e3o da C\u00e2mara?<\/p>\n<p>Como podemos fazer para reservar um espa\u00e7o na casa para evento externo?<\/p>\n<p><strong>\u00a0<\/strong><\/p>\n<p><strong>RESPOSTAS.<\/strong><\/p>\n<p><strong>\u00a0<\/strong><\/p>\n<p><strong>O QUE FAZ UM VEREADOR?<\/strong><\/p>\n<p>\u00c9 papel do vereador, enquanto representante que est\u00e1 mais pr\u00f3ximo das comunidades, legislar pela organiza\u00e7\u00e3o pol\u00edtico-administrativa da cidade e fiscalizar as a\u00e7\u00f5es da prefeitura e das demais institui\u00e7\u00f5es que exer\u00e7am atividade de interesse municipal. O parlamentar tem o poder e o dever de fiscalizar a administra\u00e7\u00e3o, cuidar da aplica\u00e7\u00e3o dos recursos, acompanhar o or\u00e7amento e apresentar pedido de informa\u00e7\u00f5es sobre temas de interesse da cidade.<\/p>\n<p><strong>QUAL O HOR\u00c1RIO DE FUNCIONAMENTO DA C\u00c2MARA?<\/strong><\/p>\n<p>O expediente administrativo do \u00f3rg\u00e3o \u00e9 de segunda a sexta-feira, das 7h \u00e0s 13h.<\/p>\n<p><strong>QUAIS OS DIAS E HOR\u00c1RIOS DAS SESS\u00d5ES ORDIN\u00c1RIAS?<\/strong><\/p>\n<p>As sess\u00f5es ordin\u00e1rias ocorrem todas as ter\u00e7as e quintas, com in\u00edcio previsto \u00e0s 20h e encerramento at\u00e9 as 23h.<\/p>\n<p><strong>QUEM PODE PARTICIPAR DAS SESS\u00d5ES ORDIN\u00c1RIAS E COMO FAZER PARA PARTICIPAR?<\/strong><\/p>\n<p>Qualquer cidad\u00e3o pode participar das sess\u00f5es, desde que em trajes apropriados (proibida a entrada com bermudas, shorts e minissaias), independente de aviso pr\u00e9vio ao \u00f3rg\u00e3o. Ou ainda, o interessado pode acompanhar a transmiss\u00e3o ao vivo da sess\u00e3o na p\u00e1gina oficial do Poder Legislativo no Facebook. Tamb\u00e9m \u00e9 poss\u00edvel acessar as grava\u00e7\u00f5es em data posterior \u00e0 da reuni\u00e3o.<\/p>\n<p><strong>COMO FA\u00c7O PARA TER ACESSO \u00c0S PAUTAS DA REUNI\u00c3O? <\/strong><\/p>\n<p>Basta acessar o link: https:\/\/transparencia.camarabelojardim.pe.gov.br\/pautas.php e em seguida selecionar a data da reuni\u00e3o, e clicar no bot\u00e3o abrir arquivo.<\/p>\n<p><strong>O QUE \u00c9 LEGISLATURA? <\/strong><\/p>\n<p>Legislatura corresponde ao per\u00edodo completo de exerc\u00edcio dos mandatos dos vereadores eleitos, que no caso \u00e9 de quatro anos.<\/p>\n<p><strong>O QUE \u00c9 SESS\u00c3O LEGISLATIVA?<\/strong><\/p>\n<p>Sess\u00e3o Legislativa \u00e9 a nomenclatura que se d\u00e1 ao per\u00edodo anual de funcionamento do Poder Legislativo. Ou seja, uma legislatura \u00e9 composta por quatro sess\u00f5es legislativas.<\/p>\n<p><strong>QUANDO E COMO \u00c9 RENOVADA UMA LEGISLATURA?<\/strong><\/p>\n<p>Uma legislatura \u00e9 renovada a cada quatro anos, atrav\u00e9s da elei\u00e7\u00e3o direta, quando votamos nos representantes para o Legislativo.<\/p>\n<p><strong>O QUE \u00c9 A MESA DIRETORA?<\/strong><\/p>\n<p>A Mesa Diretora \u00e9 o \u00f3rg\u00e3o diretor dos trabalhos da C\u00e2mara, sendo constitu\u00edda por Presidente, 1\u00ba Secret\u00e1rio e 2\u00ba Secret\u00e1rio, integrantes da Comiss\u00e3o Executiva, que ainda conta com 1\u00ba e 2\u00ba Vice-Presidentes.<\/p>\n<p><strong>COMO \u00c9 ELEITA A MESA DIRETORA DA C\u00c2MARA?<\/strong><\/p>\n<p>A Mesa Diretora \u00e9 eleita atrav\u00e9s de vota\u00e7\u00e3o direta dos parlamentares, que acontece no dia 1\u00ba de janeiro do ano de in\u00edcio da legislatura, logo ap\u00f3s a solenidade de posse. O mandato dos membros da Mesa tem dura\u00e7\u00e3o de dois anos. Uma nova elei\u00e7\u00e3o \u00e9 convocada em data pr\u00f3xima ao fim do primeiro bi\u00eanio.<\/p>\n<p><strong>O QUE S\u00c3O AS COMISS\u00d5ES PARLAMENTARES?<\/strong><\/p>\n<p>S\u00e3o grupos formados por vereadores para uma an\u00e1lise pr\u00e9via da constitucionalidade, legalidade e regimentalidade dos projetos que ser\u00e3o discutidos no Plen\u00e1rio. Possuem compet\u00eancia para proferir Pareceres, ofertar Emenda e apresentar Projeto de Lei.<\/p>\n<p><strong>COMO S\u00c3O FORMADAS ESSAS COMISS\u00d5ES?<\/strong><\/p>\n<p>A distribui\u00e7\u00e3o dos parlamentares por Comiss\u00e3o \u00e9 feita levando em conta a afinidade com o tema. Geralmente, os vereadores integram as Comiss\u00f5es que tratam dos assuntos mais ligados \u00e0s suas bandeiras de atua\u00e7\u00e3o: sa\u00fade, seguran\u00e7a, educa\u00e7\u00e3o, obras, etc. Os parlamentares s\u00e3o designados pelo Presidente da Mesa Diretora. Durante a primeira reuni\u00e3o das Comiss\u00f5es, ficam eleitos seus respectivos Presidentes, por meio de voto nominal \u2013 aquele que todos sabem quem est\u00e1 votando em quem.<\/p>\n<p><strong>QUAL A FUN\u00c7\u00c3O DAS COMISS\u00d5ES? <\/strong><\/p>\n<p>A fun\u00e7\u00e3o da Comiss\u00e3o \u00e9 emitir um parecer sobre a mat\u00e9ria de sua compet\u00eancia. Em outras palavras: analisar, discutir e elaborar um texto que expresse sua avalia\u00e7\u00e3o sobre o tema referente a sua \u00e1rea de atua\u00e7\u00e3o, seja ela Direitos Humanos, Meio Ambiente, Seguran\u00e7a P\u00fablica ou outras \u00e1reas. A Comiss\u00e3o aponta se aquele projeto atende todos os requisitos necess\u00e1rios para a vota\u00e7\u00e3o ou se precisa ser ajustado em algum ponto, ou arquivado.<\/p>\n<p><strong>QUAIS S\u00c3O AS COMISS\u00d5ES PARLAMENTARES EXISTENTES?<\/strong><\/p>\n<p>Essas s\u00e3o as comiss\u00f5es existentes atualmente: https:\/\/belojardim.pe.leg.br\/portal\/comissoes\/<\/p>\n<p><strong>QUANDO ACONTECEM AS AUDI\u00caNCIAS P\u00daBLICAS?<\/strong><\/p>\n<p>Para que as audi\u00eancias p\u00fablicas aconte\u00e7am \u00e9 necess\u00e1ria a apresenta\u00e7\u00e3o de um Requerimento, de autoria do Vereador, com justificativa sobre a import\u00e2ncia do tema. Ap\u00f3s a aprova\u00e7\u00e3o, em sess\u00e3o ordin\u00e1ria, as audi\u00eancias s\u00e3o agendadas em datas definidas conforme disponibilidade da Casa.<\/p>\n<p><strong>COMO FA\u00c7O PARA CONSEGUIR UMA AUDI\u00caNCIA P\u00daBLICA NA C\u00c2MARA?<\/strong><\/p>\n<p>S\u00e3o os vereadores que solicitam as audi\u00eancias p\u00fablicas da Casa. Caso tenha um tema que merece ser tratado em uma audi\u00eancia formal, voc\u00ea pode entrar em contato com um gabinete e alinhar com o vereador a sua proposta.<\/p>\n<p><strong>COMO FA\u00c7O PARA ACESSAR AS INFORMA\u00c7\u00d5ES SOBRE AS RECEITAS, DESPESAS, FOLHAS DE PAGAMENTO, CONTRATOS E LICITA\u00c7\u00d5ES DA C\u00c2MARA DE BELO JARDIM?<\/strong><\/p>\n<p>Todas as informa\u00e7\u00f5es p\u00fablicas do \u00f3rg\u00e3o est\u00e3o dispon\u00edveis para serem acessadas de forma gratuita atrav\u00e9s do Portal da Transpar\u00eancia, no link: https:\/\/transparencia.camarabelojardim.pe.gov.br<\/p>\n<p><strong>COMO \u00c9 FEITA DIVULGA\u00c7\u00c3O DOS EDITAIS DE CONTRATA\u00c7\u00c3O E LICITA\u00c7\u00c3O DA C\u00c2MARA?<\/strong><\/p>\n<p>A divulga\u00e7\u00e3o dos editais de licita\u00e7\u00e3o e contrata\u00e7\u00e3o do \u00f3rg\u00e3o \u00e9 feita atrav\u00e9s do Di\u00e1rio Oficial do Munic\u00edpio, dispon\u00edvel na internet e em jornal impresso de grande circula\u00e7\u00e3o. Al\u00e9m disso, as informa\u00e7\u00f5es s\u00e3o afixadas no mural do Plen\u00e1rio da C\u00e2mara para acesso p\u00fablico e ainda s\u00e3o disponibilizadas no Portal da Transpar\u00eancia no site do Poder Legislativo de Belo Jardim.<\/p>\n<p><strong>COMO PODEMOS FAZER PARA RESERVAR UM ESPA\u00c7O NA CASA PARA EVENTO EXTERNO?<\/strong><\/p>\n<p>Para solicitar a reserva de espa\u00e7o a entidade ou \u00f3rg\u00e3o que tenha interesse deve encaminhar of\u00edcio ao gabinete da Presid\u00eancia da C\u00e2mara Municipal de Belo Jardim, pontuando o espa\u00e7o que precisa, o evento que pretende realizar, com data, hor\u00e1rio e quantidade de pessoas que ir\u00e3o participar. Ap\u00f3s autoriza\u00e7\u00e3o do presidente e checagem da agenda de atividades da C\u00e2mara, o espa\u00e7o estar\u00e1 dispon\u00edvel para o evento.<\/p>\n","protected":false},"excerpt":{"rendered":"<p>Rela\u00e7\u00e3o das principais perguntas e repostas relativas \u00e0 C\u00e2mara Municipal de Belo Jardim. PERGUNTAS. O que faz um vereador? Qual o hor\u00e1rio de funcionamento da&#8230;<\/p>\n","protected":false},"author":1,"featured_media":0,"parent":0,"menu_order":0,"comment_status":"closed","ping_status":"closed","template":"","meta":{"footnotes":""},"class_list":["post-12407","page","type-page","status-publish","hentry"],"yoast_head":"<!-- This site is optimized with the Yoast SEO plugin v25.1 - https:\/\/yoast.com\/wordpress\/plugins\/seo\/ -->\n<title>D\u00favidas e Perguntas Frequentes - C\u00e2mara Municipal de Belo Jardim<\/title>\n<meta name=\"robots\" content=\"index, follow, max-snippet:-1, max-image-preview:large, max-video-preview:-1\" \/>\n<link rel=\"canonical\" href=\"https:\/\/belojardim.pe.leg.br\/portal\/duvidas-e-perguntas-frequentes\/\" \/>\n<meta property=\"og:locale\" content=\"pt_BR\" \/>\n<meta property=\"og:type\" content=\"article\" \/>\n<meta property=\"og:title\" content=\"D\u00favidas e Perguntas Frequentes - C\u00e2mara Municipal de Belo Jardim\" \/>\n<meta property=\"og:description\" content=\"Rela\u00e7\u00e3o das principais perguntas e repostas relativas \u00e0 C\u00e2mara Municipal de Belo Jardim. PERGUNTAS. O que faz um vereador? Qual o hor\u00e1rio de funcionamento da...\" \/>\n<meta property=\"og:url\" content=\"https:\/\/belojardim.pe.leg.br\/portal\/duvidas-e-perguntas-frequentes\/\" \/>\n<meta property=\"og:site_name\" content=\"C\u00e2mara Municipal de Belo Jardim\" \/>\n<meta name=\"twitter:card\" content=\"summary_large_image\" \/>\n<meta name=\"twitter:label1\" content=\"Est. tempo de leitura\" \/>\n\t<meta name=\"twitter:data1\" content=\"6 minutos\" \/>\n<script type=\"application\/ld+json\" class=\"yoast-schema-graph\">{\"@context\":\"https:\/\/schema.org\",\"@graph\":[{\"@type\":\"WebPage\",\"@id\":\"https:\/\/belojardim.pe.leg.br\/portal\/duvidas-e-perguntas-frequentes\/\",\"url\":\"https:\/\/belojardim.pe.leg.br\/portal\/duvidas-e-perguntas-frequentes\/\",\"name\":\"D\u00favidas e Perguntas Frequentes - C\u00e2mara Municipal de Belo Jardim\",\"isPartOf\":{\"@id\":\"https:\/\/belojardim.pe.leg.br\/portal\/#website\"},\"datePublished\":\"2023-07-24T01:51:05+00:00\",\"breadcrumb\":{\"@id\":\"https:\/\/belojardim.pe.leg.br\/portal\/duvidas-e-perguntas-frequentes\/#breadcrumb\"},\"inLanguage\":\"pt-BR\",\"potentialAction\":[{\"@type\":\"ReadAction\",\"target\":[\"https:\/\/belojardim.pe.leg.br\/portal\/duvidas-e-perguntas-frequentes\/\"]}]},{\"@type\":\"BreadcrumbList\",\"@id\":\"https:\/\/belojardim.pe.leg.br\/portal\/duvidas-e-perguntas-frequentes\/#breadcrumb\",\"itemListElement\":[{\"@type\":\"ListItem\",\"position\":1,\"name\":\"In\u00edcio\",\"item\":\"https:\/\/belojardim.pe.leg.br\/portal\/\"},{\"@type\":\"ListItem\",\"position\":2,\"name\":\"D\u00favidas e Perguntas Frequentes\"}]},{\"@type\":\"WebSite\",\"@id\":\"https:\/\/belojardim.pe.leg.br\/portal\/#website\",\"url\":\"https:\/\/belojardim.pe.leg.br\/portal\/\",\"name\":\"C\u00e2mara Municipal de Belo Jardim\",\"description\":\"Casa Cust\u00f3dio Ferreira Mergulh\u00e3o\",\"publisher\":{\"@id\":\"https:\/\/belojardim.pe.leg.br\/portal\/#organization\"},\"potentialAction\":[{\"@type\":\"SearchAction\",\"target\":{\"@type\":\"EntryPoint\",\"urlTemplate\":\"https:\/\/belojardim.pe.leg.br\/portal\/?s={search_term_string}\"},\"query-input\":{\"@type\":\"PropertyValueSpecification\",\"valueRequired\":true,\"valueName\":\"search_term_string\"}}],\"inLanguage\":\"pt-BR\"},{\"@type\":\"Organization\",\"@id\":\"https:\/\/belojardim.pe.leg.br\/portal\/#organization\",\"name\":\"C\u00e2mara Municipal de Belo Jardim\",\"url\":\"https:\/\/belojardim.pe.leg.br\/portal\/\",\"logo\":{\"@type\":\"ImageObject\",\"inLanguage\":\"pt-BR\",\"@id\":\"https:\/\/belojardim.pe.leg.br\/portal\/#\/schema\/logo\/image\/\",\"url\":\"https:\/\/belojardim.pe.leg.br\/portal\/wp-content\/uploads\/2025\/02\/brasao_novo_camara.png\",\"contentUrl\":\"https:\/\/belojardim.pe.leg.br\/portal\/wp-content\/uploads\/2025\/02\/brasao_novo_camara.png\",\"width\":7239,\"height\":1735,\"caption\":\"C\u00e2mara Municipal de Belo Jardim\"},\"image\":{\"@id\":\"https:\/\/belojardim.pe.leg.br\/portal\/#\/schema\/logo\/image\/\"}}]}<\/script>\n<!-- \/ Yoast SEO plugin. -->","yoast_head_json":{"title":"D\u00favidas e Perguntas Frequentes - C\u00e2mara Municipal de Belo Jardim","robots":{"index":"index","follow":"follow","max-snippet":"max-snippet:-1","max-image-preview":"max-image-preview:large","max-video-preview":"max-video-preview:-1"},"canonical":"https:\/\/belojardim.pe.leg.br\/portal\/duvidas-e-perguntas-frequentes\/","og_locale":"pt_BR","og_type":"article","og_title":"D\u00favidas e Perguntas Frequentes - C\u00e2mara Municipal de Belo Jardim","og_description":"Rela\u00e7\u00e3o das principais perguntas e repostas relativas \u00e0 C\u00e2mara Municipal de Belo Jardim. PERGUNTAS. O que faz um vereador? Qual o hor\u00e1rio de funcionamento da...","og_url":"https:\/\/belojardim.pe.leg.br\/portal\/duvidas-e-perguntas-frequentes\/","og_site_name":"C\u00e2mara Municipal de Belo Jardim","twitter_card":"summary_large_image","twitter_misc":{"Est. tempo de leitura":"6 minutos"},"schema":{"@context":"https:\/\/schema.org","@graph":[{"@type":"WebPage","@id":"https:\/\/belojardim.pe.leg.br\/portal\/duvidas-e-perguntas-frequentes\/","url":"https:\/\/belojardim.pe.leg.br\/portal\/duvidas-e-perguntas-frequentes\/","name":"D\u00favidas e Perguntas Frequentes - C\u00e2mara Municipal de Belo Jardim","isPartOf":{"@id":"https:\/\/belojardim.pe.leg.br\/portal\/#website"},"datePublished":"2023-07-24T01:51:05+00:00","breadcrumb":{"@id":"https:\/\/belojardim.pe.leg.br\/portal\/duvidas-e-perguntas-frequentes\/#breadcrumb"},"inLanguage":"pt-BR","potentialAction":[{"@type":"ReadAction","target":["https:\/\/belojardim.pe.leg.br\/portal\/duvidas-e-perguntas-frequentes\/"]}]},{"@type":"BreadcrumbList","@id":"https:\/\/belojardim.pe.leg.br\/portal\/duvidas-e-perguntas-frequentes\/#breadcrumb","itemListElement":[{"@type":"ListItem","position":1,"name":"In\u00edcio","item":"https:\/\/belojardim.pe.leg.br\/portal\/"},{"@type":"ListItem","position":2,"name":"D\u00favidas e Perguntas Frequentes"}]},{"@type":"WebSite","@id":"https:\/\/belojardim.pe.leg.br\/portal\/#website","url":"https:\/\/belojardim.pe.leg.br\/portal\/","name":"C\u00e2mara Municipal de Belo Jardim","description":"Casa Cust\u00f3dio Ferreira Mergulh\u00e3o","publisher":{"@id":"https:\/\/belojardim.pe.leg.br\/portal\/#organization"},"potentialAction":[{"@type":"SearchAction","target":{"@type":"EntryPoint","urlTemplate":"https:\/\/belojardim.pe.leg.br\/portal\/?s={search_term_string}"},"query-input":{"@type":"PropertyValueSpecification","valueRequired":true,"valueName":"search_term_string"}}],"inLanguage":"pt-BR"},{"@type":"Organization","@id":"https:\/\/belojardim.pe.leg.br\/portal\/#organization","name":"C\u00e2mara Municipal de Belo Jardim","url":"https:\/\/belojardim.pe.leg.br\/portal\/","logo":{"@type":"ImageObject","inLanguage":"pt-BR","@id":"https:\/\/belojardim.pe.leg.br\/portal\/#\/schema\/logo\/image\/","url":"https:\/\/belojardim.pe.leg.br\/portal\/wp-content\/uploads\/2025\/02\/brasao_novo_camara.png","contentUrl":"https:\/\/belojardim.pe.leg.br\/portal\/wp-content\/uploads\/2025\/02\/brasao_novo_camara.png","width":7239,"height":1735,"caption":"C\u00e2mara Municipal de Belo Jardim"},"image":{"@id":"https:\/\/belojardim.pe.leg.br\/portal\/#\/schema\/logo\/image\/"}}]}},"_links":{"self":[{"href":"https:\/\/belojardim.pe.leg.br\/portal\/wp-json\/wp\/v2\/pages\/12407","targetHints":{"allow":["GET"]}}],"collection":[{"href":"https:\/\/belojardim.pe.leg.br\/portal\/wp-json\/wp\/v2\/pages"}],"about":[{"href":"https:\/\/belojardim.pe.leg.br\/portal\/wp-json\/wp\/v2\/types\/page"}],"author":[{"embeddable":true,"href":"https:\/\/belojardim.pe.leg.br\/portal\/wp-json\/wp\/v2\/users\/1"}],"replies":[{"embeddable":true,"href":"https:\/\/belojardim.pe.leg.br\/portal\/wp-json\/wp\/v2\/comments?post=12407"}],"version-history":[{"count":1,"href":"https:\/\/belojardim.pe.leg.br\/portal\/wp-json\/wp\/v2\/pages\/12407\/revisions"}],"predecessor-version":[{"id":12408,"href":"https:\/\/belojardim.pe.leg.br\/portal\/wp-json\/wp\/v2\/pages\/12407\/revisions\/12408"}],"wp:attachment":[{"href":"https:\/\/belojardim.pe.leg.br\/portal\/wp-json\/wp\/v2\/media?parent=12407"}],"curies":[{"name":"wp","href":"https:\/\/api.w.org\/{rel}","templated":true}]}}