{"id":12362,"date":"2023-07-15T07:19:55","date_gmt":"2023-07-15T10:19:55","guid":{"rendered":"https:\/\/belojardim.pe.leg.br\/portal\/?page_id=12362"},"modified":"2025-03-20T09:54:15","modified_gmt":"2025-03-20T12:54:15","slug":"nilton-senhorinho","status":"publish","type":"page","link":"https:\/\/belojardim.pe.leg.br\/portal\/nilton-senhorinho\/","title":{"rendered":"Nilton Senhorinho"},"content":{"rendered":"<div class=\"wp-block-image\"><img loading=\"lazy\" decoding=\"async\" class=\"alignleft size-medium wp-image-12363\" src=\"https:\/\/belojardim.pe.leg.br\/portal\/wp-content\/uploads\/2023\/07\/Jose-Nilton-da-Silva-Senhorinho-225x300.jpg\" alt=\"\" width=\"225\" height=\"300\" srcset=\"https:\/\/belojardim.pe.leg.br\/portal\/wp-content\/uploads\/2023\/07\/Jose-Nilton-da-Silva-Senhorinho-225x300.jpg 225w, https:\/\/belojardim.pe.leg.br\/portal\/wp-content\/uploads\/2023\/07\/Jose-Nilton-da-Silva-Senhorinho-768x1024.jpg 768w, https:\/\/belojardim.pe.leg.br\/portal\/wp-content\/uploads\/2023\/07\/Jose-Nilton-da-Silva-Senhorinho-1152x1536.jpg 1152w, https:\/\/belojardim.pe.leg.br\/portal\/wp-content\/uploads\/2023\/07\/Jose-Nilton-da-Silva-Senhorinho-1536x2048.jpg 1536w, https:\/\/belojardim.pe.leg.br\/portal\/wp-content\/uploads\/2023\/07\/Jose-Nilton-da-Silva-Senhorinho-1218x1624.jpg 1218w, https:\/\/belojardim.pe.leg.br\/portal\/wp-content\/uploads\/2023\/07\/Jose-Nilton-da-Silva-Senhorinho-scaled.jpg 1920w\" sizes=\"auto, (max-width: 225px) 100vw, 225px\" \/><\/div>\n<p>Nilton Senhorinho \u00e9 natural de Belo Jardim, filho de Pedro F\u00e9lix Senhorinho e Neuza Quirino da Silva Senhorinho. \u00c9 Servidor P\u00fablico Municipal desde 01\/12\/2000, contabilista e bacharel em direito. Foi Secret\u00e1rio de Educa\u00e7\u00e3o de Belo Jardim entre 2013 e 2014 e tamb\u00e9m Secret\u00e1rio de Cultura, Turismo e eventos entre os anos 2014 e 2016. Em 2016 interrompeu a sua atua\u00e7\u00e3o na gest\u00e3o municipal para se candidatar ao cargo vereador, sendo eleito. Em 2024 teve o mandato renovado e hoje executa o seu terceiro mandato. No Poder Legislativo Nilton Senhorinho \u00e9 tamb\u00e9m 2\u00ba secret\u00e1rio.<\/p>\n<p>Foi eleito com 1.491 votos pelo Pode<\/p>\n","protected":false},"excerpt":{"rendered":"<p>Nilton Senhorinho \u00e9 natural de Belo Jardim, filho de Pedro F\u00e9lix Senhorinho e Neuza Quirino da Silva Senhorinho. \u00c9 Servidor P\u00fablico Municipal desde 01\/12\/2000, contabilista&#8230;<\/p>\n","protected":false},"author":1,"featured_media":0,"parent":0,"menu_order":0,"comment_status":"closed","ping_status":"closed","template":"","meta":{"footnotes":""},"class_list":["post-12362","page","type-page","status-publish","hentry"],"yoast_head":"<!-- This site is optimized with the Yoast SEO plugin v25.1 - https:\/\/yoast.com\/wordpress\/plugins\/seo\/ -->\n<title>Nilton Senhorinho - C\u00e2mara Municipal de Belo Jardim<\/title>\n<meta name=\"robots\" content=\"index, follow, max-snippet:-1, max-image-preview:large, max-video-preview:-1\" \/>\n<link rel=\"canonical\" href=\"https:\/\/belojardim.pe.leg.br\/portal\/nilton-senhorinho\/\" \/>\n<meta property=\"og:locale\" content=\"pt_BR\" \/>\n<meta property=\"og:type\" content=\"article\" \/>\n<meta property=\"og:title\" content=\"Nilton Senhorinho - C\u00e2mara Municipal de Belo Jardim\" \/>\n<meta property=\"og:description\" content=\"Nilton Senhorinho \u00e9 natural de Belo Jardim, filho de Pedro F\u00e9lix Senhorinho e Neuza Quirino da Silva Senhorinho. \u00c9 Servidor P\u00fablico Municipal desde 01\/12\/2000, contabilista...\" \/>\n<meta property=\"og:url\" content=\"https:\/\/belojardim.pe.leg.br\/portal\/nilton-senhorinho\/\" \/>\n<meta property=\"og:site_name\" content=\"C\u00e2mara Municipal de Belo Jardim\" \/>\n<meta property=\"article:modified_time\" content=\"2025-03-20T12:54:15+00:00\" \/>\n<meta property=\"og:image\" content=\"https:\/\/belojardim.pe.leg.br\/portal\/wp-content\/uploads\/2023\/07\/Jose-Nilton-da-Silva-Senhorinho-scaled.jpg\" \/>\n\t<meta property=\"og:image:width\" content=\"1920\" \/>\n\t<meta property=\"og:image:height\" content=\"2560\" \/>\n\t<meta property=\"og:image:type\" content=\"image\/jpeg\" \/>\n<meta name=\"twitter:card\" content=\"summary_large_image\" \/>\n<meta name=\"twitter:label1\" content=\"Est. tempo de leitura\" \/>\n\t<meta name=\"twitter:data1\" content=\"1 minuto\" \/>\n<script type=\"application\/ld+json\" class=\"yoast-schema-graph\">{\"@context\":\"https:\/\/schema.org\",\"@graph\":[{\"@type\":\"WebPage\",\"@id\":\"https:\/\/belojardim.pe.leg.br\/portal\/nilton-senhorinho\/\",\"url\":\"https:\/\/belojardim.pe.leg.br\/portal\/nilton-senhorinho\/\",\"name\":\"Nilton Senhorinho - C\u00e2mara Municipal de Belo Jardim\",\"isPartOf\":{\"@id\":\"https:\/\/belojardim.pe.leg.br\/portal\/#website\"},\"primaryImageOfPage\":{\"@id\":\"https:\/\/belojardim.pe.leg.br\/portal\/nilton-senhorinho\/#primaryimage\"},\"image\":{\"@id\":\"https:\/\/belojardim.pe.leg.br\/portal\/nilton-senhorinho\/#primaryimage\"},\"thumbnailUrl\":\"https:\/\/belojardim.pe.leg.br\/portal\/wp-content\/uploads\/2023\/07\/Jose-Nilton-da-Silva-Senhorinho-225x300.jpg\",\"datePublished\":\"2023-07-15T10:19:55+00:00\",\"dateModified\":\"2025-03-20T12:54:15+00:00\",\"breadcrumb\":{\"@id\":\"https:\/\/belojardim.pe.leg.br\/portal\/nilton-senhorinho\/#breadcrumb\"},\"inLanguage\":\"pt-BR\",\"potentialAction\":[{\"@type\":\"ReadAction\",\"target\":[\"https:\/\/belojardim.pe.leg.br\/portal\/nilton-senhorinho\/\"]}]},{\"@type\":\"ImageObject\",\"inLanguage\":\"pt-BR\",\"@id\":\"https:\/\/belojardim.pe.leg.br\/portal\/nilton-senhorinho\/#primaryimage\",\"url\":\"https:\/\/belojardim.pe.leg.br\/portal\/wp-content\/uploads\/2023\/07\/Jose-Nilton-da-Silva-Senhorinho-scaled.jpg\",\"contentUrl\":\"https:\/\/belojardim.pe.leg.br\/portal\/wp-content\/uploads\/2023\/07\/Jose-Nilton-da-Silva-Senhorinho-scaled.jpg\",\"width\":1920,\"height\":2560},{\"@type\":\"BreadcrumbList\",\"@id\":\"https:\/\/belojardim.pe.leg.br\/portal\/nilton-senhorinho\/#breadcrumb\",\"itemListElement\":[{\"@type\":\"ListItem\",\"position\":1,\"name\":\"In\u00edcio\",\"item\":\"https:\/\/belojardim.pe.leg.br\/portal\/\"},{\"@type\":\"ListItem\",\"position\":2,\"name\":\"Nilton Senhorinho\"}]},{\"@type\":\"WebSite\",\"@id\":\"https:\/\/belojardim.pe.leg.br\/portal\/#website\",\"url\":\"https:\/\/belojardim.pe.leg.br\/portal\/\",\"name\":\"C\u00e2mara Municipal de Belo Jardim\",\"description\":\"Casa Cust\u00f3dio Ferreira Mergulh\u00e3o\",\"publisher\":{\"@id\":\"https:\/\/belojardim.pe.leg.br\/portal\/#organization\"},\"potentialAction\":[{\"@type\":\"SearchAction\",\"target\":{\"@type\":\"EntryPoint\",\"urlTemplate\":\"https:\/\/belojardim.pe.leg.br\/portal\/?s={search_term_string}\"},\"query-input\":{\"@type\":\"PropertyValueSpecification\",\"valueRequired\":true,\"valueName\":\"search_term_string\"}}],\"inLanguage\":\"pt-BR\"},{\"@type\":\"Organization\",\"@id\":\"https:\/\/belojardim.pe.leg.br\/portal\/#organization\",\"name\":\"C\u00e2mara Municipal de Belo Jardim\",\"url\":\"https:\/\/belojardim.pe.leg.br\/portal\/\",\"logo\":{\"@type\":\"ImageObject\",\"inLanguage\":\"pt-BR\",\"@id\":\"https:\/\/belojardim.pe.leg.br\/portal\/#\/schema\/logo\/image\/\",\"url\":\"https:\/\/belojardim.pe.leg.br\/portal\/wp-content\/uploads\/2025\/02\/brasao_novo_camara.png\",\"contentUrl\":\"https:\/\/belojardim.pe.leg.br\/portal\/wp-content\/uploads\/2025\/02\/brasao_novo_camara.png\",\"width\":7239,\"height\":1735,\"caption\":\"C\u00e2mara Municipal de Belo Jardim\"},\"image\":{\"@id\":\"https:\/\/belojardim.pe.leg.br\/portal\/#\/schema\/logo\/image\/\"}}]}<\/script>\n<!-- \/ Yoast SEO plugin. -->","yoast_head_json":{"title":"Nilton Senhorinho - C\u00e2mara Municipal de Belo Jardim","robots":{"index":"index","follow":"follow","max-snippet":"max-snippet:-1","max-image-preview":"max-image-preview:large","max-video-preview":"max-video-preview:-1"},"canonical":"https:\/\/belojardim.pe.leg.br\/portal\/nilton-senhorinho\/","og_locale":"pt_BR","og_type":"article","og_title":"Nilton Senhorinho - C\u00e2mara Municipal de Belo Jardim","og_description":"Nilton Senhorinho \u00e9 natural de Belo Jardim, filho de Pedro F\u00e9lix Senhorinho e Neuza Quirino da Silva Senhorinho. \u00c9 Servidor P\u00fablico Municipal desde 01\/12\/2000, contabilista...","og_url":"https:\/\/belojardim.pe.leg.br\/portal\/nilton-senhorinho\/","og_site_name":"C\u00e2mara Municipal de Belo Jardim","article_modified_time":"2025-03-20T12:54:15+00:00","og_image":[{"width":1920,"height":2560,"url":"https:\/\/belojardim.pe.leg.br\/portal\/wp-content\/uploads\/2023\/07\/Jose-Nilton-da-Silva-Senhorinho-scaled.jpg","type":"image\/jpeg"}],"twitter_card":"summary_large_image","twitter_misc":{"Est. tempo de leitura":"1 minuto"},"schema":{"@context":"https:\/\/schema.org","@graph":[{"@type":"WebPage","@id":"https:\/\/belojardim.pe.leg.br\/portal\/nilton-senhorinho\/","url":"https:\/\/belojardim.pe.leg.br\/portal\/nilton-senhorinho\/","name":"Nilton Senhorinho - C\u00e2mara Municipal de Belo Jardim","isPartOf":{"@id":"https:\/\/belojardim.pe.leg.br\/portal\/#website"},"primaryImageOfPage":{"@id":"https:\/\/belojardim.pe.leg.br\/portal\/nilton-senhorinho\/#primaryimage"},"image":{"@id":"https:\/\/belojardim.pe.leg.br\/portal\/nilton-senhorinho\/#primaryimage"},"thumbnailUrl":"https:\/\/belojardim.pe.leg.br\/portal\/wp-content\/uploads\/2023\/07\/Jose-Nilton-da-Silva-Senhorinho-225x300.jpg","datePublished":"2023-07-15T10:19:55+00:00","dateModified":"2025-03-20T12:54:15+00:00","breadcrumb":{"@id":"https:\/\/belojardim.pe.leg.br\/portal\/nilton-senhorinho\/#breadcrumb"},"inLanguage":"pt-BR","potentialAction":[{"@type":"ReadAction","target":["https:\/\/belojardim.pe.leg.br\/portal\/nilton-senhorinho\/"]}]},{"@type":"ImageObject","inLanguage":"pt-BR","@id":"https:\/\/belojardim.pe.leg.br\/portal\/nilton-senhorinho\/#primaryimage","url":"https:\/\/belojardim.pe.leg.br\/portal\/wp-content\/uploads\/2023\/07\/Jose-Nilton-da-Silva-Senhorinho-scaled.jpg","contentUrl":"https:\/\/belojardim.pe.leg.br\/portal\/wp-content\/uploads\/2023\/07\/Jose-Nilton-da-Silva-Senhorinho-scaled.jpg","width":1920,"height":2560},{"@type":"BreadcrumbList","@id":"https:\/\/belojardim.pe.leg.br\/portal\/nilton-senhorinho\/#breadcrumb","itemListElement":[{"@type":"ListItem","position":1,"name":"In\u00edcio","item":"https:\/\/belojardim.pe.leg.br\/portal\/"},{"@type":"ListItem","position":2,"name":"Nilton Senhorinho"}]},{"@type":"WebSite","@id":"https:\/\/belojardim.pe.leg.br\/portal\/#website","url":"https:\/\/belojardim.pe.leg.br\/portal\/","name":"C\u00e2mara Municipal de Belo Jardim","description":"Casa Cust\u00f3dio Ferreira Mergulh\u00e3o","publisher":{"@id":"https:\/\/belojardim.pe.leg.br\/portal\/#organization"},"potentialAction":[{"@type":"SearchAction","target":{"@type":"EntryPoint","urlTemplate":"https:\/\/belojardim.pe.leg.br\/portal\/?s={search_term_string}"},"query-input":{"@type":"PropertyValueSpecification","valueRequired":true,"valueName":"search_term_string"}}],"inLanguage":"pt-BR"},{"@type":"Organization","@id":"https:\/\/belojardim.pe.leg.br\/portal\/#organization","name":"C\u00e2mara Municipal de Belo Jardim","url":"https:\/\/belojardim.pe.leg.br\/portal\/","logo":{"@type":"ImageObject","inLanguage":"pt-BR","@id":"https:\/\/belojardim.pe.leg.br\/portal\/#\/schema\/logo\/image\/","url":"https:\/\/belojardim.pe.leg.br\/portal\/wp-content\/uploads\/2025\/02\/brasao_novo_camara.png","contentUrl":"https:\/\/belojardim.pe.leg.br\/portal\/wp-content\/uploads\/2025\/02\/brasao_novo_camara.png","width":7239,"height":1735,"caption":"C\u00e2mara Municipal de Belo Jardim"},"image":{"@id":"https:\/\/belojardim.pe.leg.br\/portal\/#\/schema\/logo\/image\/"}}]}},"_links":{"self":[{"href":"https:\/\/belojardim.pe.leg.br\/portal\/wp-json\/wp\/v2\/pages\/12362","targetHints":{"allow":["GET"]}}],"collection":[{"href":"https:\/\/belojardim.pe.leg.br\/portal\/wp-json\/wp\/v2\/pages"}],"about":[{"href":"https:\/\/belojardim.pe.leg.br\/portal\/wp-json\/wp\/v2\/types\/page"}],"author":[{"embeddable":true,"href":"https:\/\/belojardim.pe.leg.br\/portal\/wp-json\/wp\/v2\/users\/1"}],"replies":[{"embeddable":true,"href":"https:\/\/belojardim.pe.leg.br\/portal\/wp-json\/wp\/v2\/comments?post=12362"}],"version-history":[{"count":2,"href":"https:\/\/belojardim.pe.leg.br\/portal\/wp-json\/wp\/v2\/pages\/12362\/revisions"}],"predecessor-version":[{"id":15008,"href":"https:\/\/belojardim.pe.leg.br\/portal\/wp-json\/wp\/v2\/pages\/12362\/revisions\/15008"}],"wp:attachment":[{"href":"https:\/\/belojardim.pe.leg.br\/portal\/wp-json\/wp\/v2\/media?parent=12362"}],"curies":[{"name":"wp","href":"https:\/\/api.w.org\/{rel}","templated":true}]}}