{"id":12337,"date":"2023-06-06T12:21:22","date_gmt":"2023-06-06T15:21:22","guid":{"rendered":"https:\/\/belojardim.pe.leg.br\/portal\/?page_id=12337"},"modified":"2023-06-06T12:21:22","modified_gmt":"2023-06-06T15:21:22","slug":"thallys-bruno-bezerra-agra-de-lima","status":"publish","type":"page","link":"https:\/\/belojardim.pe.leg.br\/portal\/thallys-bruno-bezerra-agra-de-lima\/","title":{"rendered":"Thallys Bruno Bezerra Agra de Lima"},"content":{"rendered":"<div class=\"wp-block-image\"><img loading=\"lazy\" decoding=\"async\" class=\"alignleft size-medium wp-image-12338\" src=\"https:\/\/belojardim.pe.leg.br\/portal\/wp-content\/uploads\/2023\/06\/Thallys-Bruno-Bezerra-Agra-de-Lima-225x300.jpg\" alt=\"\" width=\"225\" height=\"300\" srcset=\"https:\/\/belojardim.pe.leg.br\/portal\/wp-content\/uploads\/2023\/06\/Thallys-Bruno-Bezerra-Agra-de-Lima-225x300.jpg 225w, https:\/\/belojardim.pe.leg.br\/portal\/wp-content\/uploads\/2023\/06\/Thallys-Bruno-Bezerra-Agra-de-Lima-768x1024.jpg 768w, https:\/\/belojardim.pe.leg.br\/portal\/wp-content\/uploads\/2023\/06\/Thallys-Bruno-Bezerra-Agra-de-Lima-1152x1536.jpg 1152w, https:\/\/belojardim.pe.leg.br\/portal\/wp-content\/uploads\/2023\/06\/Thallys-Bruno-Bezerra-Agra-de-Lima-1536x2048.jpg 1536w, https:\/\/belojardim.pe.leg.br\/portal\/wp-content\/uploads\/2023\/06\/Thallys-Bruno-Bezerra-Agra-de-Lima-1218x1624.jpg 1218w, https:\/\/belojardim.pe.leg.br\/portal\/wp-content\/uploads\/2023\/06\/Thallys-Bruno-Bezerra-Agra-de-Lima-scaled.jpg 1920w\" sizes=\"auto, (max-width: 225px) 100vw, 225px\" \/><\/div>\n<p>Natural de Belo Jardim, \u00e9 um jovem de 22 anos, filho de Josileide Bezerra da Silva Lima e Nivaldo Agra de Lima, noivo de Ana L\u00edvia, graduando economia pela UFPE \u2013 Campus do Agreste, \u00e9 membro da ABLA \u2013 Academia Belo-jardinense de Letras e Artes, s\u00f3cio do Lions Clube e Vice-Presidente do Diret\u00f3rio Acad\u00eamico de Economia. Filiado ao Partido Cidadania, foi eleito com 802 votos para o Pleito 2021\/2024.<\/p>\n","protected":false},"excerpt":{"rendered":"<p>Natural de Belo Jardim, \u00e9 um jovem de 22 anos, filho de Josileide Bezerra da Silva Lima e Nivaldo Agra de Lima, noivo de Ana&#8230;<\/p>\n","protected":false},"author":1,"featured_media":0,"parent":0,"menu_order":0,"comment_status":"closed","ping_status":"closed","template":"","meta":{"footnotes":""},"class_list":["post-12337","page","type-page","status-publish","hentry"],"yoast_head":"<!-- This site is optimized with the Yoast SEO plugin v25.1 - https:\/\/yoast.com\/wordpress\/plugins\/seo\/ -->\n<title>Thallys Bruno Bezerra Agra de Lima - C\u00e2mara Municipal de Belo Jardim<\/title>\n<meta name=\"robots\" content=\"index, follow, max-snippet:-1, max-image-preview:large, max-video-preview:-1\" \/>\n<link rel=\"canonical\" href=\"https:\/\/belojardim.pe.leg.br\/portal\/thallys-bruno-bezerra-agra-de-lima\/\" \/>\n<meta property=\"og:locale\" content=\"pt_BR\" \/>\n<meta property=\"og:type\" content=\"article\" \/>\n<meta property=\"og:title\" content=\"Thallys Bruno Bezerra Agra de Lima - C\u00e2mara Municipal de Belo Jardim\" \/>\n<meta property=\"og:description\" content=\"Natural de Belo Jardim, \u00e9 um jovem de 22 anos, filho de Josileide Bezerra da Silva Lima e Nivaldo Agra de Lima, noivo de Ana...\" \/>\n<meta property=\"og:url\" content=\"https:\/\/belojardim.pe.leg.br\/portal\/thallys-bruno-bezerra-agra-de-lima\/\" \/>\n<meta property=\"og:site_name\" content=\"C\u00e2mara Municipal de Belo Jardim\" \/>\n<meta property=\"og:image\" content=\"https:\/\/belojardim.pe.leg.br\/portal\/wp-content\/uploads\/2023\/06\/Thallys-Bruno-Bezerra-Agra-de-Lima-225x300.jpg\" \/>\n<meta name=\"twitter:card\" content=\"summary_large_image\" \/>\n<meta name=\"twitter:label1\" content=\"Est. tempo de leitura\" \/>\n\t<meta name=\"twitter:data1\" content=\"1 minuto\" \/>\n<script type=\"application\/ld+json\" class=\"yoast-schema-graph\">{\"@context\":\"https:\/\/schema.org\",\"@graph\":[{\"@type\":\"WebPage\",\"@id\":\"https:\/\/belojardim.pe.leg.br\/portal\/thallys-bruno-bezerra-agra-de-lima\/\",\"url\":\"https:\/\/belojardim.pe.leg.br\/portal\/thallys-bruno-bezerra-agra-de-lima\/\",\"name\":\"Thallys Bruno Bezerra Agra de Lima - C\u00e2mara Municipal de Belo Jardim\",\"isPartOf\":{\"@id\":\"https:\/\/belojardim.pe.leg.br\/portal\/#website\"},\"primaryImageOfPage\":{\"@id\":\"https:\/\/belojardim.pe.leg.br\/portal\/thallys-bruno-bezerra-agra-de-lima\/#primaryimage\"},\"image\":{\"@id\":\"https:\/\/belojardim.pe.leg.br\/portal\/thallys-bruno-bezerra-agra-de-lima\/#primaryimage\"},\"thumbnailUrl\":\"https:\/\/belojardim.pe.leg.br\/portal\/wp-content\/uploads\/2023\/06\/Thallys-Bruno-Bezerra-Agra-de-Lima-225x300.jpg\",\"datePublished\":\"2023-06-06T15:21:22+00:00\",\"breadcrumb\":{\"@id\":\"https:\/\/belojardim.pe.leg.br\/portal\/thallys-bruno-bezerra-agra-de-lima\/#breadcrumb\"},\"inLanguage\":\"pt-BR\",\"potentialAction\":[{\"@type\":\"ReadAction\",\"target\":[\"https:\/\/belojardim.pe.leg.br\/portal\/thallys-bruno-bezerra-agra-de-lima\/\"]}]},{\"@type\":\"ImageObject\",\"inLanguage\":\"pt-BR\",\"@id\":\"https:\/\/belojardim.pe.leg.br\/portal\/thallys-bruno-bezerra-agra-de-lima\/#primaryimage\",\"url\":\"https:\/\/belojardim.pe.leg.br\/portal\/wp-content\/uploads\/2023\/06\/Thallys-Bruno-Bezerra-Agra-de-Lima-scaled.jpg\",\"contentUrl\":\"https:\/\/belojardim.pe.leg.br\/portal\/wp-content\/uploads\/2023\/06\/Thallys-Bruno-Bezerra-Agra-de-Lima-scaled.jpg\",\"width\":1920,\"height\":2560},{\"@type\":\"BreadcrumbList\",\"@id\":\"https:\/\/belojardim.pe.leg.br\/portal\/thallys-bruno-bezerra-agra-de-lima\/#breadcrumb\",\"itemListElement\":[{\"@type\":\"ListItem\",\"position\":1,\"name\":\"In\u00edcio\",\"item\":\"https:\/\/belojardim.pe.leg.br\/portal\/\"},{\"@type\":\"ListItem\",\"position\":2,\"name\":\"Thallys Bruno Bezerra Agra de Lima\"}]},{\"@type\":\"WebSite\",\"@id\":\"https:\/\/belojardim.pe.leg.br\/portal\/#website\",\"url\":\"https:\/\/belojardim.pe.leg.br\/portal\/\",\"name\":\"C\u00e2mara Municipal de Belo Jardim\",\"description\":\"Casa Cust\u00f3dio Ferreira Mergulh\u00e3o\",\"publisher\":{\"@id\":\"https:\/\/belojardim.pe.leg.br\/portal\/#organization\"},\"potentialAction\":[{\"@type\":\"SearchAction\",\"target\":{\"@type\":\"EntryPoint\",\"urlTemplate\":\"https:\/\/belojardim.pe.leg.br\/portal\/?s={search_term_string}\"},\"query-input\":{\"@type\":\"PropertyValueSpecification\",\"valueRequired\":true,\"valueName\":\"search_term_string\"}}],\"inLanguage\":\"pt-BR\"},{\"@type\":\"Organization\",\"@id\":\"https:\/\/belojardim.pe.leg.br\/portal\/#organization\",\"name\":\"C\u00e2mara Municipal de Belo Jardim\",\"url\":\"https:\/\/belojardim.pe.leg.br\/portal\/\",\"logo\":{\"@type\":\"ImageObject\",\"inLanguage\":\"pt-BR\",\"@id\":\"https:\/\/belojardim.pe.leg.br\/portal\/#\/schema\/logo\/image\/\",\"url\":\"https:\/\/belojardim.pe.leg.br\/portal\/wp-content\/uploads\/2025\/02\/brasao_novo_camara.png\",\"contentUrl\":\"https:\/\/belojardim.pe.leg.br\/portal\/wp-content\/uploads\/2025\/02\/brasao_novo_camara.png\",\"width\":7239,\"height\":1735,\"caption\":\"C\u00e2mara Municipal de Belo Jardim\"},\"image\":{\"@id\":\"https:\/\/belojardim.pe.leg.br\/portal\/#\/schema\/logo\/image\/\"}}]}<\/script>\n<!-- \/ Yoast SEO plugin. -->","yoast_head_json":{"title":"Thallys Bruno Bezerra Agra de Lima - C\u00e2mara Municipal de Belo Jardim","robots":{"index":"index","follow":"follow","max-snippet":"max-snippet:-1","max-image-preview":"max-image-preview:large","max-video-preview":"max-video-preview:-1"},"canonical":"https:\/\/belojardim.pe.leg.br\/portal\/thallys-bruno-bezerra-agra-de-lima\/","og_locale":"pt_BR","og_type":"article","og_title":"Thallys Bruno Bezerra Agra de Lima - C\u00e2mara Municipal de Belo Jardim","og_description":"Natural de Belo Jardim, \u00e9 um jovem de 22 anos, filho de Josileide Bezerra da Silva Lima e Nivaldo Agra de Lima, noivo de Ana...","og_url":"https:\/\/belojardim.pe.leg.br\/portal\/thallys-bruno-bezerra-agra-de-lima\/","og_site_name":"C\u00e2mara Municipal de Belo Jardim","og_image":[{"url":"https:\/\/belojardim.pe.leg.br\/portal\/wp-content\/uploads\/2023\/06\/Thallys-Bruno-Bezerra-Agra-de-Lima-225x300.jpg","type":"","width":"","height":""}],"twitter_card":"summary_large_image","twitter_misc":{"Est. tempo de leitura":"1 minuto"},"schema":{"@context":"https:\/\/schema.org","@graph":[{"@type":"WebPage","@id":"https:\/\/belojardim.pe.leg.br\/portal\/thallys-bruno-bezerra-agra-de-lima\/","url":"https:\/\/belojardim.pe.leg.br\/portal\/thallys-bruno-bezerra-agra-de-lima\/","name":"Thallys Bruno Bezerra Agra de Lima - C\u00e2mara Municipal de Belo Jardim","isPartOf":{"@id":"https:\/\/belojardim.pe.leg.br\/portal\/#website"},"primaryImageOfPage":{"@id":"https:\/\/belojardim.pe.leg.br\/portal\/thallys-bruno-bezerra-agra-de-lima\/#primaryimage"},"image":{"@id":"https:\/\/belojardim.pe.leg.br\/portal\/thallys-bruno-bezerra-agra-de-lima\/#primaryimage"},"thumbnailUrl":"https:\/\/belojardim.pe.leg.br\/portal\/wp-content\/uploads\/2023\/06\/Thallys-Bruno-Bezerra-Agra-de-Lima-225x300.jpg","datePublished":"2023-06-06T15:21:22+00:00","breadcrumb":{"@id":"https:\/\/belojardim.pe.leg.br\/portal\/thallys-bruno-bezerra-agra-de-lima\/#breadcrumb"},"inLanguage":"pt-BR","potentialAction":[{"@type":"ReadAction","target":["https:\/\/belojardim.pe.leg.br\/portal\/thallys-bruno-bezerra-agra-de-lima\/"]}]},{"@type":"ImageObject","inLanguage":"pt-BR","@id":"https:\/\/belojardim.pe.leg.br\/portal\/thallys-bruno-bezerra-agra-de-lima\/#primaryimage","url":"https:\/\/belojardim.pe.leg.br\/portal\/wp-content\/uploads\/2023\/06\/Thallys-Bruno-Bezerra-Agra-de-Lima-scaled.jpg","contentUrl":"https:\/\/belojardim.pe.leg.br\/portal\/wp-content\/uploads\/2023\/06\/Thallys-Bruno-Bezerra-Agra-de-Lima-scaled.jpg","width":1920,"height":2560},{"@type":"BreadcrumbList","@id":"https:\/\/belojardim.pe.leg.br\/portal\/thallys-bruno-bezerra-agra-de-lima\/#breadcrumb","itemListElement":[{"@type":"ListItem","position":1,"name":"In\u00edcio","item":"https:\/\/belojardim.pe.leg.br\/portal\/"},{"@type":"ListItem","position":2,"name":"Thallys Bruno Bezerra Agra de Lima"}]},{"@type":"WebSite","@id":"https:\/\/belojardim.pe.leg.br\/portal\/#website","url":"https:\/\/belojardim.pe.leg.br\/portal\/","name":"C\u00e2mara Municipal de Belo Jardim","description":"Casa Cust\u00f3dio Ferreira Mergulh\u00e3o","publisher":{"@id":"https:\/\/belojardim.pe.leg.br\/portal\/#organization"},"potentialAction":[{"@type":"SearchAction","target":{"@type":"EntryPoint","urlTemplate":"https:\/\/belojardim.pe.leg.br\/portal\/?s={search_term_string}"},"query-input":{"@type":"PropertyValueSpecification","valueRequired":true,"valueName":"search_term_string"}}],"inLanguage":"pt-BR"},{"@type":"Organization","@id":"https:\/\/belojardim.pe.leg.br\/portal\/#organization","name":"C\u00e2mara Municipal de Belo Jardim","url":"https:\/\/belojardim.pe.leg.br\/portal\/","logo":{"@type":"ImageObject","inLanguage":"pt-BR","@id":"https:\/\/belojardim.pe.leg.br\/portal\/#\/schema\/logo\/image\/","url":"https:\/\/belojardim.pe.leg.br\/portal\/wp-content\/uploads\/2025\/02\/brasao_novo_camara.png","contentUrl":"https:\/\/belojardim.pe.leg.br\/portal\/wp-content\/uploads\/2025\/02\/brasao_novo_camara.png","width":7239,"height":1735,"caption":"C\u00e2mara Municipal de Belo Jardim"},"image":{"@id":"https:\/\/belojardim.pe.leg.br\/portal\/#\/schema\/logo\/image\/"}}]}},"_links":{"self":[{"href":"https:\/\/belojardim.pe.leg.br\/portal\/wp-json\/wp\/v2\/pages\/12337","targetHints":{"allow":["GET"]}}],"collection":[{"href":"https:\/\/belojardim.pe.leg.br\/portal\/wp-json\/wp\/v2\/pages"}],"about":[{"href":"https:\/\/belojardim.pe.leg.br\/portal\/wp-json\/wp\/v2\/types\/page"}],"author":[{"embeddable":true,"href":"https:\/\/belojardim.pe.leg.br\/portal\/wp-json\/wp\/v2\/users\/1"}],"replies":[{"embeddable":true,"href":"https:\/\/belojardim.pe.leg.br\/portal\/wp-json\/wp\/v2\/comments?post=12337"}],"version-history":[{"count":1,"href":"https:\/\/belojardim.pe.leg.br\/portal\/wp-json\/wp\/v2\/pages\/12337\/revisions"}],"predecessor-version":[{"id":12339,"href":"https:\/\/belojardim.pe.leg.br\/portal\/wp-json\/wp\/v2\/pages\/12337\/revisions\/12339"}],"wp:attachment":[{"href":"https:\/\/belojardim.pe.leg.br\/portal\/wp-json\/wp\/v2\/media?parent=12337"}],"curies":[{"name":"wp","href":"https:\/\/api.w.org\/{rel}","templated":true}]}}