{"id":12334,"date":"2023-06-06T12:20:29","date_gmt":"2023-06-06T15:20:29","guid":{"rendered":"https:\/\/belojardim.pe.leg.br\/portal\/?page_id=12334"},"modified":"2025-03-20T09:57:13","modified_gmt":"2025-03-20T12:57:13","slug":"claudemir-paulino-da-silva","status":"publish","type":"page","link":"https:\/\/belojardim.pe.leg.br\/portal\/claudemir-paulino-da-silva\/","title":{"rendered":"Claudemir Paulino da Silva"},"content":{"rendered":"<div class=\"wp-block-image\"><img loading=\"lazy\" decoding=\"async\" class=\"alignleft size-medium wp-image-12335\" src=\"https:\/\/belojardim.pe.leg.br\/portal\/wp-content\/uploads\/2023\/06\/Claudemir-Paulino-da-Silva-225x300.jpg\" alt=\"\" width=\"225\" height=\"300\" srcset=\"https:\/\/belojardim.pe.leg.br\/portal\/wp-content\/uploads\/2023\/06\/Claudemir-Paulino-da-Silva-225x300.jpg 225w, https:\/\/belojardim.pe.leg.br\/portal\/wp-content\/uploads\/2023\/06\/Claudemir-Paulino-da-Silva-768x1024.jpg 768w, https:\/\/belojardim.pe.leg.br\/portal\/wp-content\/uploads\/2023\/06\/Claudemir-Paulino-da-Silva-1152x1536.jpg 1152w, https:\/\/belojardim.pe.leg.br\/portal\/wp-content\/uploads\/2023\/06\/Claudemir-Paulino-da-Silva-1536x2048.jpg 1536w, https:\/\/belojardim.pe.leg.br\/portal\/wp-content\/uploads\/2023\/06\/Claudemir-Paulino-da-Silva-1218x1624.jpg 1218w, https:\/\/belojardim.pe.leg.br\/portal\/wp-content\/uploads\/2023\/06\/Claudemir-Paulino-da-Silva-scaled.jpg 1920w\" sizes=\"auto, (max-width: 225px) 100vw, 225px\" \/><\/div>\n<p>\u00c9 natural de Escada\/PE, filho de Alcides Paulino da Silva e Luiza Maria da Silva, tem 64 anos de idade. Recebeu o T\u00edtulo de Cidad\u00e3o Belo-jardinense atrav\u00e9s de Decreto Legislativo elaborado pelo ent\u00e3o Vereador Gilvandro Estrela de Oliveira. Veio ao Distrito de Xucuru em 1979, a servi\u00e7o da Compesa, para implantar o sistema de abastecimento de \u00e1gua da mencionada localidade, foi quando conheceu sua esposa Maria Jos\u00e9, e se encantou pelo Distrito, onde reside desde ent\u00e3o. Trabalhou por toda sua vida na constru\u00e7\u00e3o civil como supervisor geral e mestre de obras nas Empresas Colival \u2013 Construtora Lima Vanderlei Ltda e na Flamac. Iniciou sua trajet\u00f3ria pol\u00edtica em 1996. \u00c9 aposentado e est\u00e1 em seu 5\u00ba mandato como Vereador.<\/p>\n","protected":false},"excerpt":{"rendered":"<p>\u00c9 natural de Escada\/PE, filho de Alcides Paulino da Silva e Luiza Maria da Silva, tem 64 anos de idade. Recebeu o T\u00edtulo de Cidad\u00e3o&#8230;<\/p>\n","protected":false},"author":1,"featured_media":0,"parent":0,"menu_order":0,"comment_status":"closed","ping_status":"closed","template":"","meta":{"footnotes":""},"class_list":["post-12334","page","type-page","status-publish","hentry"],"yoast_head":"<!-- This site is optimized with the Yoast SEO plugin v25.1 - https:\/\/yoast.com\/wordpress\/plugins\/seo\/ -->\n<title>Claudemir Paulino da Silva - C\u00e2mara Municipal de Belo Jardim<\/title>\n<meta name=\"robots\" content=\"index, follow, max-snippet:-1, max-image-preview:large, max-video-preview:-1\" \/>\n<link rel=\"canonical\" href=\"https:\/\/belojardim.pe.leg.br\/portal\/claudemir-paulino-da-silva\/\" \/>\n<meta property=\"og:locale\" content=\"pt_BR\" \/>\n<meta property=\"og:type\" content=\"article\" \/>\n<meta property=\"og:title\" content=\"Claudemir Paulino da Silva - C\u00e2mara Municipal de Belo Jardim\" \/>\n<meta property=\"og:description\" content=\"\u00c9 natural de Escada\/PE, filho de Alcides Paulino da Silva e Luiza Maria da Silva, tem 64 anos de idade. Recebeu o T\u00edtulo de Cidad\u00e3o...\" \/>\n<meta property=\"og:url\" content=\"https:\/\/belojardim.pe.leg.br\/portal\/claudemir-paulino-da-silva\/\" \/>\n<meta property=\"og:site_name\" content=\"C\u00e2mara Municipal de Belo Jardim\" \/>\n<meta property=\"article:modified_time\" content=\"2025-03-20T12:57:13+00:00\" \/>\n<meta property=\"og:image\" content=\"https:\/\/belojardim.pe.leg.br\/portal\/wp-content\/uploads\/2023\/06\/Claudemir-Paulino-da-Silva-scaled.jpg\" \/>\n\t<meta property=\"og:image:width\" content=\"1920\" \/>\n\t<meta property=\"og:image:height\" content=\"2560\" \/>\n\t<meta property=\"og:image:type\" content=\"image\/jpeg\" \/>\n<meta name=\"twitter:card\" content=\"summary_large_image\" \/>\n<meta name=\"twitter:label1\" content=\"Est. tempo de leitura\" \/>\n\t<meta name=\"twitter:data1\" content=\"1 minuto\" \/>\n<script type=\"application\/ld+json\" class=\"yoast-schema-graph\">{\"@context\":\"https:\/\/schema.org\",\"@graph\":[{\"@type\":\"WebPage\",\"@id\":\"https:\/\/belojardim.pe.leg.br\/portal\/claudemir-paulino-da-silva\/\",\"url\":\"https:\/\/belojardim.pe.leg.br\/portal\/claudemir-paulino-da-silva\/\",\"name\":\"Claudemir Paulino da Silva - C\u00e2mara Municipal de Belo Jardim\",\"isPartOf\":{\"@id\":\"https:\/\/belojardim.pe.leg.br\/portal\/#website\"},\"primaryImageOfPage\":{\"@id\":\"https:\/\/belojardim.pe.leg.br\/portal\/claudemir-paulino-da-silva\/#primaryimage\"},\"image\":{\"@id\":\"https:\/\/belojardim.pe.leg.br\/portal\/claudemir-paulino-da-silva\/#primaryimage\"},\"thumbnailUrl\":\"https:\/\/belojardim.pe.leg.br\/portal\/wp-content\/uploads\/2023\/06\/Claudemir-Paulino-da-Silva-225x300.jpg\",\"datePublished\":\"2023-06-06T15:20:29+00:00\",\"dateModified\":\"2025-03-20T12:57:13+00:00\",\"breadcrumb\":{\"@id\":\"https:\/\/belojardim.pe.leg.br\/portal\/claudemir-paulino-da-silva\/#breadcrumb\"},\"inLanguage\":\"pt-BR\",\"potentialAction\":[{\"@type\":\"ReadAction\",\"target\":[\"https:\/\/belojardim.pe.leg.br\/portal\/claudemir-paulino-da-silva\/\"]}]},{\"@type\":\"ImageObject\",\"inLanguage\":\"pt-BR\",\"@id\":\"https:\/\/belojardim.pe.leg.br\/portal\/claudemir-paulino-da-silva\/#primaryimage\",\"url\":\"https:\/\/belojardim.pe.leg.br\/portal\/wp-content\/uploads\/2023\/06\/Claudemir-Paulino-da-Silva-scaled.jpg\",\"contentUrl\":\"https:\/\/belojardim.pe.leg.br\/portal\/wp-content\/uploads\/2023\/06\/Claudemir-Paulino-da-Silva-scaled.jpg\",\"width\":1920,\"height\":2560},{\"@type\":\"BreadcrumbList\",\"@id\":\"https:\/\/belojardim.pe.leg.br\/portal\/claudemir-paulino-da-silva\/#breadcrumb\",\"itemListElement\":[{\"@type\":\"ListItem\",\"position\":1,\"name\":\"In\u00edcio\",\"item\":\"https:\/\/belojardim.pe.leg.br\/portal\/\"},{\"@type\":\"ListItem\",\"position\":2,\"name\":\"Claudemir Paulino da Silva\"}]},{\"@type\":\"WebSite\",\"@id\":\"https:\/\/belojardim.pe.leg.br\/portal\/#website\",\"url\":\"https:\/\/belojardim.pe.leg.br\/portal\/\",\"name\":\"C\u00e2mara Municipal de Belo Jardim\",\"description\":\"Casa Cust\u00f3dio Ferreira Mergulh\u00e3o\",\"publisher\":{\"@id\":\"https:\/\/belojardim.pe.leg.br\/portal\/#organization\"},\"potentialAction\":[{\"@type\":\"SearchAction\",\"target\":{\"@type\":\"EntryPoint\",\"urlTemplate\":\"https:\/\/belojardim.pe.leg.br\/portal\/?s={search_term_string}\"},\"query-input\":{\"@type\":\"PropertyValueSpecification\",\"valueRequired\":true,\"valueName\":\"search_term_string\"}}],\"inLanguage\":\"pt-BR\"},{\"@type\":\"Organization\",\"@id\":\"https:\/\/belojardim.pe.leg.br\/portal\/#organization\",\"name\":\"C\u00e2mara Municipal de Belo Jardim\",\"url\":\"https:\/\/belojardim.pe.leg.br\/portal\/\",\"logo\":{\"@type\":\"ImageObject\",\"inLanguage\":\"pt-BR\",\"@id\":\"https:\/\/belojardim.pe.leg.br\/portal\/#\/schema\/logo\/image\/\",\"url\":\"https:\/\/belojardim.pe.leg.br\/portal\/wp-content\/uploads\/2025\/02\/brasao_novo_camara.png\",\"contentUrl\":\"https:\/\/belojardim.pe.leg.br\/portal\/wp-content\/uploads\/2025\/02\/brasao_novo_camara.png\",\"width\":7239,\"height\":1735,\"caption\":\"C\u00e2mara Municipal de Belo Jardim\"},\"image\":{\"@id\":\"https:\/\/belojardim.pe.leg.br\/portal\/#\/schema\/logo\/image\/\"}}]}<\/script>\n<!-- \/ Yoast SEO plugin. -->","yoast_head_json":{"title":"Claudemir Paulino da Silva - C\u00e2mara Municipal de Belo Jardim","robots":{"index":"index","follow":"follow","max-snippet":"max-snippet:-1","max-image-preview":"max-image-preview:large","max-video-preview":"max-video-preview:-1"},"canonical":"https:\/\/belojardim.pe.leg.br\/portal\/claudemir-paulino-da-silva\/","og_locale":"pt_BR","og_type":"article","og_title":"Claudemir Paulino da Silva - C\u00e2mara Municipal de Belo Jardim","og_description":"\u00c9 natural de Escada\/PE, filho de Alcides Paulino da Silva e Luiza Maria da Silva, tem 64 anos de idade. Recebeu o T\u00edtulo de Cidad\u00e3o...","og_url":"https:\/\/belojardim.pe.leg.br\/portal\/claudemir-paulino-da-silva\/","og_site_name":"C\u00e2mara Municipal de Belo Jardim","article_modified_time":"2025-03-20T12:57:13+00:00","og_image":[{"width":1920,"height":2560,"url":"https:\/\/belojardim.pe.leg.br\/portal\/wp-content\/uploads\/2023\/06\/Claudemir-Paulino-da-Silva-scaled.jpg","type":"image\/jpeg"}],"twitter_card":"summary_large_image","twitter_misc":{"Est. tempo de leitura":"1 minuto"},"schema":{"@context":"https:\/\/schema.org","@graph":[{"@type":"WebPage","@id":"https:\/\/belojardim.pe.leg.br\/portal\/claudemir-paulino-da-silva\/","url":"https:\/\/belojardim.pe.leg.br\/portal\/claudemir-paulino-da-silva\/","name":"Claudemir Paulino da Silva - C\u00e2mara Municipal de Belo Jardim","isPartOf":{"@id":"https:\/\/belojardim.pe.leg.br\/portal\/#website"},"primaryImageOfPage":{"@id":"https:\/\/belojardim.pe.leg.br\/portal\/claudemir-paulino-da-silva\/#primaryimage"},"image":{"@id":"https:\/\/belojardim.pe.leg.br\/portal\/claudemir-paulino-da-silva\/#primaryimage"},"thumbnailUrl":"https:\/\/belojardim.pe.leg.br\/portal\/wp-content\/uploads\/2023\/06\/Claudemir-Paulino-da-Silva-225x300.jpg","datePublished":"2023-06-06T15:20:29+00:00","dateModified":"2025-03-20T12:57:13+00:00","breadcrumb":{"@id":"https:\/\/belojardim.pe.leg.br\/portal\/claudemir-paulino-da-silva\/#breadcrumb"},"inLanguage":"pt-BR","potentialAction":[{"@type":"ReadAction","target":["https:\/\/belojardim.pe.leg.br\/portal\/claudemir-paulino-da-silva\/"]}]},{"@type":"ImageObject","inLanguage":"pt-BR","@id":"https:\/\/belojardim.pe.leg.br\/portal\/claudemir-paulino-da-silva\/#primaryimage","url":"https:\/\/belojardim.pe.leg.br\/portal\/wp-content\/uploads\/2023\/06\/Claudemir-Paulino-da-Silva-scaled.jpg","contentUrl":"https:\/\/belojardim.pe.leg.br\/portal\/wp-content\/uploads\/2023\/06\/Claudemir-Paulino-da-Silva-scaled.jpg","width":1920,"height":2560},{"@type":"BreadcrumbList","@id":"https:\/\/belojardim.pe.leg.br\/portal\/claudemir-paulino-da-silva\/#breadcrumb","itemListElement":[{"@type":"ListItem","position":1,"name":"In\u00edcio","item":"https:\/\/belojardim.pe.leg.br\/portal\/"},{"@type":"ListItem","position":2,"name":"Claudemir Paulino da Silva"}]},{"@type":"WebSite","@id":"https:\/\/belojardim.pe.leg.br\/portal\/#website","url":"https:\/\/belojardim.pe.leg.br\/portal\/","name":"C\u00e2mara Municipal de Belo Jardim","description":"Casa Cust\u00f3dio Ferreira Mergulh\u00e3o","publisher":{"@id":"https:\/\/belojardim.pe.leg.br\/portal\/#organization"},"potentialAction":[{"@type":"SearchAction","target":{"@type":"EntryPoint","urlTemplate":"https:\/\/belojardim.pe.leg.br\/portal\/?s={search_term_string}"},"query-input":{"@type":"PropertyValueSpecification","valueRequired":true,"valueName":"search_term_string"}}],"inLanguage":"pt-BR"},{"@type":"Organization","@id":"https:\/\/belojardim.pe.leg.br\/portal\/#organization","name":"C\u00e2mara Municipal de Belo Jardim","url":"https:\/\/belojardim.pe.leg.br\/portal\/","logo":{"@type":"ImageObject","inLanguage":"pt-BR","@id":"https:\/\/belojardim.pe.leg.br\/portal\/#\/schema\/logo\/image\/","url":"https:\/\/belojardim.pe.leg.br\/portal\/wp-content\/uploads\/2025\/02\/brasao_novo_camara.png","contentUrl":"https:\/\/belojardim.pe.leg.br\/portal\/wp-content\/uploads\/2025\/02\/brasao_novo_camara.png","width":7239,"height":1735,"caption":"C\u00e2mara Municipal de Belo Jardim"},"image":{"@id":"https:\/\/belojardim.pe.leg.br\/portal\/#\/schema\/logo\/image\/"}}]}},"_links":{"self":[{"href":"https:\/\/belojardim.pe.leg.br\/portal\/wp-json\/wp\/v2\/pages\/12334","targetHints":{"allow":["GET"]}}],"collection":[{"href":"https:\/\/belojardim.pe.leg.br\/portal\/wp-json\/wp\/v2\/pages"}],"about":[{"href":"https:\/\/belojardim.pe.leg.br\/portal\/wp-json\/wp\/v2\/types\/page"}],"author":[{"embeddable":true,"href":"https:\/\/belojardim.pe.leg.br\/portal\/wp-json\/wp\/v2\/users\/1"}],"replies":[{"embeddable":true,"href":"https:\/\/belojardim.pe.leg.br\/portal\/wp-json\/wp\/v2\/comments?post=12334"}],"version-history":[{"count":2,"href":"https:\/\/belojardim.pe.leg.br\/portal\/wp-json\/wp\/v2\/pages\/12334\/revisions"}],"predecessor-version":[{"id":15009,"href":"https:\/\/belojardim.pe.leg.br\/portal\/wp-json\/wp\/v2\/pages\/12334\/revisions\/15009"}],"wp:attachment":[{"href":"https:\/\/belojardim.pe.leg.br\/portal\/wp-json\/wp\/v2\/media?parent=12334"}],"curies":[{"name":"wp","href":"https:\/\/api.w.org\/{rel}","templated":true}]}}