{"id":12331,"date":"2023-06-06T12:19:41","date_gmt":"2023-06-06T15:19:41","guid":{"rendered":"https:\/\/belojardim.pe.leg.br\/portal\/?page_id=12331"},"modified":"2023-06-06T12:19:41","modified_gmt":"2023-06-06T15:19:41","slug":"jose-marcelino-monteiro-da-silva","status":"publish","type":"page","link":"https:\/\/belojardim.pe.leg.br\/portal\/jose-marcelino-monteiro-da-silva\/","title":{"rendered":"Jos\u00e9 Marcelino Monteiro da Silva"},"content":{"rendered":"<div class=\"wp-block-image\"><img loading=\"lazy\" decoding=\"async\" class=\"alignleft size-medium wp-image-12332\" src=\"https:\/\/belojardim.pe.leg.br\/portal\/wp-content\/uploads\/2023\/06\/Jose-Marcelino-Monteiro-da-Silva-225x300.jpg\" alt=\"\" width=\"225\" height=\"300\" srcset=\"https:\/\/belojardim.pe.leg.br\/portal\/wp-content\/uploads\/2023\/06\/Jose-Marcelino-Monteiro-da-Silva-225x300.jpg 225w, https:\/\/belojardim.pe.leg.br\/portal\/wp-content\/uploads\/2023\/06\/Jose-Marcelino-Monteiro-da-Silva-768x1024.jpg 768w, https:\/\/belojardim.pe.leg.br\/portal\/wp-content\/uploads\/2023\/06\/Jose-Marcelino-Monteiro-da-Silva-1152x1536.jpg 1152w, https:\/\/belojardim.pe.leg.br\/portal\/wp-content\/uploads\/2023\/06\/Jose-Marcelino-Monteiro-da-Silva-1536x2048.jpg 1536w, https:\/\/belojardim.pe.leg.br\/portal\/wp-content\/uploads\/2023\/06\/Jose-Marcelino-Monteiro-da-Silva-1218x1624.jpg 1218w, https:\/\/belojardim.pe.leg.br\/portal\/wp-content\/uploads\/2023\/06\/Jose-Marcelino-Monteiro-da-Silva-scaled.jpg 1920w\" sizes=\"auto, (max-width: 225px) 100vw, 225px\" \/><\/div>\n<p>Natural de Belo Jardim, filho de Jos\u00e9 Joaquim da Silva (Z\u00e9 Melo) e Am\u00e1lia Monteiro da Silva (in memoriam). Casado com a Belo-jardinense Ana Ramalho, com quem tem duas filhas: Ana Tereza e Ana Luiza. Tem o 2\u00ba grau completo, com forma\u00e7\u00e3o em t\u00e9cnico agropecu\u00e1rio pelo antigo Col\u00e9gio Agr\u00edcola, hoje IFPE, trabalhou na Mafisa Av\u00edcola exercendo essa fun\u00e7\u00e3o, j\u00e1 foi Assessor Legislativo e h\u00e1 24 anos \u00e9 representante comercial no seguimento de m\u00f3veis. \u00c9 do Partido Republicanos e est\u00e1 em seu 2\u00ba mandato como Vereador, quando obteve 1014 votos.<\/p>\n","protected":false},"excerpt":{"rendered":"<p>Natural de Belo Jardim, filho de Jos\u00e9 Joaquim da Silva (Z\u00e9 Melo) e Am\u00e1lia Monteiro da Silva (in memoriam). Casado com a Belo-jardinense Ana Ramalho,&#8230;<\/p>\n","protected":false},"author":1,"featured_media":0,"parent":0,"menu_order":0,"comment_status":"closed","ping_status":"closed","template":"","meta":{"footnotes":""},"class_list":["post-12331","page","type-page","status-publish","hentry"],"yoast_head":"<!-- This site is optimized with the Yoast SEO plugin v25.1 - https:\/\/yoast.com\/wordpress\/plugins\/seo\/ -->\n<title>Jos\u00e9 Marcelino Monteiro da Silva - C\u00e2mara Municipal de Belo Jardim<\/title>\n<meta name=\"robots\" content=\"index, follow, max-snippet:-1, max-image-preview:large, max-video-preview:-1\" \/>\n<link rel=\"canonical\" href=\"https:\/\/belojardim.pe.leg.br\/portal\/jose-marcelino-monteiro-da-silva\/\" \/>\n<meta property=\"og:locale\" content=\"pt_BR\" \/>\n<meta property=\"og:type\" content=\"article\" \/>\n<meta property=\"og:title\" content=\"Jos\u00e9 Marcelino Monteiro da Silva - C\u00e2mara Municipal de Belo Jardim\" \/>\n<meta property=\"og:description\" content=\"Natural de Belo Jardim, filho de Jos\u00e9 Joaquim da Silva (Z\u00e9 Melo) e Am\u00e1lia Monteiro da Silva (in memoriam). Casado com a Belo-jardinense Ana Ramalho,...\" \/>\n<meta property=\"og:url\" content=\"https:\/\/belojardim.pe.leg.br\/portal\/jose-marcelino-monteiro-da-silva\/\" \/>\n<meta property=\"og:site_name\" content=\"C\u00e2mara Municipal de Belo Jardim\" \/>\n<meta property=\"og:image\" content=\"https:\/\/belojardim.pe.leg.br\/portal\/wp-content\/uploads\/2023\/06\/Jose-Marcelino-Monteiro-da-Silva-225x300.jpg\" \/>\n<meta name=\"twitter:card\" content=\"summary_large_image\" \/>\n<meta name=\"twitter:label1\" content=\"Est. tempo de leitura\" \/>\n\t<meta name=\"twitter:data1\" content=\"1 minuto\" \/>\n<script type=\"application\/ld+json\" class=\"yoast-schema-graph\">{\"@context\":\"https:\/\/schema.org\",\"@graph\":[{\"@type\":\"WebPage\",\"@id\":\"https:\/\/belojardim.pe.leg.br\/portal\/jose-marcelino-monteiro-da-silva\/\",\"url\":\"https:\/\/belojardim.pe.leg.br\/portal\/jose-marcelino-monteiro-da-silva\/\",\"name\":\"Jos\u00e9 Marcelino Monteiro da Silva - C\u00e2mara Municipal de Belo Jardim\",\"isPartOf\":{\"@id\":\"https:\/\/belojardim.pe.leg.br\/portal\/#website\"},\"primaryImageOfPage\":{\"@id\":\"https:\/\/belojardim.pe.leg.br\/portal\/jose-marcelino-monteiro-da-silva\/#primaryimage\"},\"image\":{\"@id\":\"https:\/\/belojardim.pe.leg.br\/portal\/jose-marcelino-monteiro-da-silva\/#primaryimage\"},\"thumbnailUrl\":\"https:\/\/belojardim.pe.leg.br\/portal\/wp-content\/uploads\/2023\/06\/Jose-Marcelino-Monteiro-da-Silva-225x300.jpg\",\"datePublished\":\"2023-06-06T15:19:41+00:00\",\"breadcrumb\":{\"@id\":\"https:\/\/belojardim.pe.leg.br\/portal\/jose-marcelino-monteiro-da-silva\/#breadcrumb\"},\"inLanguage\":\"pt-BR\",\"potentialAction\":[{\"@type\":\"ReadAction\",\"target\":[\"https:\/\/belojardim.pe.leg.br\/portal\/jose-marcelino-monteiro-da-silva\/\"]}]},{\"@type\":\"ImageObject\",\"inLanguage\":\"pt-BR\",\"@id\":\"https:\/\/belojardim.pe.leg.br\/portal\/jose-marcelino-monteiro-da-silva\/#primaryimage\",\"url\":\"https:\/\/belojardim.pe.leg.br\/portal\/wp-content\/uploads\/2023\/06\/Jose-Marcelino-Monteiro-da-Silva-scaled.jpg\",\"contentUrl\":\"https:\/\/belojardim.pe.leg.br\/portal\/wp-content\/uploads\/2023\/06\/Jose-Marcelino-Monteiro-da-Silva-scaled.jpg\",\"width\":1920,\"height\":2560},{\"@type\":\"BreadcrumbList\",\"@id\":\"https:\/\/belojardim.pe.leg.br\/portal\/jose-marcelino-monteiro-da-silva\/#breadcrumb\",\"itemListElement\":[{\"@type\":\"ListItem\",\"position\":1,\"name\":\"In\u00edcio\",\"item\":\"https:\/\/belojardim.pe.leg.br\/portal\/\"},{\"@type\":\"ListItem\",\"position\":2,\"name\":\"Jos\u00e9 Marcelino Monteiro da Silva\"}]},{\"@type\":\"WebSite\",\"@id\":\"https:\/\/belojardim.pe.leg.br\/portal\/#website\",\"url\":\"https:\/\/belojardim.pe.leg.br\/portal\/\",\"name\":\"C\u00e2mara Municipal de Belo Jardim\",\"description\":\"Casa Cust\u00f3dio Ferreira Mergulh\u00e3o\",\"publisher\":{\"@id\":\"https:\/\/belojardim.pe.leg.br\/portal\/#organization\"},\"potentialAction\":[{\"@type\":\"SearchAction\",\"target\":{\"@type\":\"EntryPoint\",\"urlTemplate\":\"https:\/\/belojardim.pe.leg.br\/portal\/?s={search_term_string}\"},\"query-input\":{\"@type\":\"PropertyValueSpecification\",\"valueRequired\":true,\"valueName\":\"search_term_string\"}}],\"inLanguage\":\"pt-BR\"},{\"@type\":\"Organization\",\"@id\":\"https:\/\/belojardim.pe.leg.br\/portal\/#organization\",\"name\":\"C\u00e2mara Municipal de Belo Jardim\",\"url\":\"https:\/\/belojardim.pe.leg.br\/portal\/\",\"logo\":{\"@type\":\"ImageObject\",\"inLanguage\":\"pt-BR\",\"@id\":\"https:\/\/belojardim.pe.leg.br\/portal\/#\/schema\/logo\/image\/\",\"url\":\"https:\/\/belojardim.pe.leg.br\/portal\/wp-content\/uploads\/2025\/02\/brasao_novo_camara.png\",\"contentUrl\":\"https:\/\/belojardim.pe.leg.br\/portal\/wp-content\/uploads\/2025\/02\/brasao_novo_camara.png\",\"width\":7239,\"height\":1735,\"caption\":\"C\u00e2mara Municipal de Belo Jardim\"},\"image\":{\"@id\":\"https:\/\/belojardim.pe.leg.br\/portal\/#\/schema\/logo\/image\/\"}}]}<\/script>\n<!-- \/ Yoast SEO plugin. -->","yoast_head_json":{"title":"Jos\u00e9 Marcelino Monteiro da Silva - C\u00e2mara Municipal de Belo Jardim","robots":{"index":"index","follow":"follow","max-snippet":"max-snippet:-1","max-image-preview":"max-image-preview:large","max-video-preview":"max-video-preview:-1"},"canonical":"https:\/\/belojardim.pe.leg.br\/portal\/jose-marcelino-monteiro-da-silva\/","og_locale":"pt_BR","og_type":"article","og_title":"Jos\u00e9 Marcelino Monteiro da Silva - C\u00e2mara Municipal de Belo Jardim","og_description":"Natural de Belo Jardim, filho de Jos\u00e9 Joaquim da Silva (Z\u00e9 Melo) e Am\u00e1lia Monteiro da Silva (in memoriam). Casado com a Belo-jardinense Ana Ramalho,...","og_url":"https:\/\/belojardim.pe.leg.br\/portal\/jose-marcelino-monteiro-da-silva\/","og_site_name":"C\u00e2mara Municipal de Belo Jardim","og_image":[{"url":"https:\/\/belojardim.pe.leg.br\/portal\/wp-content\/uploads\/2023\/06\/Jose-Marcelino-Monteiro-da-Silva-225x300.jpg","type":"","width":"","height":""}],"twitter_card":"summary_large_image","twitter_misc":{"Est. tempo de leitura":"1 minuto"},"schema":{"@context":"https:\/\/schema.org","@graph":[{"@type":"WebPage","@id":"https:\/\/belojardim.pe.leg.br\/portal\/jose-marcelino-monteiro-da-silva\/","url":"https:\/\/belojardim.pe.leg.br\/portal\/jose-marcelino-monteiro-da-silva\/","name":"Jos\u00e9 Marcelino Monteiro da Silva - C\u00e2mara Municipal de Belo Jardim","isPartOf":{"@id":"https:\/\/belojardim.pe.leg.br\/portal\/#website"},"primaryImageOfPage":{"@id":"https:\/\/belojardim.pe.leg.br\/portal\/jose-marcelino-monteiro-da-silva\/#primaryimage"},"image":{"@id":"https:\/\/belojardim.pe.leg.br\/portal\/jose-marcelino-monteiro-da-silva\/#primaryimage"},"thumbnailUrl":"https:\/\/belojardim.pe.leg.br\/portal\/wp-content\/uploads\/2023\/06\/Jose-Marcelino-Monteiro-da-Silva-225x300.jpg","datePublished":"2023-06-06T15:19:41+00:00","breadcrumb":{"@id":"https:\/\/belojardim.pe.leg.br\/portal\/jose-marcelino-monteiro-da-silva\/#breadcrumb"},"inLanguage":"pt-BR","potentialAction":[{"@type":"ReadAction","target":["https:\/\/belojardim.pe.leg.br\/portal\/jose-marcelino-monteiro-da-silva\/"]}]},{"@type":"ImageObject","inLanguage":"pt-BR","@id":"https:\/\/belojardim.pe.leg.br\/portal\/jose-marcelino-monteiro-da-silva\/#primaryimage","url":"https:\/\/belojardim.pe.leg.br\/portal\/wp-content\/uploads\/2023\/06\/Jose-Marcelino-Monteiro-da-Silva-scaled.jpg","contentUrl":"https:\/\/belojardim.pe.leg.br\/portal\/wp-content\/uploads\/2023\/06\/Jose-Marcelino-Monteiro-da-Silva-scaled.jpg","width":1920,"height":2560},{"@type":"BreadcrumbList","@id":"https:\/\/belojardim.pe.leg.br\/portal\/jose-marcelino-monteiro-da-silva\/#breadcrumb","itemListElement":[{"@type":"ListItem","position":1,"name":"In\u00edcio","item":"https:\/\/belojardim.pe.leg.br\/portal\/"},{"@type":"ListItem","position":2,"name":"Jos\u00e9 Marcelino Monteiro da Silva"}]},{"@type":"WebSite","@id":"https:\/\/belojardim.pe.leg.br\/portal\/#website","url":"https:\/\/belojardim.pe.leg.br\/portal\/","name":"C\u00e2mara Municipal de Belo Jardim","description":"Casa Cust\u00f3dio Ferreira Mergulh\u00e3o","publisher":{"@id":"https:\/\/belojardim.pe.leg.br\/portal\/#organization"},"potentialAction":[{"@type":"SearchAction","target":{"@type":"EntryPoint","urlTemplate":"https:\/\/belojardim.pe.leg.br\/portal\/?s={search_term_string}"},"query-input":{"@type":"PropertyValueSpecification","valueRequired":true,"valueName":"search_term_string"}}],"inLanguage":"pt-BR"},{"@type":"Organization","@id":"https:\/\/belojardim.pe.leg.br\/portal\/#organization","name":"C\u00e2mara Municipal de Belo Jardim","url":"https:\/\/belojardim.pe.leg.br\/portal\/","logo":{"@type":"ImageObject","inLanguage":"pt-BR","@id":"https:\/\/belojardim.pe.leg.br\/portal\/#\/schema\/logo\/image\/","url":"https:\/\/belojardim.pe.leg.br\/portal\/wp-content\/uploads\/2025\/02\/brasao_novo_camara.png","contentUrl":"https:\/\/belojardim.pe.leg.br\/portal\/wp-content\/uploads\/2025\/02\/brasao_novo_camara.png","width":7239,"height":1735,"caption":"C\u00e2mara Municipal de Belo Jardim"},"image":{"@id":"https:\/\/belojardim.pe.leg.br\/portal\/#\/schema\/logo\/image\/"}}]}},"_links":{"self":[{"href":"https:\/\/belojardim.pe.leg.br\/portal\/wp-json\/wp\/v2\/pages\/12331","targetHints":{"allow":["GET"]}}],"collection":[{"href":"https:\/\/belojardim.pe.leg.br\/portal\/wp-json\/wp\/v2\/pages"}],"about":[{"href":"https:\/\/belojardim.pe.leg.br\/portal\/wp-json\/wp\/v2\/types\/page"}],"author":[{"embeddable":true,"href":"https:\/\/belojardim.pe.leg.br\/portal\/wp-json\/wp\/v2\/users\/1"}],"replies":[{"embeddable":true,"href":"https:\/\/belojardim.pe.leg.br\/portal\/wp-json\/wp\/v2\/comments?post=12331"}],"version-history":[{"count":1,"href":"https:\/\/belojardim.pe.leg.br\/portal\/wp-json\/wp\/v2\/pages\/12331\/revisions"}],"predecessor-version":[{"id":12333,"href":"https:\/\/belojardim.pe.leg.br\/portal\/wp-json\/wp\/v2\/pages\/12331\/revisions\/12333"}],"wp:attachment":[{"href":"https:\/\/belojardim.pe.leg.br\/portal\/wp-json\/wp\/v2\/media?parent=12331"}],"curies":[{"name":"wp","href":"https:\/\/api.w.org\/{rel}","templated":true}]}}