{"id":12322,"date":"2023-06-06T12:16:07","date_gmt":"2023-06-06T15:16:07","guid":{"rendered":"https:\/\/belojardim.pe.leg.br\/portal\/?page_id=12322"},"modified":"2025-03-20T09:53:20","modified_gmt":"2025-03-20T12:53:20","slug":"jose-anselmo-da-silva","status":"publish","type":"page","link":"https:\/\/belojardim.pe.leg.br\/portal\/jose-anselmo-da-silva\/","title":{"rendered":"Jos\u00e9 Anselmo da Silva"},"content":{"rendered":"<div class=\"wp-block-image\"><img loading=\"lazy\" decoding=\"async\" class=\"alignleft size-medium wp-image-12323\" src=\"https:\/\/belojardim.pe.leg.br\/portal\/wp-content\/uploads\/2023\/06\/Jose-Anselmo-da-Silva-225x300.jpg\" alt=\"\" width=\"225\" height=\"300\" srcset=\"https:\/\/belojardim.pe.leg.br\/portal\/wp-content\/uploads\/2023\/06\/Jose-Anselmo-da-Silva-225x300.jpg 225w, https:\/\/belojardim.pe.leg.br\/portal\/wp-content\/uploads\/2023\/06\/Jose-Anselmo-da-Silva-768x1024.jpg 768w, https:\/\/belojardim.pe.leg.br\/portal\/wp-content\/uploads\/2023\/06\/Jose-Anselmo-da-Silva-1152x1536.jpg 1152w, https:\/\/belojardim.pe.leg.br\/portal\/wp-content\/uploads\/2023\/06\/Jose-Anselmo-da-Silva-1536x2048.jpg 1536w, https:\/\/belojardim.pe.leg.br\/portal\/wp-content\/uploads\/2023\/06\/Jose-Anselmo-da-Silva-1218x1624.jpg 1218w, https:\/\/belojardim.pe.leg.br\/portal\/wp-content\/uploads\/2023\/06\/Jose-Anselmo-da-Silva-scaled.jpg 1920w\" sizes=\"auto, (max-width: 225px) 100vw, 225px\" \/><\/div>\n<p>Mais conhecido como Tenente, natural de Belo Jardim, filho de Maria Batista da Silva e Ant\u00f4nio C\u00e2ndido da Silva (ambos in memoriam), solteiro, \u00e9 pai de Pedro Ant\u00f4nio de Souza Silva, Formado em Biologia pela AEB \u2013 Autarquia Educacional do Belo Jardim. Desde 1993 \u00e9 funcion\u00e1rio efetivo da PMBJ \u2013 Prefeitura Municipal de Belo Jardim, na fun\u00e7\u00e3o de agente administrativo. J\u00e1 foi comerciante, Diretor Municipal de Esportes na gest\u00e3o do ent\u00e3o Prefeito Valdeci Torres e Secret\u00e1rio Municipal de Governo e Articula\u00e7\u00e3o Pol\u00edtica na gest\u00e3o do ent\u00e3o Prefeito Cec\u00edlio Galv\u00e3o, foi coordenador do DETRAN-BJ, durante quatro anos no per\u00edodo de 2007 \u00e0 2011, assumiu a Presid\u00eancia desta Casa Legislativa durante o per\u00edodo interino, est\u00e1 em seu 5\u00ba mandato como Vereador.<\/p>\n<p>Foi eleito com 1.215 votos pelo Republicanos<\/p>\n","protected":false},"excerpt":{"rendered":"<p>Mais conhecido como Tenente, natural de Belo Jardim, filho de Maria Batista da Silva e Ant\u00f4nio C\u00e2ndido da Silva (ambos in memoriam), solteiro, \u00e9 pai&#8230;<\/p>\n","protected":false},"author":1,"featured_media":0,"parent":0,"menu_order":0,"comment_status":"closed","ping_status":"closed","template":"","meta":{"footnotes":""},"class_list":["post-12322","page","type-page","status-publish","hentry"],"yoast_head":"<!-- This site is optimized with the Yoast SEO plugin v25.1 - https:\/\/yoast.com\/wordpress\/plugins\/seo\/ -->\n<title>Jos\u00e9 Anselmo da Silva - C\u00e2mara Municipal de Belo Jardim<\/title>\n<meta name=\"robots\" content=\"index, follow, max-snippet:-1, max-image-preview:large, max-video-preview:-1\" \/>\n<link rel=\"canonical\" href=\"https:\/\/belojardim.pe.leg.br\/portal\/jose-anselmo-da-silva\/\" \/>\n<meta property=\"og:locale\" content=\"pt_BR\" \/>\n<meta property=\"og:type\" content=\"article\" \/>\n<meta property=\"og:title\" content=\"Jos\u00e9 Anselmo da Silva - C\u00e2mara Municipal de Belo Jardim\" \/>\n<meta property=\"og:description\" content=\"Mais conhecido como Tenente, natural de Belo Jardim, filho de Maria Batista da Silva e Ant\u00f4nio C\u00e2ndido da Silva (ambos in memoriam), solteiro, \u00e9 pai...\" \/>\n<meta property=\"og:url\" content=\"https:\/\/belojardim.pe.leg.br\/portal\/jose-anselmo-da-silva\/\" \/>\n<meta property=\"og:site_name\" content=\"C\u00e2mara Municipal de Belo Jardim\" \/>\n<meta property=\"article:modified_time\" content=\"2025-03-20T12:53:20+00:00\" \/>\n<meta property=\"og:image\" content=\"https:\/\/belojardim.pe.leg.br\/portal\/wp-content\/uploads\/2023\/06\/Jose-Anselmo-da-Silva-scaled.jpg\" \/>\n\t<meta property=\"og:image:width\" content=\"1920\" \/>\n\t<meta property=\"og:image:height\" content=\"2560\" \/>\n\t<meta property=\"og:image:type\" content=\"image\/jpeg\" \/>\n<meta name=\"twitter:card\" content=\"summary_large_image\" \/>\n<meta name=\"twitter:label1\" content=\"Est. tempo de leitura\" \/>\n\t<meta name=\"twitter:data1\" content=\"1 minuto\" \/>\n<script type=\"application\/ld+json\" class=\"yoast-schema-graph\">{\"@context\":\"https:\/\/schema.org\",\"@graph\":[{\"@type\":\"WebPage\",\"@id\":\"https:\/\/belojardim.pe.leg.br\/portal\/jose-anselmo-da-silva\/\",\"url\":\"https:\/\/belojardim.pe.leg.br\/portal\/jose-anselmo-da-silva\/\",\"name\":\"Jos\u00e9 Anselmo da Silva - C\u00e2mara Municipal de Belo Jardim\",\"isPartOf\":{\"@id\":\"https:\/\/belojardim.pe.leg.br\/portal\/#website\"},\"primaryImageOfPage\":{\"@id\":\"https:\/\/belojardim.pe.leg.br\/portal\/jose-anselmo-da-silva\/#primaryimage\"},\"image\":{\"@id\":\"https:\/\/belojardim.pe.leg.br\/portal\/jose-anselmo-da-silva\/#primaryimage\"},\"thumbnailUrl\":\"https:\/\/belojardim.pe.leg.br\/portal\/wp-content\/uploads\/2023\/06\/Jose-Anselmo-da-Silva-225x300.jpg\",\"datePublished\":\"2023-06-06T15:16:07+00:00\",\"dateModified\":\"2025-03-20T12:53:20+00:00\",\"breadcrumb\":{\"@id\":\"https:\/\/belojardim.pe.leg.br\/portal\/jose-anselmo-da-silva\/#breadcrumb\"},\"inLanguage\":\"pt-BR\",\"potentialAction\":[{\"@type\":\"ReadAction\",\"target\":[\"https:\/\/belojardim.pe.leg.br\/portal\/jose-anselmo-da-silva\/\"]}]},{\"@type\":\"ImageObject\",\"inLanguage\":\"pt-BR\",\"@id\":\"https:\/\/belojardim.pe.leg.br\/portal\/jose-anselmo-da-silva\/#primaryimage\",\"url\":\"https:\/\/belojardim.pe.leg.br\/portal\/wp-content\/uploads\/2023\/06\/Jose-Anselmo-da-Silva-scaled.jpg\",\"contentUrl\":\"https:\/\/belojardim.pe.leg.br\/portal\/wp-content\/uploads\/2023\/06\/Jose-Anselmo-da-Silva-scaled.jpg\",\"width\":1920,\"height\":2560},{\"@type\":\"BreadcrumbList\",\"@id\":\"https:\/\/belojardim.pe.leg.br\/portal\/jose-anselmo-da-silva\/#breadcrumb\",\"itemListElement\":[{\"@type\":\"ListItem\",\"position\":1,\"name\":\"In\u00edcio\",\"item\":\"https:\/\/belojardim.pe.leg.br\/portal\/\"},{\"@type\":\"ListItem\",\"position\":2,\"name\":\"Jos\u00e9 Anselmo da Silva\"}]},{\"@type\":\"WebSite\",\"@id\":\"https:\/\/belojardim.pe.leg.br\/portal\/#website\",\"url\":\"https:\/\/belojardim.pe.leg.br\/portal\/\",\"name\":\"C\u00e2mara Municipal de Belo Jardim\",\"description\":\"Casa Cust\u00f3dio Ferreira Mergulh\u00e3o\",\"publisher\":{\"@id\":\"https:\/\/belojardim.pe.leg.br\/portal\/#organization\"},\"potentialAction\":[{\"@type\":\"SearchAction\",\"target\":{\"@type\":\"EntryPoint\",\"urlTemplate\":\"https:\/\/belojardim.pe.leg.br\/portal\/?s={search_term_string}\"},\"query-input\":{\"@type\":\"PropertyValueSpecification\",\"valueRequired\":true,\"valueName\":\"search_term_string\"}}],\"inLanguage\":\"pt-BR\"},{\"@type\":\"Organization\",\"@id\":\"https:\/\/belojardim.pe.leg.br\/portal\/#organization\",\"name\":\"C\u00e2mara Municipal de Belo Jardim\",\"url\":\"https:\/\/belojardim.pe.leg.br\/portal\/\",\"logo\":{\"@type\":\"ImageObject\",\"inLanguage\":\"pt-BR\",\"@id\":\"https:\/\/belojardim.pe.leg.br\/portal\/#\/schema\/logo\/image\/\",\"url\":\"https:\/\/belojardim.pe.leg.br\/portal\/wp-content\/uploads\/2025\/02\/brasao_novo_camara.png\",\"contentUrl\":\"https:\/\/belojardim.pe.leg.br\/portal\/wp-content\/uploads\/2025\/02\/brasao_novo_camara.png\",\"width\":7239,\"height\":1735,\"caption\":\"C\u00e2mara Municipal de Belo Jardim\"},\"image\":{\"@id\":\"https:\/\/belojardim.pe.leg.br\/portal\/#\/schema\/logo\/image\/\"}}]}<\/script>\n<!-- \/ Yoast SEO plugin. -->","yoast_head_json":{"title":"Jos\u00e9 Anselmo da Silva - C\u00e2mara Municipal de Belo Jardim","robots":{"index":"index","follow":"follow","max-snippet":"max-snippet:-1","max-image-preview":"max-image-preview:large","max-video-preview":"max-video-preview:-1"},"canonical":"https:\/\/belojardim.pe.leg.br\/portal\/jose-anselmo-da-silva\/","og_locale":"pt_BR","og_type":"article","og_title":"Jos\u00e9 Anselmo da Silva - C\u00e2mara Municipal de Belo Jardim","og_description":"Mais conhecido como Tenente, natural de Belo Jardim, filho de Maria Batista da Silva e Ant\u00f4nio C\u00e2ndido da Silva (ambos in memoriam), solteiro, \u00e9 pai...","og_url":"https:\/\/belojardim.pe.leg.br\/portal\/jose-anselmo-da-silva\/","og_site_name":"C\u00e2mara Municipal de Belo Jardim","article_modified_time":"2025-03-20T12:53:20+00:00","og_image":[{"width":1920,"height":2560,"url":"https:\/\/belojardim.pe.leg.br\/portal\/wp-content\/uploads\/2023\/06\/Jose-Anselmo-da-Silva-scaled.jpg","type":"image\/jpeg"}],"twitter_card":"summary_large_image","twitter_misc":{"Est. tempo de leitura":"1 minuto"},"schema":{"@context":"https:\/\/schema.org","@graph":[{"@type":"WebPage","@id":"https:\/\/belojardim.pe.leg.br\/portal\/jose-anselmo-da-silva\/","url":"https:\/\/belojardim.pe.leg.br\/portal\/jose-anselmo-da-silva\/","name":"Jos\u00e9 Anselmo da Silva - C\u00e2mara Municipal de Belo Jardim","isPartOf":{"@id":"https:\/\/belojardim.pe.leg.br\/portal\/#website"},"primaryImageOfPage":{"@id":"https:\/\/belojardim.pe.leg.br\/portal\/jose-anselmo-da-silva\/#primaryimage"},"image":{"@id":"https:\/\/belojardim.pe.leg.br\/portal\/jose-anselmo-da-silva\/#primaryimage"},"thumbnailUrl":"https:\/\/belojardim.pe.leg.br\/portal\/wp-content\/uploads\/2023\/06\/Jose-Anselmo-da-Silva-225x300.jpg","datePublished":"2023-06-06T15:16:07+00:00","dateModified":"2025-03-20T12:53:20+00:00","breadcrumb":{"@id":"https:\/\/belojardim.pe.leg.br\/portal\/jose-anselmo-da-silva\/#breadcrumb"},"inLanguage":"pt-BR","potentialAction":[{"@type":"ReadAction","target":["https:\/\/belojardim.pe.leg.br\/portal\/jose-anselmo-da-silva\/"]}]},{"@type":"ImageObject","inLanguage":"pt-BR","@id":"https:\/\/belojardim.pe.leg.br\/portal\/jose-anselmo-da-silva\/#primaryimage","url":"https:\/\/belojardim.pe.leg.br\/portal\/wp-content\/uploads\/2023\/06\/Jose-Anselmo-da-Silva-scaled.jpg","contentUrl":"https:\/\/belojardim.pe.leg.br\/portal\/wp-content\/uploads\/2023\/06\/Jose-Anselmo-da-Silva-scaled.jpg","width":1920,"height":2560},{"@type":"BreadcrumbList","@id":"https:\/\/belojardim.pe.leg.br\/portal\/jose-anselmo-da-silva\/#breadcrumb","itemListElement":[{"@type":"ListItem","position":1,"name":"In\u00edcio","item":"https:\/\/belojardim.pe.leg.br\/portal\/"},{"@type":"ListItem","position":2,"name":"Jos\u00e9 Anselmo da Silva"}]},{"@type":"WebSite","@id":"https:\/\/belojardim.pe.leg.br\/portal\/#website","url":"https:\/\/belojardim.pe.leg.br\/portal\/","name":"C\u00e2mara Municipal de Belo Jardim","description":"Casa Cust\u00f3dio Ferreira Mergulh\u00e3o","publisher":{"@id":"https:\/\/belojardim.pe.leg.br\/portal\/#organization"},"potentialAction":[{"@type":"SearchAction","target":{"@type":"EntryPoint","urlTemplate":"https:\/\/belojardim.pe.leg.br\/portal\/?s={search_term_string}"},"query-input":{"@type":"PropertyValueSpecification","valueRequired":true,"valueName":"search_term_string"}}],"inLanguage":"pt-BR"},{"@type":"Organization","@id":"https:\/\/belojardim.pe.leg.br\/portal\/#organization","name":"C\u00e2mara Municipal de Belo Jardim","url":"https:\/\/belojardim.pe.leg.br\/portal\/","logo":{"@type":"ImageObject","inLanguage":"pt-BR","@id":"https:\/\/belojardim.pe.leg.br\/portal\/#\/schema\/logo\/image\/","url":"https:\/\/belojardim.pe.leg.br\/portal\/wp-content\/uploads\/2025\/02\/brasao_novo_camara.png","contentUrl":"https:\/\/belojardim.pe.leg.br\/portal\/wp-content\/uploads\/2025\/02\/brasao_novo_camara.png","width":7239,"height":1735,"caption":"C\u00e2mara Municipal de Belo Jardim"},"image":{"@id":"https:\/\/belojardim.pe.leg.br\/portal\/#\/schema\/logo\/image\/"}}]}},"_links":{"self":[{"href":"https:\/\/belojardim.pe.leg.br\/portal\/wp-json\/wp\/v2\/pages\/12322","targetHints":{"allow":["GET"]}}],"collection":[{"href":"https:\/\/belojardim.pe.leg.br\/portal\/wp-json\/wp\/v2\/pages"}],"about":[{"href":"https:\/\/belojardim.pe.leg.br\/portal\/wp-json\/wp\/v2\/types\/page"}],"author":[{"embeddable":true,"href":"https:\/\/belojardim.pe.leg.br\/portal\/wp-json\/wp\/v2\/users\/1"}],"replies":[{"embeddable":true,"href":"https:\/\/belojardim.pe.leg.br\/portal\/wp-json\/wp\/v2\/comments?post=12322"}],"version-history":[{"count":2,"href":"https:\/\/belojardim.pe.leg.br\/portal\/wp-json\/wp\/v2\/pages\/12322\/revisions"}],"predecessor-version":[{"id":15006,"href":"https:\/\/belojardim.pe.leg.br\/portal\/wp-json\/wp\/v2\/pages\/12322\/revisions\/15006"}],"wp:attachment":[{"href":"https:\/\/belojardim.pe.leg.br\/portal\/wp-json\/wp\/v2\/media?parent=12322"}],"curies":[{"name":"wp","href":"https:\/\/api.w.org\/{rel}","templated":true}]}}